{"id":19009,"date":"2020-03-12T12:07:59","date_gmt":"2020-03-12T10:07:59","guid":{"rendered":"https:\/\/www.ozio.eu\/?page_id=19009"},"modified":"2025-05-13T17:03:35","modified_gmt":"2025-05-13T15:03:35","slug":"a-propos","status":"publish","type":"page","link":"https:\/\/dev-ozio.inwigo.fr\/ozio\/a-propos\/","title":{"rendered":"\u00c0 propos de la marque v\u00e9lo Ozio"},"content":{"rendered":"<p>[vc_row full_width=\u00a0\u00bbstretch_row\u00a0\u00bb css=\u00a0\u00bb.vc_custom_1697212344405{padding-top: 13vw !important;padding-bottom: 11vw !important;background-image: url(https:\/\/www.ozio.eu\/wp-content\/uploads\/2023\/10\/ban-velo-copie.jpg?id=44294) !important;background-position: center !important;background-repeat: no-repeat !important;background-size: contain !important;}\u00a0\u00bb _et_uniqid=\u00a0\u00bbet_custom_uniqid_new_652967a1d65df\u00a0\u00bb][vc_column width=\u00a0\u00bb1\/2&Prime;][vc_row_inner][vc_column_inner _et_uniqid=\u00a0\u00bbet_custom_uniqid_new_612ccf3f5142f\u00a0\u00bb offset=\u00a0\u00bbvc_hidden-xs\u00a0\u00bb][vc_custom_heading text=\u00a0\u00bbOZIO, MARQUE FRANCAISE DE V\u00caTEMENTS DE V\u00c9LO\u00a0\u00bb font_container=\u00a0\u00bbtag:h1|font_size:36px|text_align:left|color:%230c0c0c|line_height:42px\u00a0\u00bb use_theme_fonts=\u00a0\u00bbyes\u00a0\u00bb css=\u00a0\u00bb.vc_custom_1697212200128{background-image: url(https:\/\/www.ozio.eu\/wp-content\/uploads\/2023\/10\/ban-velo-copie.jpg?id=44294) !important;}\u00a0\u00bb][\/vc_column_inner][\/vc_row_inner][vc_row_inner][vc_column_inner _et_uniqid=\u00a0\u00bbet_custom_uniqid_new_612ccff679043&Prime; offset=\u00a0\u00bbvc_hidden-lg vc_hidden-md vc_hidden-sm vc_col-xs-6&Prime;][vc_custom_heading text=\u00a0\u00bbOZIO, MARQUE FRANCAISE DE V\u00caTEMENTS DE V\u00c9LO\u00a0\u00bb font_container=\u00a0\u00bbtag:h1|font_size:16px|text_align:left|color:%230c0c0c|line_height:18px\u00a0\u00bb use_theme_fonts=\u00a0\u00bbyes\u00a0\u00bb][\/vc_column_inner][\/vc_row_inner][\/vc_column][vc_column width=\u00a0\u00bb1\/2&Prime;][\/vc_column][\/vc_row][vc_row][vc_column][vc_custom_heading text=\u00a0\u00bbSE SURPASSER, DANS LES MEILLEURES CONDITIONS\u00a0\u00bb font_container=\u00a0\u00bbtag:h2|font_size:28px|text_align:center|color:%230c0c0c|line_height:30px\u00a0\u00bb use_theme_fonts=\u00a0\u00bbyes\u00a0\u00bb][vc_column_text]<\/p>\n<p style=\"text-align: center;\">Les secrets d&rsquo;un bon \u00e9quipement v\u00e9lo sont sur Ozio<\/p>\n<p>[\/vc_column_text][\/vc_column][\/vc_row][vc_row full_width=\u00a0\u00bbstretch_row_content_no_spaces\u00a0\u00bb equal_height=\u00a0\u00bbyes\u00a0\u00bb fixed_background=\u00a0\u00bbleft\u00a0\u00bb css=\u00a0\u00bb.vc_custom_1533301431777{margin-top: -30px !important;}\u00a0\u00bb][vc_column width=\u00a0\u00bb1\/2&Prime; fixed_background=\u00a0\u00bbleft\u00a0\u00bb css=\u00a0\u00bb.vc_custom_1698915725234{padding-top: 300px !important;background-image: url(https:\/\/www.ozio.eu\/wp-content\/uploads\/2020\/05\/Maillot-velo-gravel-OZIO-7.jpg?id=20605) !important;background-position: center !important;background-repeat: no-repeat !important;background-size: contain !important;}\u00a0\u00bb _et_uniqid=\u00a0\u00bbet_custom_uniqid_new_6543656751738&Prime;][\/vc_column][vc_column width=\u00a0\u00bb1\/2&Prime; css=\u00a0\u00bb.vc_custom_1533300332309{padding-top: 17vw !important;padding-right: 8vw !important;padding-bottom: 17vw !important;padding-left: 9vw !important;}\u00a0\u00bb][vc_custom_heading text=\u00a0\u00bbOzio, votre coach textile\u00a0\u00bb font_container=\u00a0\u00bbtag:h2|font_size:26px|text_align:left|color:%23222222&Prime; use_theme_fonts=\u00a0\u00bbyes\u00a0\u00bb][vc_column_text]Ozio, c&rsquo;est l&rsquo;oisivet\u00e9 en italien. Notre Ozio \u00e0 nous, c&rsquo;est un temps libre qui nous est offert pour nous surpasser. C\u2019est un temps choisi pour la\u00a0<strong>progression vers le meilleur de soi<\/strong>, loin des obligations \u00e9troites du quotidien. C\u2019est pour nous un d\u00e9fi sportif, comme\u2026 une course \u00e0 v\u00e9lo.[\/vc_column_text][\/vc_column][\/vc_row][vc_row full_width=\u00a0\u00bbstretch_row_content_no_spaces\u00a0\u00bb equal_height=\u00a0\u00bbyes\u00a0\u00bb content_placement=\u00a0\u00bbmiddle\u00a0\u00bb columns_reverse=\u00a0\u00bbtrue\u00a0\u00bb _et_uniqid=\u00a0\u00bbet_custom_uniqid_new_612cbdba34351&Prime;][vc_column width=\u00a0\u00bb1\/2&Prime; css=\u00a0\u00bb.vc_custom_1533302178782{padding-top: 12vw !important;padding-right: 9vw !important;padding-bottom: 12vw !important;padding-left: 6vw !important;}\u00a0\u00bb][vc_custom_heading text=\u00a0\u00bbDe coach sportif \u00e0 coach textile\u00a0\u00bb font_container=\u00a0\u00bbtag:h2|font_size:24px|text_align:left|color:%23222222&Prime; use_theme_fonts=\u00a0\u00bbyes\u00a0\u00bb][vc_column_text css=\u00a0\u00bb.vc_custom_1630321687368{margin-bottom: 60px !important;}\u00a0\u00bb]Je suis\u00a0<strong>Christian Dauvergne<\/strong>, cr\u00e9ateur d&rsquo;Ozio et votre\u00a0<strong>coach textile<\/strong>. Textile, oui, vous avez bien lu. Ancien coach cycliste, ce qui m\u2019anime aujourd\u2019hui, c\u2019est de vous \u00e9clairer sur la sp\u00e9cificit\u00e9 des v\u00eatements ou des accessoires que nous vendons.<\/p>\n<p>Amoureux inconditionnel du cyclisme, ma passion s\u2019est transform\u00e9e en m\u00e9tier. J\u2019ai \u00e9t\u00e9\u00a0<strong>comp\u00e9titeur et entra\u00eeneur cycliste<\/strong>\u00a0en Seine Saint Denis, responsable d\u2019un v\u00e9lodrome, organisateur de comp\u00e9titions r\u00e9gionales et internationales\u2026 et en cr\u00e9ant la marque Ozio, je suis pass\u00e9 de coach sportif \u00e0 coach textile.[\/vc_column_text][\/vc_column][vc_column width=\u00a0\u00bb1\/2&Prime; fixed_background=\u00a0\u00bbright\u00a0\u00bb css=\u00a0\u00bb.vc_custom_1693391201249{padding-top: 300px !important;background-image: url(https:\/\/www.ozio.eu\/wp-content\/uploads\/2023\/08\/Galibier-08.2023-2.jpg?id=43743) !important;background-position: center !important;background-repeat: no-repeat !important;background-size: contain !important;}\u00a0\u00bb _et_uniqid=\u00a0\u00bbet_custom_uniqid_new_64ef194b187b9&Prime;][\/vc_column][\/vc_row][vc_row full_width=\u00a0\u00bbstretch_row_content_no_spaces\u00a0\u00bb equal_height=\u00a0\u00bbyes\u00a0\u00bb fixed_background=\u00a0\u00bbleft\u00a0\u00bb _et_uniqid=\u00a0\u00bbet_custom_uniqid_new_612cbdc16ecc3&Prime;][vc_column width=\u00a0\u00bb1\/2&Prime; fixed_background=\u00a0\u00bbleft\u00a0\u00bb css=\u00a0\u00bb.vc_custom_1698914996521{padding-top: 300px !important;background-image: url(https:\/\/www.ozio.eu\/wp-content\/uploads\/2020\/02\/photo_chaussettes_team-scaled.jpg?id=32045) !important;background-position: center !important;background-repeat: no-repeat !important;background-size: contain !important;}\u00a0\u00bb _et_uniqid=\u00a0\u00bbet_custom_uniqid_new_6543629cc031f\u00a0\u00bb][\/vc_column][vc_column width=\u00a0\u00bb1\/2&Prime; css=\u00a0\u00bb.vc_custom_1533301757180{padding-top: 14vw !important;padding-right: 8vw !important;padding-bottom: 14vw !important;padding-left: 9vw !important;}\u00a0\u00bb][vc_custom_heading text=\u00a0\u00bbLe sens du d\u00e9tail\u00a0\u00bb font_container=\u00a0\u00bbtag:h2|font_size:24px|text_align:left|color:%23222222&Prime; use_theme_fonts=\u00a0\u00bbyes\u00a0\u00bb][vc_column_text]Je con\u00e7ois tout au long de l&rsquo;ann\u00e9e des\u00a0<strong>maillots<\/strong>, des\u00a0<strong>cuissards<\/strong>\u00a0et des\u00a0<a href=\"https:\/\/ozio.eu\/c\/accessoires-cycliste\/\"><strong>accessoires<\/strong><\/a>. Ces derniers ont l\u2019ambition de rendre votre pratique sportive encore\u00a0<strong>plus performante et plus agr\u00e9able<\/strong>. Pour chaque produit, je prends soin de d\u00e9crire ses caract\u00e9ristiques, mais je m&rsquo;attache aussi \u00e0 vous prodiguer les conseils n\u00e9cessaires pour en\u00a0<strong>tirer le meilleur parti<\/strong>, lors de vos sorties v\u00e9lo.[\/vc_column_text][vc_single_image image=\u00a0\u00bb19083&Prime; img_size=\u00a0\u00bb160&#215;60&Prime;][\/vc_column][\/vc_row][vc_row full_width=\u00a0\u00bbstretch_row_content\u00a0\u00bb equal_height=\u00a0\u00bbyes\u00a0\u00bb content_placement=\u00a0\u00bbmiddle\u00a0\u00bb][vc_column offset=\u00a0\u00bbvc_col-lg-offset-1 vc_col-lg-5 vc_col-md-offset-1 vc_col-md-5&Prime; css=\u00a0\u00bb.vc_custom_1451923051614{padding-top: 40px !important;padding-right: 8.5% !important;padding-bottom: 40px !important;}\u00a0\u00bb][vc_custom_heading text=\u00a0\u00bbAu service de votre performance, de votre style et de votre confort\u00a0\u00bb font_container=\u00a0\u00bbtag:h3|font_size:34px|text_align:left\u00a0\u00bb use_theme_fonts=\u00a0\u00bbyes\u00a0\u00bb css=\u00a0\u00bb.vc_custom_1630319270605{margin-bottom: 1em !important;}\u00a0\u00bb][vc_row_inner][vc_column_inner width=\u00a0\u00bb1\/2&Prime; offset=\u00a0\u00bbvc_col-lg-6 vc_col-md-6&Prime;][vc_column_text]<\/p>\n<h5 style=\"text-align: left; text-transform: none;\"><span class=\"active-color\">1.<\/span> TECHNICIT\u00c9<\/h5>\n<p style=\"text-align: left;\">Je teste et approuve <strong>personnellement<\/strong> chaque produit lors de mes sorties v\u00e9lo. Je m&rsquo;assure de leur performance et du confort qu&rsquo;ils procurent.<\/p>\n<p>[\/vc_column_text][\/vc_column_inner][vc_column_inner width=\u00a0\u00bb1\/2&Prime; offset=\u00a0\u00bbvc_col-lg-6 vc_col-md-6&Prime;][vc_column_text]<\/p>\n<h5 style=\"text-align: left;\"><span class=\"active-color\">2.<\/span> PROXIMIT\u00c9<\/h5>\n<p style=\"text-align: left;\">Nos fournisseurs sont <strong>proches<\/strong>, nous fabriquons essentiellement <strong>en Italie<\/strong>. Chaque design est <strong>r\u00e9alis\u00e9 en France<\/strong>, dans nos locaux.<\/p>\n<p>[\/vc_column_text][\/vc_column_inner][\/vc_row_inner][vc_row_inner][vc_column_inner width=\u00a0\u00bb1\/2&Prime; offset=\u00a0\u00bbvc_col-lg-6 vc_col-md-6&Prime;][vc_column_text]<\/p>\n<h5 style=\"text-align: left;\"><span class=\"active-color\">3.<\/span> QUALIT\u00c9<\/h5>\n<p style=\"text-align: left;\">Je s\u00e9lectionne les meilleurs textiles du march\u00e9 ainsi que les meilleurs fonds de cuissards comme ceux des marques Elastic Interface et Dolomiti.<\/p>\n<p>[\/vc_column_text][\/vc_column_inner][vc_column_inner width=\u00a0\u00bb1\/2&Prime; offset=\u00a0\u00bbvc_col-lg-6 vc_col-md-6&Prime;][vc_column_text]<\/p>\n<h5 style=\"text-align: left;\"><span class=\"active-color\">4.<\/span> STYLE<\/h5>\n<p style=\"text-align: left;\">Ici, vous ne trouverez <strong>pas de maillots publicitaires<\/strong>. Les lignes sont pures, le graphisme sobre, les couleurs \u00e9l\u00e9gantes.<\/p>\n<p>[\/vc_column_text][\/vc_column_inner][\/vc_row_inner][\/vc_column][vc_column css=\u00a0\u00bb.vc_custom_1630320057748{padding-bottom: 35px !important;background-image: url(https:\/\/ozio.eu\/wp-content\/uploads\/2021\/07\/Maillot-velo-ete-OZIO-2-scaled.jpg?id=30732) !important;background-position: center !important;background-repeat: no-repeat !important;background-size: cover !important;}\u00a0\u00bb offset=\u00a0\u00bbvc_col-lg-6 vc_col-md-6&Prime; _et_uniqid=\u00a0\u00bbet_custom_uniqid_new_612cb5b0830d9&Prime;][vc_row_inner css=\u00a0\u00bb.vc_custom_1630322182184{margin-right: 2em !important;margin-left: 2em !important;padding-right: 2em !important;padding-left: 2em !important;background-color: rgba(255,255,255,0.5) !important;*background-color: rgb(255,255,255) !important;}\u00a0\u00bb _et_uniqid=\u00a0\u00bbet_custom_uniqid_new_612cbe0396c17&Prime;][vc_column_inner _et_uniqid=\u00a0\u00bbet_custom_uniqid_new_612cb47168dce\u00a0\u00bb][vc_custom_heading text=\u00a0\u00bbDes cr\u00e9ations joyeuses, de la technique s\u00e9rieuse\u00a0\u00bb font_container=\u00a0\u00bbtag:h3|font_size:34px|text_align:left\u00a0\u00bb use_theme_fonts=\u00a0\u00bbyes\u00a0\u00bb css=\u00a0\u00bb.vc_custom_1630327263094{margin-bottom: 1em !important;}\u00a0\u00bb][vc_column_text]Je connais toutes les exigences de ce beau sport et je sais combien le confort et la conception intelligente d\u2019une tenue sont pr\u00e9cieux pour celui ou celle qui passe de nombreuses heures sur son v\u00e9lo. Tout au long de ma carri\u00e8re, j\u2019ai d\u2019ailleurs aim\u00e9 observer le rapport des cyclistes \u00e0 leurs v\u00eatements, relever leurs besoins et leurs envies. Pourquoi mettre autant d\u2019\u00e9criture sur un maillot ? Et une poche \u00e0 cet endroit, est-ce logique et confortable ?<\/p>\n<p>J\u2019aime passer du temps sur la conception de chaque produit. V\u00e9rifier sa praticit\u00e9, m\u2019assurer de son style, tester sa dur\u00e9e. Chaque produit que nous vendons allie l\u2019utile \u00e0 l\u2019agr\u00e9able, la technique \u00e0 l\u2019esth\u00e9tique et au confort.[\/vc_column_text][\/vc_column_inner][\/vc_row_inner][\/vc_column][\/vc_row]<\/p>\n","protected":false},"excerpt":{"rendered":"<p>[vc_row full_width=\u00a0\u00bbstretch_row\u00a0\u00bb css=\u00a0\u00bb.vc_custom_1697212344405{padding-top: 13vw !important;padding-bottom: 11vw !important;background-image: url(https:\/\/www.ozio.eu\/wp-content\/uploads\/2023\/10\/ban-velo-copie.jpg?id=44294) !important;background-position: center !important;background-repeat: no-repeat !important;background-size: contain !important;}\u00a0\u00bb _et_uniqid=\u00a0\u00bbet_custom_uniqid_new_652967a1d65df\u00a0\u00bb][vc_column width=\u00a0\u00bb1\/2&Prime;][vc_row_inner][vc_column_inner _et_uniqid=\u00a0\u00bbet_custom_uniqid_new_612ccf3f5142f\u00a0\u00bb offset=\u00a0\u00bbvc_hidden-xs\u00a0\u00bb][vc_custom_heading text=\u00a0\u00bbOZIO, MARQUE FRANCAISE DE V\u00caTEMENTS DE&#8230;<\/p>\n","protected":false},"author":1535,"featured_media":0,"parent":0,"menu_order":0,"comment_status":"closed","ping_status":"closed","template":"","meta":{"_acf_changed":false,"footnotes":""},"class_list":["post-19009","page","type-page","status-publish","hentry"],"acf":[],"_links":{"self":[{"href":"https:\/\/dev-ozio.inwigo.fr\/ozio\/wp-json\/wp\/v2\/pages\/19009","targetHints":{"allow":["GET"]}}],"collection":[{"href":"https:\/\/dev-ozio.inwigo.fr\/ozio\/wp-json\/wp\/v2\/pages"}],"about":[{"href":"https:\/\/dev-ozio.inwigo.fr\/ozio\/wp-json\/wp\/v2\/types\/page"}],"author":[{"embeddable":true,"href":"https:\/\/dev-ozio.inwigo.fr\/ozio\/wp-json\/wp\/v2\/users\/1535"}],"replies":[{"embeddable":true,"href":"https:\/\/dev-ozio.inwigo.fr\/ozio\/wp-json\/wp\/v2\/comments?post=19009"}],"version-history":[{"count":33,"href":"https:\/\/dev-ozio.inwigo.fr\/ozio\/wp-json\/wp\/v2\/pages\/19009\/revisions"}],"predecessor-version":[{"id":49141,"href":"https:\/\/dev-ozio.inwigo.fr\/ozio\/wp-json\/wp\/v2\/pages\/19009\/revisions\/49141"}],"wp:attachment":[{"href":"https:\/\/dev-ozio.inwigo.fr\/ozio\/wp-json\/wp\/v2\/media?parent=19009"}],"curies":[{"name":"wp","href":"https:\/\/api.w.org\/{rel}","templated":true}]}}