{"id":2293,"date":"2016-02-26T16:36:09","date_gmt":"2016-02-26T14:36:09","guid":{"rendered":"https:\/\/www.ozio.eu\/?page_id=2293"},"modified":"2023-12-13T11:33:18","modified_gmt":"2023-12-13T10:33:18","slug":"livraison","status":"publish","type":"page","link":"https:\/\/dev-ozio.inwigo.fr\/ozio\/livraison\/","title":{"rendered":"Livraison"},"content":{"rendered":"<p>[vc_row css=\u00a0\u00bb.vc_custom_1630413106754{margin-bottom: 2em !important;}\u00a0\u00bb _et_uniqid=\u00a0\u00bbet_custom_uniqid_new_612e212f6a24a\u00a0\u00bb][vc_column]\n\t\t<div class=\" title-754 title \">\n\t\t\t<h1 style=\"text-align: center\" class=\"vc_custom_heading banner-title\" >Livraison<\/h1><h2 style=\"color: #ff8b4d;text-align: center\" class=\"vc_custom_heading banner-subtitle\" >Nous livrons dans le monde entier !<\/h2>\n\t\t<\/div>\n\n\t\t[\/vc_column][\/vc_row][vc_row equal_height=\u00a0\u00bbyes\u00a0\u00bb content_placement=\u00a0\u00bbmiddle\u00a0\u00bb _et_uniqid=\u00a0\u00bbet_custom_uniqid_new_612e210c37be6&Prime;][vc_column width=\u00a0\u00bb2\/3&Prime;][vc_column_text css=\u00a0\u00bb.vc_custom_1630413153602{margin-top: 2em !important;}\u00a0\u00bb]OZIO s&rsquo;efforce d&rsquo;exp\u00e9dier votre commande le jour m\u00eame, si celle-ci est pass\u00e9e avant 12 heures (sauf week-end et jours f\u00e9ri\u00e9s). Cependant un d\u00e9lai maximum de 2 jours ouvr\u00e9s pourra quelque fois \u00eatre n\u00e9cessaire.<br \/>\nLes produits seront livr\u00e9s \u00e0 l&rsquo;adresse indiqu\u00e9e au moment de votre commande.<\/p>\n<p>Plusieurs modes de livraison vous sont propos\u00e9s :<\/p>\n<p><strong>Pour une livraison en France m\u00e9tropolitaine<\/strong><br \/>\n&#8211; Colissimo Point Retrait (J+2 \u00e0 J+4)<br \/>\n&#8211; Colissimo Domicile ou Travail (J+2 \u00e0 J+3)<\/p>\n<p><strong>Pour une livraison Outre-Mer<\/strong><br \/>\n&#8211; Colissimo Domicile (J+5 \u00e0 J+8)<\/p>\n<p><strong>Pour une livraison en Europe<\/strong><br \/>\n&#8211; Colissimo Domicile (J+4 \u00e0 J+7)<\/p>\n<p><strong>Pour une livraison dans le reste du Monde<\/strong><br \/>\n&#8211; Colissimo International Domicile (J+5 \u00e0 J+10)[\/vc_column_text][\/vc_column][vc_column width=\u00a0\u00bb1\/3&Prime;][vc_single_image image=\u00a0\u00bb43813&Prime; img_size=\u00a0\u00bbfull\u00a0\u00bb][\/vc_column][\/vc_row][vc_row css=\u00a0\u00bb.vc_custom_1630414665915{padding-right: 30px !important;padding-left: 30px !important;}\u00a0\u00bb _et_uniqid=\u00a0\u00bbet_custom_uniqid_new_612e273b4d251&Prime;][vc_column][vc_tta_accordion style=\u00a0\u00bbflat\u00a0\u00bb active_section=\u00a0\u00bb45&Prime; collapsible_all=\u00a0\u00bbtrue\u00a0\u00bb][vc_tta_section title=\u00a0\u00bbFrance M\u00e9tropolitaine\u00a0\u00bb tab_id=\u00a0\u00bbfrance-metropilitaine\u00a0\u00bb][vc_row_inner equal_height=\u00a0\u00bbyes\u00a0\u00bb css=\u00a0\u00bb.vc_custom_1630412071401{padding-top: 1em !important;padding-right: 1em !important;padding-bottom: 1em !important;padding-left: 1em !important;}\u00a0\u00bb _et_uniqid=\u00a0\u00bbet_custom_uniqid_new_612e1d229fd89&Prime;][vc_column_inner width=\u00a0\u00bb1\/2&Prime; _et_uniqid=\u00a0\u00bbet_custom_uniqid_new_612e0dcf47352&Prime; css=\u00a0\u00bb.vc_custom_1630408148365{padding-bottom: 0px !important;}\u00a0\u00bb][vc_column_text css=\u00a0\u00bb.vc_custom_1634561697098{margin-top: 15px !important;margin-bottom: 15px !important;border-top-width: 1px !important;border-right-width: 1px !important;border-bottom-width: 1px !important;border-left-width: 1px !important;padding-top: 15px !important;padding-right: 15px !important;padding-bottom: 15px !important;padding-left: 15px !important;border-left-color: #0c0c0c !important;border-left-style: solid !important;border-right-color: #0c0c0c !important;border-right-style: solid !important;border-top-color: #0c0c0c !important;border-top-style: solid !important;border-bottom-color: #0c0c0c !important;border-bottom-style: solid !important;}\u00a0\u00bb]<\/p>\n<p style=\"text-align: center;\">COLISSIMO POINT RETRAIT : 4 \u20ac<\/p>\n<p style=\"text-align: center;\"><strong>Offert \u00e0 partir de 29 \u20ac d&rsquo;achat<\/strong><\/p>\n<p style=\"text-align: center;\">J+2 \u00e0 J+4<\/p>\n<p>[\/vc_column_text][\/vc_column_inner][vc_column_inner width=\u00a0\u00bb1\/2&Prime;][vc_column_text css=\u00a0\u00bb.vc_custom_1630586673829{margin-top: 15px !important;margin-bottom: 15px !important;border-top-width: 1px !important;border-right-width: 1px !important;border-bottom-width: 1px !important;border-left-width: 1px !important;padding-top: 15px !important;padding-right: 15px !important;padding-bottom: 15px !important;padding-left: 15px !important;border-left-color: #0c0c0c !important;border-left-style: solid !important;border-right-color: #0c0c0c !important;border-right-style: solid !important;border-top-color: #0c0c0c !important;border-top-style: solid !important;border-bottom-color: #0c0c0c !important;border-bottom-style: solid !important;}\u00a0\u00bb]<\/p>\n<p style=\"text-align: center;\">COLISSIMO DOMICILE : 7 \u20ac<\/p>\n<p style=\"text-align: center;\">J+2 \u00e0 J+3<\/p>\n<p>[\/vc_column_text][\/vc_column_inner][\/vc_row_inner][\/vc_tta_section][vc_tta_section title=\u00a0\u00bbTerritoires d&rsquo;outre-mer\u00a0\u00bb tab_id=\u00a0\u00bbterritoires-doutre-mer\u00a0\u00bb][vc_row_inner equal_height=\u00a0\u00bbyes\u00a0\u00bb css=\u00a0\u00bb.vc_custom_1630412071401{padding-top: 1em !important;padding-right: 1em !important;padding-bottom: 1em !important;padding-left: 1em !important;}\u00a0\u00bb _et_uniqid=\u00a0\u00bbet_custom_uniqid_new_612e1d229fd89&Prime;][vc_column_inner _et_uniqid=\u00a0\u00bbet_custom_uniqid_new_612e0dcf47352&Prime; css=\u00a0\u00bb.vc_custom_1630408148365{padding-bottom: 0px !important;}\u00a0\u00bb][vc_column_text css=\u00a0\u00bb.vc_custom_1630586430788{margin-top: 15px !important;margin-bottom: 15px !important;border-top-width: 1px !important;border-right-width: 1px !important;border-bottom-width: 1px !important;border-left-width: 1px !important;padding-top: 15px !important;padding-right: 15px !important;padding-bottom: 15px !important;padding-left: 15px !important;border-left-color: #0c0c0c !important;border-left-style: solid !important;border-right-color: #0c0c0c !important;border-right-style: solid !important;border-top-color: #0c0c0c !important;border-top-style: solid !important;border-bottom-color: #0c0c0c !important;border-bottom-style: solid !important;}\u00a0\u00bb]<\/p>\n<p style=\"text-align: center;\">COLISSIMO DOMICILE : 10 \u20ac<\/p>\n<p style=\"text-align: center;\"><strong>Offert \u00e0 partir de 100 \u20ac d&rsquo;achat<\/strong><\/p>\n<p style=\"text-align: center;\">J+5 \u00e0 J+8<\/p>\n<p>[\/vc_column_text][\/vc_column_inner][\/vc_row_inner][\/vc_tta_section][vc_tta_section title=\u00a0\u00bbEurope &amp; reste du monde\u00a0\u00bb tab_id=\u00a0\u00bbeurope-reste-du-monde\u00a0\u00bb][vc_row_inner equal_height=\u00a0\u00bbyes\u00a0\u00bb css=\u00a0\u00bb.vc_custom_1630412071401{padding-top: 1em !important;padding-right: 1em !important;padding-bottom: 1em !important;padding-left: 1em !important;}\u00a0\u00bb _et_uniqid=\u00a0\u00bbet_custom_uniqid_new_612e1d229fd89&Prime;][vc_column_inner _et_uniqid=\u00a0\u00bbet_custom_uniqid_new_612e0dcf47352&Prime; css=\u00a0\u00bb.vc_custom_1630408148365{padding-bottom: 0px !important;}\u00a0\u00bb][vc_column_text css=\u00a0\u00bb.vc_custom_1630414328019{margin-top: 15px !important;margin-bottom: 15px !important;border-top-width: 1px !important;border-right-width: 1px !important;border-bottom-width: 1px !important;border-left-width: 1px !important;padding-top: 15px !important;padding-right: 15px !important;padding-bottom: 15px !important;padding-left: 15px !important;border-left-color: #0c0c0c !important;border-left-style: solid !important;border-right-color: #0c0c0c !important;border-right-style: solid !important;border-top-color: #0c0c0c !important;border-top-style: solid !important;border-bottom-color: #0c0c0c !important;border-bottom-style: solid !important;}\u00a0\u00bb]<\/p>\n<p style=\"text-align: center;\">COLISSIMO DOMICILE : 10 \u20ac<\/p>\n<p style=\"text-align: center;\"><strong>Offert \u00e0 partir de 100 \u20ac d&rsquo;achat<\/strong><\/p>\n<p style=\"text-align: center;\">J+5 \u00e0 J+10<\/p>\n<p>[\/vc_column_text][\/vc_column_inner][\/vc_row_inner][\/vc_tta_section][\/vc_tta_accordion][\/vc_column][\/vc_row]<\/p>\n","protected":false},"excerpt":{"rendered":"<p>[vc_row css=\u00a0\u00bb.vc_custom_1630413106754{margin-bottom: 2em !important;}\u00a0\u00bb _et_uniqid=\u00a0\u00bbet_custom_uniqid_new_612e212f6a24a\u00a0\u00bb][vc_column][\/vc_column][\/vc_row][vc_row equal_height=\u00a0\u00bbyes\u00a0\u00bb content_placement=\u00a0\u00bbmiddle\u00a0\u00bb _et_uniqid=\u00a0\u00bbet_custom_uniqid_new_612e210c37be6&Prime;][vc_column width=\u00a0\u00bb2\/3&Prime;][vc_column_text css=\u00a0\u00bb.vc_custom_1630413153602{margin-top: 2em !important;}\u00a0\u00bb]OZIO s&rsquo;efforce d&rsquo;exp\u00e9dier votre commande le jour m\u00eame, si celle-ci est pass\u00e9e avant 12&#8230;<\/p>\n","protected":false},"author":1,"featured_media":0,"parent":0,"menu_order":0,"comment_status":"closed","ping_status":"closed","template":"","meta":{"_acf_changed":false,"footnotes":""},"class_list":["post-2293","page","type-page","status-publish","hentry"],"acf":[],"_links":{"self":[{"href":"https:\/\/dev-ozio.inwigo.fr\/ozio\/wp-json\/wp\/v2\/pages\/2293","targetHints":{"allow":["GET"]}}],"collection":[{"href":"https:\/\/dev-ozio.inwigo.fr\/ozio\/wp-json\/wp\/v2\/pages"}],"about":[{"href":"https:\/\/dev-ozio.inwigo.fr\/ozio\/wp-json\/wp\/v2\/types\/page"}],"author":[{"embeddable":true,"href":"https:\/\/dev-ozio.inwigo.fr\/ozio\/wp-json\/wp\/v2\/users\/1"}],"replies":[{"embeddable":true,"href":"https:\/\/dev-ozio.inwigo.fr\/ozio\/wp-json\/wp\/v2\/comments?post=2293"}],"version-history":[{"count":13,"href":"https:\/\/dev-ozio.inwigo.fr\/ozio\/wp-json\/wp\/v2\/pages\/2293\/revisions"}],"predecessor-version":[{"id":44765,"href":"https:\/\/dev-ozio.inwigo.fr\/ozio\/wp-json\/wp\/v2\/pages\/2293\/revisions\/44765"}],"wp:attachment":[{"href":"https:\/\/dev-ozio.inwigo.fr\/ozio\/wp-json\/wp\/v2\/media?parent=2293"}],"curies":[{"name":"wp","href":"https:\/\/api.w.org\/{rel}","templated":true}]}}