{"id":2295,"date":"2016-02-26T16:48:44","date_gmt":"2016-02-26T15:48:44","guid":{"rendered":"https:\/\/www.ozio.eu\/?page_id=2295"},"modified":"2023-06-01T11:50:51","modified_gmt":"2023-06-01T09:50:51","slug":"procedure-de-retour","status":"publish","type":"page","link":"https:\/\/dev-ozio.inwigo.fr\/ozio\/procedure-de-retour\/","title":{"rendered":"Proc\u00e9dure de retour"},"content":{"rendered":"<p>[vc_row][vc_column][vc_custom_heading text=\u00a0\u00bbProc\u00e9dure de retour\u00a0\u00bb font_container=\u00a0\u00bbtag:h1|font_size:23px|text_align:center\u00a0\u00bb use_theme_fonts=\u00a0\u00bbyes\u00a0\u00bb][vc_empty_space][vc_custom_heading text=\u00a0\u00bb14 JOURS POUR CHANGER D&rsquo;AVIS !\u00a0\u00bb font_container=\u00a0\u00bbtag:h2|font_size:32px|text_align:center|color:%23ff5a00&Prime; use_theme_fonts=\u00a0\u00bbyes\u00a0\u00bb][vc_row_inner css=\u00a0\u00bb.vc_custom_1630668870992{margin-top: 2em !important;}\u00a0\u00bb _et_uniqid=\u00a0\u00bbet_custom_uniqid_new_613208412cf54&Prime;][vc_column_inner width=\u00a0\u00bb1\/4&Prime; offset=\u00a0\u00bbvc_hidden-sm vc_hidden-xs\u00a0\u00bb _et_uniqid=\u00a0\u00bbet_custom_uniqid_new_6132084baa932&Prime;][\/vc_column_inner][vc_column_inner width=\u00a0\u00bb1\/2&Prime;][vc_column_text]<strong>Si l&rsquo;article re\u00e7u ne vous convient pas ou si vous souhaitez changer de taille ou de couleur, vous disposez de 14 jours \u00e0 compter de la date de r\u00e9ception de votre colis pour nous retourner votre produit.<\/strong><\/p>\n<p>Tout article doit \u00eatre retourn\u00e9 dans son emballage d&rsquo;origine et en parfait \u00e9tat (non port\u00e9 \u00e0 l&rsquo;entra\u00eenement, non lav\u00e9), propre \u00e0 sa re-commercialisation et selon les modalit\u00e9s de retour. Tout dommage subi par le produit peut \u00eatre de nature \u00e0 faire \u00e9chec au droit de r\u00e9tractation.[\/vc_column_text][\/vc_column_inner][vc_column_inner width=\u00a0\u00bb1\/4&Prime; offset=\u00a0\u00bbvc_hidden-sm vc_hidden-xs\u00a0\u00bb _et_uniqid=\u00a0\u00bbet_custom_uniqid_new_613208584931c\u00a0\u00bb][\/vc_column_inner][\/vc_row_inner][\/vc_column][\/vc_row][vc_row][vc_column][vc_column_text]Deux\u00a0possibilit\u00e9s s&rsquo;offrent \u00e0 vous :<br \/>\n&#8211; \u00e9change produit (par un m\u00eame produit dans une taille ou une couleur diff\u00e9rente. Si l&rsquo;article n&rsquo;est plus disponible, nous prendrons contact avec vous pour vous proposer un article similaire ou un remboursement)<br \/>\n&#8211; remboursement[\/vc_column_text][\/vc_column][\/vc_row][vc_row][vc_column width=\u00a0\u00bb1\/2&Prime; css=\u00a0\u00bb.vc_custom_1630670762007{margin-bottom: 3em !important;}\u00a0\u00bb _et_uniqid=\u00a0\u00bbet_custom_uniqid_new_61320fa5e9e55&Prime;]        <link rel=\"stylesheet\" href=\"https:\/\/dev-ozio.inwigo.fr\/ozio\/wp-content\/themes\/xstore\/css\/modules\/builders\/icon-boxes.min.css\" type=\"text\/css\" media=\"all\" \/> \t\t\n\t\t<div\n                class=\"ibox-block  box-9603 icon-top align-center flex-wrap\"\n                        >\n\t\t\t\t\t\t\t<div class=\"ibox-symbol full-width\">\n\t\t\t\t\t<i class=\"fas fa-exchange-alt\"><\/i>\t\t\t\t<\/div>\n\t\t\t\n\t\t\t<div class=\"ibox-content\">\n\t\t\t\t<h3 class=\"text-uppercase\">\u00c9change<\/h3>\n\t\t\t\t\n\t\t\t\t\t\t\t<\/div>\n\n\t\t\t\n\t\t<\/div>\n\n\t\t[vc_column_text css=\u00a0\u00bb.vc_custom_1630933008534{margin-top: 1em !important;}\u00a0\u00bb]\u00c9change produit : par un m\u00eame produit dans une taille ou une couleur diff\u00e9rente. Si l&rsquo;article n&rsquo;est plus disponible, nous prendrons contact avec vous pour vous proposer un article similaire ou un remboursement.<\/p>\n<p>Les frais de retour sont \u00e0 la charge du client. OZIO vous offre les frais de r\u00e9-exp\u00e9dition (le renvoi du colis depuis nos locaux). Dans le cas d&rsquo;un second \u00e9change, les frais de port seront enti\u00e8rement \u00e0 la charge du client.<\/p>\n<p>Merci de t\u00e9l\u00e9charger le formulaire ci-dessous, l&rsquo;imprimer (ou le r\u00e9diger \u00e0 la main) et le joindre \u00e0 votre colis de retour :[\/vc_column_text]\n\t\t<div class=\"et-fancy-button text-center et-fancy-button-1325\">\n\n\t\t\t<div class=\"button-wrap inline-block\"><a href=\"https:\/\/www.ozio.eu\/wp-content\/uploads\/2016\/04\/Ozio_Formulaire-echange.pdf\" class=\"btn flex flex-nowrap justify-content-center align-items-center big\" title=\"T\u00e9l\u00e9charger le formulaire d'\u00e9change\" target=\"_self\"><i class=\"fas fa-file-download\"><\/i> <span>T\u00e9l\u00e9charger le formulaire d'\u00e9change<\/span> <\/a><\/div>\n\t\t<\/div>\n\t\n\t\t[\/vc_column][vc_column width=\u00a0\u00bb1\/2&Prime; css=\u00a0\u00bb.vc_custom_1630670771399{margin-bottom: 3em !important;}\u00a0\u00bb _et_uniqid=\u00a0\u00bbet_custom_uniqid_new_61320faeedb4b\u00a0\u00bb]        <link rel=\"stylesheet\" href=\"https:\/\/dev-ozio.inwigo.fr\/ozio\/wp-content\/themes\/xstore\/css\/modules\/builders\/icon-boxes.min.css\" type=\"text\/css\" media=\"all\" \/> \t\t\n\t\t<div\n                class=\"ibox-block  box-4174 icon-top align-center flex-wrap\"\n                        >\n\t\t\t\t\t\t\t<div class=\"ibox-symbol full-width\">\n\t\t\t\t\t<i class=\"fas fa-comments-dollar\"><\/i>\t\t\t\t<\/div>\n\t\t\t\n\t\t\t<div class=\"ibox-content\">\n\t\t\t\t<h3 class=\"text-uppercase\">Remboursement<\/h3>\n\t\t\t\t\n\t\t\t\t\t\t\t<\/div>\n\n\t\t\t\n\t\t<\/div>\n\n\t\t[vc_column_text css=\u00a0\u00bb.vc_custom_1637842514783{margin-top: 1em !important;}\u00a0\u00bb]Dans le cadre d&rsquo;un remboursement, OZIO remboursera au Client les \u00e9ventuelles sommes d\u00e9j\u00e0 vers\u00e9es. Les remboursements des produits seront effectu\u00e9s dans un d\u00e9lai maximum de 14 jours apr\u00e8s la r\u00e9ception par OZIO desdits produits. Ils s\u2019effectueront suivant le m\u00eame mode de r\u00e8glement choisi par le client au moment de sa commande. Pr\u00e9cisions :<\/p>\n<ul>\n<li>tout paiement effectu\u00e9 par carte cadeau sera rembours\u00e9 par le biais d&rsquo;un avoir ;<\/li>\n<li>toute commande pass\u00e9e pendant les soldes ou Ozio Days sera rembours\u00e9e par le biais d&rsquo;un avoir ;<\/li>\n<li>si la commande a \u00e9t\u00e9 r\u00e9gl\u00e9e par PayPal, le remboursement sera amput\u00e9 des frais de commission de PayPal selon le taux pr\u00e9lev\u00e9 lors de l&rsquo;achat.<\/li>\n<\/ul>\n<p>Merci de t\u00e9l\u00e9charger le formulaire ci-dessous, l&rsquo;imprimer (ou le r\u00e9diger \u00e0 la main) et le joindre \u00e0 votre colis de retour :[\/vc_column_text]\n\t\t<div class=\"et-fancy-button text-center et-fancy-button-2198\">\n\n\t\t\t<div class=\"button-wrap inline-block\"><a href=\"https:\/\/www.ozio.eu\/wp-content\/uploads\/2021\/06\/Formulaire-de-retractation_ozio.pdf\" class=\"btn flex flex-nowrap justify-content-center align-items-center big\" title=\"T\u00e9l\u00e9charger le formulaire de r\u00e9tractation\" target=\"_self\"><i class=\"fas fa-file-download\"><\/i> <span>T\u00e9l\u00e9charger le formulaire de r\u00e9tractation<\/span> <\/a><\/div>\n\t\t<\/div>\n\t\n\t\t[\/vc_column][\/vc_row][vc_row][vc_column css=\u00a0\u00bb.vc_custom_1630670869108{margin-top: 1em !important;}\u00a0\u00bb _et_uniqid=\u00a0\u00bbet_custom_uniqid_new_61321010c28f2&Prime; el_class=\u00a0\u00bbtext-center\u00a0\u00bb][vc_column_text css=\u00a0\u00bb.vc_custom_1630670931837{padding-top: 2em !important;padding-bottom: 2em !important;background-color: #dbdbdb !important;}\u00a0\u00bb]Les retours s&rsquo;effectueront par Colissimo \u00e0 l&rsquo;adresse suivante :<br \/>\n<strong>PROZIO &#8211; 7, all\u00e9e de la clairi\u00e8re 91190 &#8211; Gif sur Yvette<\/strong><\/p>\n<p>Tout colis ne pr\u00e9sentant pas de formulaire de retour imprim\u00e9 (ou r\u00e9dig\u00e9 \u00e0 la main) ne sera pas trait\u00e9.<br \/>\nPour toute question, n&rsquo;h\u00e9sitez pas \u00e0 contacter le service client au 01.70.56.32.25[\/vc_column_text][\/vc_column][\/vc_row]<\/p>\n","protected":false},"excerpt":{"rendered":"<p>[vc_row][vc_column][vc_custom_heading text=\u00a0\u00bbProc\u00e9dure de retour\u00a0\u00bb font_container=\u00a0\u00bbtag:h1|font_size:23px|text_align:center\u00a0\u00bb use_theme_fonts=\u00a0\u00bbyes\u00a0\u00bb][vc_empty_space][vc_custom_heading text=\u00a0\u00bb14 JOURS POUR CHANGER D&rsquo;AVIS !\u00a0\u00bb font_container=\u00a0\u00bbtag:h2|font_size:32px|text_align:center|color:%23ff5a00&Prime; use_theme_fonts=\u00a0\u00bbyes\u00a0\u00bb][vc_row_inner css=\u00a0\u00bb.vc_custom_1630668870992{margin-top: 2em !important;}\u00a0\u00bb _et_uniqid=\u00a0\u00bbet_custom_uniqid_new_613208412cf54&Prime;][vc_column_inner width=\u00a0\u00bb1\/4&Prime; offset=\u00a0\u00bbvc_hidden-sm vc_hidden-xs\u00a0\u00bb _et_uniqid=\u00a0\u00bbet_custom_uniqid_new_6132084baa932&Prime;][\/vc_column_inner][vc_column_inner width=\u00a0\u00bb1\/2&Prime;][vc_column_text]Si l&rsquo;article re\u00e7u&#8230;<\/p>\n","protected":false},"author":1,"featured_media":0,"parent":0,"menu_order":0,"comment_status":"closed","ping_status":"closed","template":"","meta":{"_acf_changed":false,"footnotes":""},"class_list":["post-2295","page","type-page","status-publish","hentry"],"acf":[],"_links":{"self":[{"href":"https:\/\/dev-ozio.inwigo.fr\/ozio\/wp-json\/wp\/v2\/pages\/2295","targetHints":{"allow":["GET"]}}],"collection":[{"href":"https:\/\/dev-ozio.inwigo.fr\/ozio\/wp-json\/wp\/v2\/pages"}],"about":[{"href":"https:\/\/dev-ozio.inwigo.fr\/ozio\/wp-json\/wp\/v2\/types\/page"}],"author":[{"embeddable":true,"href":"https:\/\/dev-ozio.inwigo.fr\/ozio\/wp-json\/wp\/v2\/users\/1"}],"replies":[{"embeddable":true,"href":"https:\/\/dev-ozio.inwigo.fr\/ozio\/wp-json\/wp\/v2\/comments?post=2295"}],"version-history":[{"count":13,"href":"https:\/\/dev-ozio.inwigo.fr\/ozio\/wp-json\/wp\/v2\/pages\/2295\/revisions"}],"predecessor-version":[{"id":37502,"href":"https:\/\/dev-ozio.inwigo.fr\/ozio\/wp-json\/wp\/v2\/pages\/2295\/revisions\/37502"}],"wp:attachment":[{"href":"https:\/\/dev-ozio.inwigo.fr\/ozio\/wp-json\/wp\/v2\/media?parent=2295"}],"curies":[{"name":"wp","href":"https:\/\/api.w.org\/{rel}","templated":true}]}}