{"id":2902,"date":"2016-04-17T17:26:57","date_gmt":"2016-04-17T16:26:57","guid":{"rendered":"https:\/\/www.ozio.eu\/?page_id=2902"},"modified":"2023-06-01T17:52:43","modified_gmt":"2023-06-01T15:52:43","slug":"mentions-legales","status":"publish","type":"page","link":"https:\/\/dev-ozio.inwigo.fr\/ozio\/mentions-legales\/","title":{"rendered":"Mentions l\u00e9gales"},"content":{"rendered":"<p>[vc_row][vc_column][vc_custom_heading text=\u00a0\u00bbMENTIONS L\u00c9GALES\u00a0\u00bb font_container=\u00a0\u00bbtag:h1|text_align:center\u00a0\u00bb use_theme_fonts=\u00a0\u00bbyes\u00a0\u00bb][vc_separator color=\u00a0\u00bbcustom\u00a0\u00bb border_width=\u00a0\u00bb2&Prime; el_width=\u00a0\u00bb10&Prime; accent_color=\u00a0\u00bb#ff5a00&Prime;][vc_column_text]<\/p>\n<h2><strong>IDENTIT\u00c9<\/strong><\/h2>\n<p>Le site www.ozio.eu est \u00e9dit\u00e9 par la soci\u00e9t\u00e9 PROZIO, dont le si\u00e8ge social est situ\u00e9 au 7, all\u00e9e de la clairi\u00e8re 91190 \u2013 Gif sur Yvette et immatricul\u00e9e au R\u00e9pertoire des M\u00e9tiers d\u2019\u00c9vry sous le num\u00e9ro 819 174 236.<br \/>\nN\u00b0 TVA Intracommunautaire : FR 75819174236<\/p>\n<p>Directeur de la publication : Christian Dauvergne, pr\u00e9sident de la soci\u00e9t\u00e9 Prozio.<\/p>\n<h2><strong>CONTACT<\/strong><\/h2>\n<p>&#8211; Par internet : contact@ozio.eu<br \/>\n&#8211; Par t\u00e9l\u00e9phone au 01.70.56.32.25 du lundi au vendredi de 9h \u00e0 17h.<br \/>\n&#8211; Par voie postale : PROZIO 7, all\u00e9e de la clairi\u00e8re 91190 \u2013 Gif sur Yvette<\/p>\n<h2><strong>H\u00c9BERGEMENT DU SITE<\/strong><\/h2>\n<p><strong>Nuxit<\/strong><br \/>\n97-97 bis rue G\u00e9n\u00e9ral Mangin<br \/>\n38100 GRENOBLE<\/p>\n<h2><strong>PROTECTION DES DONN\u00c9ES PERSONNELLES<\/strong><\/h2>\n<p>Les informations collect\u00e9es par le biais du site\u00a0<a href=\"https:\/\/www.ozio.eu\/\">www.ozio.eu<\/a>\u00a0sont exclusivement destin\u00e9es \u00e0 son propri\u00e9taire. Aucune de ces informations ne sera donc vendue ou communiqu\u00e9e \u00e0 un tiers.<br \/>\nConform\u00e9ment aux dispositions de la loi n\u00b0 78-17 du 6 Janvier 1978 relative \u00e0\u00a0l&rsquo;informatique, aux fichiers et aux libert\u00e9s, vous disposez d&rsquo;un droit d&rsquo;acc\u00e8s, de rectification, de modification et de suppression concernant les donn\u00e9es qui vous concernent.<br \/>\nPour cela vous pouvez nous contacter via le\u00a0<em><u><a href=\"https:\/\/www.ozio.eu\/contact\/\" target=\"_blank\" rel=\"noopener\">formulaire de contact<\/a>.<\/u><\/em><\/p>\n<h2><strong>FINALIT\u00c9S DU TRAITEMENT<\/strong><\/h2>\n<p>Les donn\u00e9es collect\u00e9es automatiquement (cookies &#8230;) seront utilis\u00e9es \u00e0 des fins techniques et statistiques, dans le cadre de l&rsquo;administration du site internet.<br \/>\nEn cas d&rsquo;inscription sur le site\u00a0<a href=\"https:\/\/www.ozio.eu\/\">www.ozio.eu<\/a>, nous pourrons \u00e9galement \u00eatre amen\u00e9s \u00e0 utiliser les donn\u00e9es enregistr\u00e9es afin de vous communiquer diverses informations, notamment commerciales (newsletters, etc.). L&rsquo;envoi des courriers \u00e9lectroniques \u00e0 caract\u00e8re commercial est soumis \u00e0 la r\u00e9ception de votre consentement pr\u00e9alable.<\/p>\n<h2><strong>LOI INFORMATIQUE ET LIBERT\u00c9S<\/strong><\/h2>\n<p>Conform\u00e9ment aux dispositions de la loi Informatique et libert\u00e9s du 6 janvier 1978 modifi\u00e9e, vous disposez d&rsquo;un droit d&rsquo;acc\u00e8s, de modification, et de suppression des donn\u00e9es vous concernant en adressant un courrier \u00e0 : PROZIO 7, all\u00e9e de la clairi\u00e8re 91190 \u2013 Gif sur Yvette (joindre une copie de votre pi\u00e8ce d&rsquo;identit\u00e9). Vous pouvez \u00e9galement consulter votre ESPACE PERSONNEL sur le site\u00a0<a href=\"https:\/\/www.ozio.eu\/\">www.ozio.eu<\/a>, rubrique Mon compte.<\/p>\n<h2><strong>INFORMATION SUR LES COOKIES<\/strong><\/h2>\n<p>OZIO peut \u00eatre amen\u00e9 \u00e0 utiliser le syst\u00e8me des \u00ab\u00a0cookies\u00a0\u00bb. Le cookie permet de vous reconna\u00eetre et ainsi de recueillir des informations sur la visite du site (temps de connexion, pages visit\u00e9es&#8230;). Il vous est possible de vous opposer \u00e0 l&rsquo;enregistrement de cookies en configurant \u00e0 cet effet votre ordinateur. La sauvegarde des cookies se fait diff\u00e9remment selon le navigateur que vous utilisez.<\/p>\n<p>Pour plus d&rsquo;informations :\u00a0<a href=\"http:\/\/www.cnil.fr\/\" target=\"_blank\" rel=\"noopener\">http:\/\/www.cnil.fr<\/a><\/p>\n<h2><strong>PROPRIET\u00c9 INTELLECTUELLE<\/strong><\/h2>\n<p>Le pr\u00e9sent site est prot\u00e9g\u00e9 au titre de la propri\u00e9t\u00e9 intellectuelle, notamment droits d&rsquo;auteurs, dessins et mod\u00e8les, marques, noms de domaine, brevets, savoir-faire, logiciels ou bases de donn\u00e9es. PROZIO et\/ou ses partenaires reste(nt) propri\u00e9taire(s) de l&rsquo;ensemble de ces contenus et droits associ\u00e9s.<br \/>\nSur ces contenus, PROZIO vous accorde une licence limit\u00e9e, non-exclusive, r\u00e9vocable, sans droit de sous-licencier pour les simples acc\u00e8s, navigation et utilisation li\u00e9s au pr\u00e9sent Site. Cette licence ne vous accorde aucun autre droit, en particulier d&rsquo;exploitation commerciale de ces contenus.[\/vc_column_text][\/vc_column][\/vc_row]<\/p>\n","protected":false},"excerpt":{"rendered":"<p>[vc_row][vc_column][vc_custom_heading text=\u00a0\u00bbMENTIONS L\u00c9GALES\u00a0\u00bb font_container=\u00a0\u00bbtag:h1|text_align:center\u00a0\u00bb use_theme_fonts=\u00a0\u00bbyes\u00a0\u00bb][vc_separator color=\u00a0\u00bbcustom\u00a0\u00bb border_width=\u00a0\u00bb2&Prime; el_width=\u00a0\u00bb10&Prime; accent_color=\u00a0\u00bb#ff5a00&Prime;][vc_column_text] IDENTIT\u00c9 Le site www.ozio.eu est \u00e9dit\u00e9 par la soci\u00e9t\u00e9 PROZIO, dont le si\u00e8ge social est situ\u00e9&#8230;<\/p>\n","protected":false},"author":1,"featured_media":0,"parent":0,"menu_order":0,"comment_status":"closed","ping_status":"closed","template":"","meta":{"_acf_changed":false,"footnotes":""},"class_list":["post-2902","page","type-page","status-publish","hentry"],"acf":[],"_links":{"self":[{"href":"https:\/\/dev-ozio.inwigo.fr\/ozio\/wp-json\/wp\/v2\/pages\/2902","targetHints":{"allow":["GET"]}}],"collection":[{"href":"https:\/\/dev-ozio.inwigo.fr\/ozio\/wp-json\/wp\/v2\/pages"}],"about":[{"href":"https:\/\/dev-ozio.inwigo.fr\/ozio\/wp-json\/wp\/v2\/types\/page"}],"author":[{"embeddable":true,"href":"https:\/\/dev-ozio.inwigo.fr\/ozio\/wp-json\/wp\/v2\/users\/1"}],"replies":[{"embeddable":true,"href":"https:\/\/dev-ozio.inwigo.fr\/ozio\/wp-json\/wp\/v2\/comments?post=2902"}],"version-history":[{"count":5,"href":"https:\/\/dev-ozio.inwigo.fr\/ozio\/wp-json\/wp\/v2\/pages\/2902\/revisions"}],"predecessor-version":[{"id":34561,"href":"https:\/\/dev-ozio.inwigo.fr\/ozio\/wp-json\/wp\/v2\/pages\/2902\/revisions\/34561"}],"wp:attachment":[{"href":"https:\/\/dev-ozio.inwigo.fr\/ozio\/wp-json\/wp\/v2\/media?parent=2902"}],"curies":[{"name":"wp","href":"https:\/\/api.w.org\/{rel}","templated":true}]}}