{"id":2907,"date":"2016-04-18T08:03:56","date_gmt":"2016-04-18T07:03:56","guid":{"rendered":"https:\/\/www.ozio.eu\/?page_id=2907"},"modified":"2023-06-01T11:29:29","modified_gmt":"2023-06-01T09:29:29","slug":"paiement-securise","status":"publish","type":"page","link":"https:\/\/dev-ozio.inwigo.fr\/ozio\/paiement-securise\/","title":{"rendered":"Paiement s\u00e9curis\u00e9"},"content":{"rendered":"<p>[vc_row et_uniqid=\u00a0\u00bbet_custom_uniqid_600442e263d0f\u00a0\u00bb _et_uniqid=\u00a0\u00bbet_custom_uniqid_new_612f3b5323042&Prime; css_xs=\u00a0\u00bb.vc_custom_1611052321511{margin-top: 60px !important;}\u00a0\u00bb][vc_column et_uniqid=\u00a0\u00bbet_custom_uniqid_60055d10b7a87&Prime; el_class=\u00a0\u00bbtext-center\u00a0\u00bb _et_uniqid=\u00a0\u00bbet_custom_uniqid_new_60055d10d3053&Prime;][vc_custom_heading text=\u00a0\u00bbPAIEMENT S\u00c9CURIS\u00c9\u00a0\u00bb font_container=\u00a0\u00bbtag:h1|font_size:24px|text_align:center|color:%230c0c0c\u00a0\u00bb use_theme_fonts=\u00a0\u00bbyes\u00a0\u00bb css=\u00a0\u00bb.vc_custom_1630485290453{margin-bottom: 17px !important;}\u00a0\u00bb][vc_custom_heading text=\u00a0\u00bbVous pouvez acheter sur notre site en toute s\u00e9curit\u00e9 !\u00a0\u00bb font_container=\u00a0\u00bbtag:p|font_size:16px|text_align:center|color:%23ff5a00|line_height:26px\u00a0\u00bb use_theme_fonts=\u00a0\u00bbyes\u00a0\u00bb css=\u00a0\u00bb.vc_custom_1630487920188{margin-bottom: 30px !important;}\u00a0\u00bb][\/vc_column][\/vc_row][vc_row _et_uniqid=\u00a0\u00bbet_custom_uniqid_new_612f447b7a700&Prime;][vc_column width=\u00a0\u00bb1\/4&Prime; _et_uniqid=\u00a0\u00bbet_custom_uniqid_new_612f448e5cbc1&Prime;][vc_icon icon_fontawesome=\u00a0\u00bbfas fa-shield-alt\u00a0\u00bb color=\u00a0\u00bbcustom\u00a0\u00bb align=\u00a0\u00bbcenter\u00a0\u00bb custom_color=\u00a0\u00bb#0c0c0c\u00a0\u00bb][vc_column_text]<\/p>\n<p style=\"text-align: center;\">Chez Ozio, nous portons une attention particuli\u00e8re \u00e0 la s\u00e9curit\u00e9 des transactions. Toutes les transactions effectu\u00e9es sur notre site sont 100 % s\u00e9curis\u00e9es.<\/p>\n<p>[\/vc_column_text][\/vc_column][vc_column width=\u00a0\u00bb1\/4&Prime;][vc_icon icon_fontawesome=\u00a0\u00bbfas fa-lock\u00a0\u00bb color=\u00a0\u00bbcustom\u00a0\u00bb align=\u00a0\u00bbcenter\u00a0\u00bb custom_color=\u00a0\u00bb#0c0c0c\u00a0\u00bb][vc_column_text]<\/p>\n<p style=\"text-align: center;\">Ozio dispose d\u2019un syst\u00e8me de cryptage SSL pour prot\u00e9ger vos donn\u00e9es personnelles ainsi que les moyens de paiement utilis\u00e9s.<\/p>\n<p>[\/vc_column_text][\/vc_column][vc_column width=\u00a0\u00bb1\/4&Prime;][vc_icon icon_fontawesome=\u00a0\u00bbfas fa-handshake\u00a0\u00bb color=\u00a0\u00bbcustom\u00a0\u00bb align=\u00a0\u00bbcenter\u00a0\u00bb custom_color=\u00a0\u00bb#0c0c0c\u00a0\u00bb][vc_column_text]<\/p>\n<p style=\"text-align: center;\">Nous utilisons le syst\u00e8me de paiement s\u00e9curis\u00e9 PAYBOX de VERIFONE. OZIO et VERIFONE ont choisi de mettre en place des contr\u00f4les renforc\u00e9s de toutes les transactions avec le syst\u00e8me 3D Secure.<\/p>\n<p>[\/vc_column_text][\/vc_column][vc_column width=\u00a0\u00bb1\/4&Prime;][vc_icon icon_fontawesome=\u00a0\u00bbfas fa-user-shield\u00a0\u00bb color=\u00a0\u00bbcustom\u00a0\u00bb align=\u00a0\u00bbcenter\u00a0\u00bb custom_color=\u00a0\u00bb#0c0c0c\u00a0\u00bb][vc_column_text]<\/p>\n<p style=\"text-align: center;\">Ces contr\u00f4les compl\u00e9mentaires garantissent l&rsquo;identification du porteur de carte et vous prot\u00e8gent des fraudes.<\/p>\n<p>[\/vc_column_text][\/vc_column][\/vc_row][vc_row equal_height=\u00a0\u00bbyes\u00a0\u00bb content_placement=\u00a0\u00bbtop\u00a0\u00bb et_uniqid=\u00a0\u00bbet_custom_uniqid_60056141b1a2d\u00a0\u00bb _et_uniqid=\u00a0\u00bbet_custom_uniqid_new_612f40c463a24&Prime;][vc_column width=\u00a0\u00bb1\/2&Prime; css=\u00a0\u00bb.vc_custom_1630488359723{background-image: url(https:\/\/ozio.eu\/wp-content\/uploads\/2021\/09\/paiement-par-carte-securise.jpg?id=32290) !important;background-position: center !important;background-repeat: no-repeat !important;background-size: cover !important;}\u00a0\u00bb _et_uniqid=\u00a0\u00bbet_custom_uniqid_new_612f4720cbfd7&Prime;][vc_empty_space height=\u00a0\u00bb200px\u00a0\u00bb][\/vc_column][vc_column width=\u00a0\u00bb1\/2&Prime;][vc_custom_heading text=\u00a0\u00bbM\u00e9thodes de paiement\u00a0\u00bb font_container=\u00a0\u00bbtag:h2|font_size:42px|text_align:left|color:%23111111|line_height:52px\u00a0\u00bb use_theme_fonts=\u00a0\u00bbyes\u00a0\u00bb css=\u00a0\u00bb.vc_custom_1630485380174{margin-bottom: 30px !important;}\u00a0\u00bb][vc_custom_heading text=\u00a0\u00bbPar carte bancaire\u00a0\u00bb font_container=\u00a0\u00bbtag:h2|font_size:20px|text_align:left|color:%23111111|line_height:26px\u00a0\u00bb use_theme_fonts=\u00a0\u00bbyes\u00a0\u00bb css=\u00a0\u00bb.vc_custom_1630485697903{margin-bottom: 5px !important;}\u00a0\u00bb][vc_column_text]Pour une transaction en ligne il vous suffit de r\u00e9gler vos achats par carte bancaire. Nous acceptons l\u2019ensemble des cartes bancaires cit\u00e9es dans la liste ci-dessous :<br \/>\n&#8211; VISA \u00ae<br \/>\n&#8211; Mastercard \u00ae<br \/>\n&#8211; Carte Bleue \u00ae<br \/>\n&#8211; Maestro \u00ae<br \/>\n&#8211; MasterPass \u00ae[\/vc_column_text][vc_custom_heading text=\u00a0\u00bbPar virement bancaire\u00a0\u00bb font_container=\u00a0\u00bbtag:h2|font_size:20px|text_align:left|color:%23111111|line_height:26px\u00a0\u00bb use_theme_fonts=\u00a0\u00bbyes\u00a0\u00bb css=\u00a0\u00bb.vc_custom_1630485719138{margin-bottom: 5px !important;}\u00a0\u00bb][vc_column_text]Effectuez le paiement directement depuis votre compte bancaire. Veuillez utiliser le num\u00e9ro de votre commande comme r\u00e9f\u00e9rence du paiement. Votre commande ne sera pas exp\u00e9di\u00e9e tant que les fonds ne seront pas re\u00e7us.[\/vc_column_text][vc_custom_heading text=\u00a0\u00bbPar PayPal\u00a0\u00bb font_container=\u00a0\u00bbtag:h2|font_size:20px|text_align:left|color:%23111111|line_height:26px\u00a0\u00bb use_theme_fonts=\u00a0\u00bbyes\u00a0\u00bb css=\u00a0\u00bb.vc_custom_1630485709179{margin-bottom: 5px !important;}\u00a0\u00bb][vc_column_text]PayPal vous permet de payer votre commande simplement avec votre adresse email et votre mot de passe. Vos donn\u00e9es bancaires sont ainsi rattach\u00e9es \u00e0 votre compte PayPal, vous permettant de payer sans avoir \u00e0 saisir vos num\u00e9ros de carte bancaire sur le site marchand.<\/p>\n<p>Sachez n\u00e9anmoins que PayPal prend <strong>une commission d&rsquo;environ 3,5 %<\/strong> au vendeur sur chaque vente. En cas de demande de remboursement, il\u00a0sera amput\u00e9 des frais de commission de PayPal selon le taux pr\u00e9lev\u00e9 lors de l&rsquo;achat.[\/vc_column_text][\/vc_column][\/vc_row]<\/p>\n","protected":false},"excerpt":{"rendered":"<p>[vc_row et_uniqid=\u00a0\u00bbet_custom_uniqid_600442e263d0f\u00a0\u00bb _et_uniqid=\u00a0\u00bbet_custom_uniqid_new_612f3b5323042&Prime; css_xs=\u00a0\u00bb.vc_custom_1611052321511{margin-top: 60px !important;}\u00a0\u00bb][vc_column et_uniqid=\u00a0\u00bbet_custom_uniqid_60055d10b7a87&Prime; el_class=\u00a0\u00bbtext-center\u00a0\u00bb _et_uniqid=\u00a0\u00bbet_custom_uniqid_new_60055d10d3053&Prime;][vc_custom_heading text=\u00a0\u00bbPAIEMENT S\u00c9CURIS\u00c9\u00a0\u00bb font_container=\u00a0\u00bbtag:h1|font_size:24px|text_align:center|color:%230c0c0c\u00a0\u00bb use_theme_fonts=\u00a0\u00bbyes\u00a0\u00bb css=\u00a0\u00bb.vc_custom_1630485290453{margin-bottom: 17px !important;}\u00a0\u00bb][vc_custom_heading text=\u00a0\u00bbVous pouvez acheter sur notre site en toute s\u00e9curit\u00e9&#8230;<\/p>\n","protected":false},"author":1,"featured_media":0,"parent":0,"menu_order":0,"comment_status":"closed","ping_status":"closed","template":"","meta":{"_acf_changed":false,"footnotes":""},"class_list":["post-2907","page","type-page","status-publish","hentry"],"acf":[],"_links":{"self":[{"href":"https:\/\/dev-ozio.inwigo.fr\/ozio\/wp-json\/wp\/v2\/pages\/2907","targetHints":{"allow":["GET"]}}],"collection":[{"href":"https:\/\/dev-ozio.inwigo.fr\/ozio\/wp-json\/wp\/v2\/pages"}],"about":[{"href":"https:\/\/dev-ozio.inwigo.fr\/ozio\/wp-json\/wp\/v2\/types\/page"}],"author":[{"embeddable":true,"href":"https:\/\/dev-ozio.inwigo.fr\/ozio\/wp-json\/wp\/v2\/users\/1"}],"replies":[{"embeddable":true,"href":"https:\/\/dev-ozio.inwigo.fr\/ozio\/wp-json\/wp\/v2\/comments?post=2907"}],"version-history":[{"count":7,"href":"https:\/\/dev-ozio.inwigo.fr\/ozio\/wp-json\/wp\/v2\/pages\/2907\/revisions"}],"predecessor-version":[{"id":42127,"href":"https:\/\/dev-ozio.inwigo.fr\/ozio\/wp-json\/wp\/v2\/pages\/2907\/revisions\/42127"}],"wp:attachment":[{"href":"https:\/\/dev-ozio.inwigo.fr\/ozio\/wp-json\/wp\/v2\/media?parent=2907"}],"curies":[{"name":"wp","href":"https:\/\/api.w.org\/{rel}","templated":true}]}}