{"id":3509,"date":"2016-05-30T16:59:05","date_gmt":"2016-05-30T15:59:05","guid":{"rendered":"https:\/\/www.ozio.eu\/?page_id=3509"},"modified":"2023-06-01T12:03:15","modified_gmt":"2023-06-01T10:03:15","slug":"programme-fidelite","status":"publish","type":"page","link":"https:\/\/dev-ozio.inwigo.fr\/ozio\/programme-fidelite\/","title":{"rendered":"Programme fid\u00e9lit\u00e9"},"content":{"rendered":"<p>[vc_row css=\u00a0\u00bb.vc_custom_1630403946925{margin-bottom: 20px !important;}\u00a0\u00bb _et_uniqid=\u00a0\u00bbet_custom_uniqid_new_612dfd64cbb61&Prime;][vc_column]\n\t\t<div class=\" title-869 title \">\n\t\t\t<h1 style=\"text-align: center\" class=\"vc_custom_heading banner-title\" >Programme fid\u00e9lit\u00e9<\/h1><h2 style=\"text-align: center\" class=\"vc_custom_heading banner-subtitle\" >Chez Ozio, votre fid\u00e9lit\u00e9 est r\u00e9compens\u00e9e !<\/h2>\n\t\t<\/div>\n\n\t\t[\/vc_column][\/vc_row][vc_row full_width=\u00a0\u00bbstretch_row_content_no_spaces\u00a0\u00bb content_placement=\u00a0\u00bbmiddle\u00a0\u00bb columns_reverse=\u00a0\u00bbtrue\u00a0\u00bb css=\u00a0\u00bb.vc_custom_1579020224281{margin-bottom: -10px !important;}\u00a0\u00bb][vc_column width=\u00a0\u00bb5\/6&Prime; offset=\u00a0\u00bbvc_col-lg-offset-1 vc_col-lg-4 vc_col-md-offset-1 vc_col-md-4 vc_col-sm-offset-1&Prime; css=\u00a0\u00bb.vc_custom_1462372850114{padding-top: 30px !important;padding-right: 15px !important;padding-left: 15px !important;}\u00a0\u00bb][vc_custom_heading text=\u00a0\u00bbComment gagner des points fid\u00e9lit\u00e9s ?\u00a0\u00bb font_container=\u00a0\u00bbtag:div|font_size:24px|text_align:left|color:%23222222|line_height:35px\u00a0\u00bb use_theme_fonts=\u00a0\u00bbyes\u00a0\u00bb css=\u00a0\u00bb.vc_custom_1634824259167{margin-bottom: 0.5em !important;}\u00a0\u00bb el_class=\u00a0\u00bbuppercase\u00a0\u00bb][vc_column_text]A chaque commande (hors soldes ou offres sp\u00e9ciales), vous engrangez des points, que vous pouvez utiliser en code de r\u00e9duction d\u00e8s la commande suivante. Pour chaque euro d\u00e9pens\u00e9, 1 point vous est attribu\u00e9. 20 points correspondent \u00e0 1 \u20ac de r\u00e9duction.<\/p>\n<p>A partir du 12\/04\/2021 &#8211; Si lors de votre achat vous utilisez un code promo, le nombre de points obtenus d\u00e9pendra du montant de la remise effectu\u00e9e. Par exemple, si votre remise est de 25 %, le nombre de points obtenus correspondra \u00e0 25 % du montant. Si vous utilisez un code promo de la roue, peu importe le montant de r\u00e9duction obtenu, vous obtiendrez 15% du montant pay\u00e9.<\/p>\n<p>Vos points sont cumulables.<\/p>\n<p>Pour que les points vous soient cr\u00e9dit\u00e9s, il faut cr\u00e9er un compte client afin de pouvoir vous attribuer personnellement les points obtenus.[\/vc_column_text][\/vc_column][vc_column offset=\u00a0\u00bbvc_col-lg-offset-1 vc_col-lg-6 vc_col-md-offset-1 vc_col-md-6 vc_col-sm-offset-0&Prime; css=\u00a0\u00bb.vc_custom_1630403828437{margin-bottom: -10px !important;}\u00a0\u00bb _et_uniqid=\u00a0\u00bbet_custom_uniqid_new_612dfcf0372c1&Prime;][vc_single_image image=\u00a0\u00bb32235&Prime; img_size=\u00a0\u00bblarge\u00a0\u00bb css=\u00a0\u00bb.vc_custom_1630403794455{padding-right: 2vw !important;padding-left: 2vw !important;}\u00a0\u00bb][\/vc_column][\/vc_row][vc_row full_width=\u00a0\u00bbstretch_row_content_no_spaces\u00a0\u00bb content_placement=\u00a0\u00bbmiddle\u00a0\u00bb css=\u00a0\u00bb.vc_custom_1579020229722{margin-bottom: -10px !important;}\u00a0\u00bb][vc_column offset=\u00a0\u00bbvc_col-lg-offset-0 vc_col-lg-6 vc_col-md-offset-0 vc_col-md-6&Prime; css=\u00a0\u00bb.vc_custom_1467290487214{margin-bottom: -10px !important;padding-right: 0px !important;padding-left: 0px !important;}\u00a0\u00bb][vc_single_image image=\u00a0\u00bb32234&Prime; img_size=\u00a0\u00bbfull\u00a0\u00bb css=\u00a0\u00bb.vc_custom_1630403690819{padding-right: 2vw !important;padding-left: 2vw !important;}\u00a0\u00bb][\/vc_column][vc_column width=\u00a0\u00bb5\/6&Prime; offset=\u00a0\u00bbvc_col-lg-offset-1 vc_col-lg-4 vc_col-md-offset-1 vc_col-md-4 vc_col-sm-offset-1&Prime; css=\u00a0\u00bb.vc_custom_1462372891402{padding-top: 30px !important;padding-right: 15px !important;padding-left: 15px !important;}\u00a0\u00bb][vc_custom_heading text=\u00a0\u00bbComment utiliser vos points ?\u00a0\u00bb font_container=\u00a0\u00bbtag:div|font_size:24px|text_align:left|color:%23222222|line_height:35px\u00a0\u00bb use_theme_fonts=\u00a0\u00bbyes\u00a0\u00bb css=\u00a0\u00bb.vc_custom_1633615921472{margin-bottom: 0.5em !important;}\u00a0\u00bb el_class=\u00a0\u00bbuppercase\u00a0\u00bb][vc_column_text]Les points fid\u00e9lit\u00e9s vous sont automatiquement attribu\u00e9s pour chaque commande (hors soldes ou offres sp\u00e9ciales). Vous pouvez prendre connaissance \u00e0 tout moment du nombre de points engrang\u00e9s \u00e0 partir de votre compte Ozio. Ils sont utilisables \u00e0 votre convenance, mais en une seule fois. Il vous suffit de cocher la case \u00ab utiliser mes points fid\u00e9lit\u00e9 \u00bb au moment de la commande.<\/p>\n<p>Attention,\u00a0vos points ne sont pas cumulables avec le code re\u00e7u lorsque vous faites tourner la roue.[\/vc_column_text][\/vc_column][\/vc_row]<\/p>\n","protected":false},"excerpt":{"rendered":"<p>[vc_row css=\u00a0\u00bb.vc_custom_1630403946925{margin-bottom: 20px !important;}\u00a0\u00bb _et_uniqid=\u00a0\u00bbet_custom_uniqid_new_612dfd64cbb61&Prime;][vc_column][\/vc_column][\/vc_row][vc_row full_width=\u00a0\u00bbstretch_row_content_no_spaces\u00a0\u00bb content_placement=\u00a0\u00bbmiddle\u00a0\u00bb columns_reverse=\u00a0\u00bbtrue\u00a0\u00bb css=\u00a0\u00bb.vc_custom_1579020224281{margin-bottom: -10px !important;}\u00a0\u00bb][vc_column width=\u00a0\u00bb5\/6&Prime; offset=\u00a0\u00bbvc_col-lg-offset-1 vc_col-lg-4 vc_col-md-offset-1 vc_col-md-4 vc_col-sm-offset-1&Prime; css=\u00a0\u00bb.vc_custom_1462372850114{padding-top: 30px !important;padding-right: 15px !important;padding-left: 15px !important;}\u00a0\u00bb][vc_custom_heading text=\u00a0\u00bbComment&#8230;<\/p>\n","protected":false},"author":1,"featured_media":0,"parent":0,"menu_order":0,"comment_status":"closed","ping_status":"closed","template":"","meta":{"_acf_changed":false,"footnotes":""},"class_list":["post-3509","page","type-page","status-publish","hentry"],"acf":[],"_links":{"self":[{"href":"https:\/\/dev-ozio.inwigo.fr\/ozio\/wp-json\/wp\/v2\/pages\/3509","targetHints":{"allow":["GET"]}}],"collection":[{"href":"https:\/\/dev-ozio.inwigo.fr\/ozio\/wp-json\/wp\/v2\/pages"}],"about":[{"href":"https:\/\/dev-ozio.inwigo.fr\/ozio\/wp-json\/wp\/v2\/types\/page"}],"author":[{"embeddable":true,"href":"https:\/\/dev-ozio.inwigo.fr\/ozio\/wp-json\/wp\/v2\/users\/1"}],"replies":[{"embeddable":true,"href":"https:\/\/dev-ozio.inwigo.fr\/ozio\/wp-json\/wp\/v2\/comments?post=3509"}],"version-history":[{"count":8,"href":"https:\/\/dev-ozio.inwigo.fr\/ozio\/wp-json\/wp\/v2\/pages\/3509\/revisions"}],"predecessor-version":[{"id":36332,"href":"https:\/\/dev-ozio.inwigo.fr\/ozio\/wp-json\/wp\/v2\/pages\/3509\/revisions\/36332"}],"wp:attachment":[{"href":"https:\/\/dev-ozio.inwigo.fr\/ozio\/wp-json\/wp\/v2\/media?parent=3509"}],"curies":[{"name":"wp","href":"https:\/\/api.w.org\/{rel}","templated":true}]}}