{"id":48552,"date":"2025-03-18T11:02:03","date_gmt":"2025-03-18T10:02:03","guid":{"rendered":"https:\/\/www.ozio.eu\/?page_id=48552"},"modified":"2025-03-18T11:02:03","modified_gmt":"2025-03-18T10:02:03","slug":"inspirations-tenues-de-cycliste-2025","status":"publish","type":"page","link":"https:\/\/dev-ozio.inwigo.fr\/ozio\/inspirations-tenues-de-cycliste-2025\/","title":{"rendered":"Inspirations tenues de cycliste 2025"},"content":{"rendered":"<p>[vc_row][vc_column]\n\t\t<div class=\" title-394 title \">\n\t\t\t<h1 style=\"text-align: center\" class=\"vc_custom_heading banner-title\" >Inspiration looks<\/h1><h2 style=\"text-align: center\" class=\"vc_custom_heading banner-subtitle\" >Des id\u00e9es de tenues pour cyclistes<\/h2>\n\t\t<\/div>\n\n\t\t[vc_empty_space][vc_column_text]Bon plan : si vous ajoutez un ou plusieurs accessoires \u00e0 votre ensemble maillot + cuissard, vous obtiendrez \u00e9galement -20% sur les accessoires (casquettes, mitaines, chaussettes). Cliquez sur une tenue pour obtenir le d\u00e9tail des produits qui la composent :)[\/vc_column_text][vc_empty_space][\/vc_column][\/vc_row][vc_row _et_uniqid=\u00a0\u00bbet_custom_uniqid_new_624ec882e2d3d\u00a0\u00bb][vc_column]<div id=\"mpc_grid_anything-2069e38fcd64308\" class=\"mpc-grid-anything mpc-init \"  data-grid-cols=\"3\"><div data-id=\"mpc_image-5669e38fcd66723\" onclick=\"\" class=\"mpc-image mpc-init mpc-fullwidth \" ><a href=\"https:\/\/www.ozio.eu\/look\/maillot-locman-vert-cuissard-bella-noir\" title=\"\"  class=\"mpc-item mpc-transition\"><img decoding=\"async\" width=\"1181\" height=\"2560\" src=\"https:\/\/dev-ozio.inwigo.fr\/ozio\/wp-content\/uploads\/2024\/04\/Locman-vert-bella-noir-Pris-scaled.jpg\" class=\"mpc-transition attachment-full\" alt=\"Maillot v\u00e9lo femme LOCMAN amande et cuissard v\u00e9lo femme BELLA noir\" title=\"\" srcset=\"https:\/\/dev-ozio.inwigo.fr\/ozio\/wp-content\/uploads\/2024\/04\/Locman-vert-bella-noir-Pris-scaled.jpg 1181w, https:\/\/dev-ozio.inwigo.fr\/ozio\/wp-content\/uploads\/2024\/04\/Locman-vert-bella-noir-Pris-138x300.jpg 138w, https:\/\/dev-ozio.inwigo.fr\/ozio\/wp-content\/uploads\/2024\/04\/Locman-vert-bella-noir-Pris-472x1024.jpg 472w, https:\/\/dev-ozio.inwigo.fr\/ozio\/wp-content\/uploads\/2024\/04\/Locman-vert-bella-noir-Pris-768x1665.jpg 768w, https:\/\/dev-ozio.inwigo.fr\/ozio\/wp-content\/uploads\/2024\/04\/Locman-vert-bella-noir-Pris-709x1536.jpg 709w, https:\/\/dev-ozio.inwigo.fr\/ozio\/wp-content\/uploads\/2024\/04\/Locman-vert-bella-noir-Pris-945x2048.jpg 945w, https:\/\/dev-ozio.inwigo.fr\/ozio\/wp-content\/uploads\/2024\/04\/Locman-vert-bella-noir-Pris-800x1734.jpg 800w, https:\/\/dev-ozio.inwigo.fr\/ozio\/wp-content\/uploads\/2024\/04\/Locman-vert-bella-noir-Pris-1x1.jpg 1w, https:\/\/dev-ozio.inwigo.fr\/ozio\/wp-content\/uploads\/2024\/04\/Locman-vert-bella-noir-Pris-5x10.jpg 5w\" sizes=\"(max-width: 1181px) 100vw, 1181px\" \/><\/a><\/div><div data-id=\"mpc_image-5569e38fcd687c6\" onclick=\"\" class=\"mpc-image mpc-init mpc-fullwidth \" ><a href=\"https:\/\/www.ozio.eu\/look\/maillot-leader-blanc-cuissard-aero-bleu\" title=\"\"  class=\"mpc-item mpc-transition\"><img decoding=\"async\" width=\"1000\" height=\"1400\" src=\"https:\/\/dev-ozio.inwigo.fr\/ozio\/wp-content\/uploads\/2024\/05\/Maillot-velo-blanc-cuissard-velo-bleu.jpg\" class=\"mpc-transition attachment-full\" alt=\"Maillot v\u00e9lo LEADER blanc et cuissard v\u00e9lo AERO bleu navy\" title=\"\" srcset=\"https:\/\/dev-ozio.inwigo.fr\/ozio\/wp-content\/uploads\/2024\/05\/Maillot-velo-blanc-cuissard-velo-bleu.jpg 1000w, https:\/\/dev-ozio.inwigo.fr\/ozio\/wp-content\/uploads\/2024\/05\/Maillot-velo-blanc-cuissard-velo-bleu-214x300.jpg 214w, https:\/\/dev-ozio.inwigo.fr\/ozio\/wp-content\/uploads\/2024\/05\/Maillot-velo-blanc-cuissard-velo-bleu-731x1024.jpg 731w, https:\/\/dev-ozio.inwigo.fr\/ozio\/wp-content\/uploads\/2024\/05\/Maillot-velo-blanc-cuissard-velo-bleu-768x1075.jpg 768w, https:\/\/dev-ozio.inwigo.fr\/ozio\/wp-content\/uploads\/2024\/05\/Maillot-velo-blanc-cuissard-velo-bleu-800x1120.jpg 800w, https:\/\/dev-ozio.inwigo.fr\/ozio\/wp-content\/uploads\/2024\/05\/Maillot-velo-blanc-cuissard-velo-bleu-1x1.jpg 1w, https:\/\/dev-ozio.inwigo.fr\/ozio\/wp-content\/uploads\/2024\/05\/Maillot-velo-blanc-cuissard-velo-bleu-7x10.jpg 7w\" sizes=\"(max-width: 1000px) 100vw, 1000px\" \/><\/a><\/div><div data-id=\"mpc_image-8269e38fcd69f90\" onclick=\"\" class=\"mpc-image mpc-init mpc-fullwidth \" ><a href=\"https:\/\/www.ozio.eu\/look\/chemisette-explore-beige-cuissard-titan-femme-noir\/\" title=\"\"  class=\"mpc-item mpc-transition\"><img decoding=\"async\" width=\"999\" height=\"2165\" src=\"https:\/\/dev-ozio.inwigo.fr\/ozio\/wp-content\/uploads\/2024\/04\/Chemisette-gravel-femme-EXPLORE-beige.jpg\" class=\"mpc-transition attachment-full\" alt=\"Chemisette gravel femme EXPLORE beige et cuissard v\u00e9lo femme BELLA noir\" title=\"\" srcset=\"https:\/\/dev-ozio.inwigo.fr\/ozio\/wp-content\/uploads\/2024\/04\/Chemisette-gravel-femme-EXPLORE-beige.jpg 999w, https:\/\/dev-ozio.inwigo.fr\/ozio\/wp-content\/uploads\/2024\/04\/Chemisette-gravel-femme-EXPLORE-beige-138x300.jpg 138w, https:\/\/dev-ozio.inwigo.fr\/ozio\/wp-content\/uploads\/2024\/04\/Chemisette-gravel-femme-EXPLORE-beige-473x1024.jpg 473w, https:\/\/dev-ozio.inwigo.fr\/ozio\/wp-content\/uploads\/2024\/04\/Chemisette-gravel-femme-EXPLORE-beige-768x1664.jpg 768w, https:\/\/dev-ozio.inwigo.fr\/ozio\/wp-content\/uploads\/2024\/04\/Chemisette-gravel-femme-EXPLORE-beige-709x1536.jpg 709w, https:\/\/dev-ozio.inwigo.fr\/ozio\/wp-content\/uploads\/2024\/04\/Chemisette-gravel-femme-EXPLORE-beige-945x2048.jpg 945w, https:\/\/dev-ozio.inwigo.fr\/ozio\/wp-content\/uploads\/2024\/04\/Chemisette-gravel-femme-EXPLORE-beige-800x1734.jpg 800w, https:\/\/dev-ozio.inwigo.fr\/ozio\/wp-content\/uploads\/2024\/04\/Chemisette-gravel-femme-EXPLORE-beige-1x1.jpg 1w, https:\/\/dev-ozio.inwigo.fr\/ozio\/wp-content\/uploads\/2024\/04\/Chemisette-gravel-femme-EXPLORE-beige-5x10.jpg 5w\" sizes=\"(max-width: 999px) 100vw, 999px\" \/><\/a><\/div><div data-id=\"mpc_image-4569e38fcd6af4d\" onclick=\"\" class=\"mpc-image mpc-init mpc-fullwidth \" ><a href=\"https:\/\/www.ozio.eu\/look\/maillot-allroad-orange-cuissard-aero-noir\/\" title=\"\"  class=\"mpc-item mpc-transition\"><img decoding=\"async\" width=\"1181\" height=\"2560\" src=\"https:\/\/dev-ozio.inwigo.fr\/ozio\/wp-content\/uploads\/2024\/04\/Maillot-velo-ALLROAD-scaled.jpg\" class=\"mpc-transition attachment-full\" alt=\"Maillot v\u00e9lo ALLROAD orange et cuissard v\u00e9lo AERO noir\" title=\"\" srcset=\"https:\/\/dev-ozio.inwigo.fr\/ozio\/wp-content\/uploads\/2024\/04\/Maillot-velo-ALLROAD-scaled.jpg 1181w, https:\/\/dev-ozio.inwigo.fr\/ozio\/wp-content\/uploads\/2024\/04\/Maillot-velo-ALLROAD-138x300.jpg 138w, https:\/\/dev-ozio.inwigo.fr\/ozio\/wp-content\/uploads\/2024\/04\/Maillot-velo-ALLROAD-472x1024.jpg 472w, https:\/\/dev-ozio.inwigo.fr\/ozio\/wp-content\/uploads\/2024\/04\/Maillot-velo-ALLROAD-768x1665.jpg 768w, https:\/\/dev-ozio.inwigo.fr\/ozio\/wp-content\/uploads\/2024\/04\/Maillot-velo-ALLROAD-709x1536.jpg 709w, https:\/\/dev-ozio.inwigo.fr\/ozio\/wp-content\/uploads\/2024\/04\/Maillot-velo-ALLROAD-945x2048.jpg 945w, https:\/\/dev-ozio.inwigo.fr\/ozio\/wp-content\/uploads\/2024\/04\/Maillot-velo-ALLROAD-800x1734.jpg 800w, https:\/\/dev-ozio.inwigo.fr\/ozio\/wp-content\/uploads\/2024\/04\/Maillot-velo-ALLROAD-1x1.jpg 1w, https:\/\/dev-ozio.inwigo.fr\/ozio\/wp-content\/uploads\/2024\/04\/Maillot-velo-ALLROAD-5x10.jpg 5w\" sizes=\"(max-width: 1181px) 100vw, 1181px\" \/><\/a><\/div><div data-id=\"mpc_image-9569e38fcd6c224\" onclick=\"\" class=\"mpc-image mpc-init mpc-fullwidth \" ><a href=\"https:\/\/www.ozio.eu\/look\/maillot-allroad-vert-cuissard-team-vert\/\" title=\"\"  class=\"mpc-item mpc-transition\"><img decoding=\"async\" width=\"1181\" height=\"2560\" src=\"https:\/\/dev-ozio.inwigo.fr\/ozio\/wp-content\/uploads\/2024\/04\/Maillot-velo-ALLROAD-vert-scaled.jpg\" class=\"mpc-transition attachment-full\" alt=\"Maillot v\u00e9lo ALLROAD vert et cuissard v\u00e9lo TEAM vert\" title=\"\" srcset=\"https:\/\/dev-ozio.inwigo.fr\/ozio\/wp-content\/uploads\/2024\/04\/Maillot-velo-ALLROAD-vert-scaled.jpg 1181w, https:\/\/dev-ozio.inwigo.fr\/ozio\/wp-content\/uploads\/2024\/04\/Maillot-velo-ALLROAD-vert-138x300.jpg 138w, https:\/\/dev-ozio.inwigo.fr\/ozio\/wp-content\/uploads\/2024\/04\/Maillot-velo-ALLROAD-vert-472x1024.jpg 472w, https:\/\/dev-ozio.inwigo.fr\/ozio\/wp-content\/uploads\/2024\/04\/Maillot-velo-ALLROAD-vert-768x1665.jpg 768w, https:\/\/dev-ozio.inwigo.fr\/ozio\/wp-content\/uploads\/2024\/04\/Maillot-velo-ALLROAD-vert-709x1536.jpg 709w, https:\/\/dev-ozio.inwigo.fr\/ozio\/wp-content\/uploads\/2024\/04\/Maillot-velo-ALLROAD-vert-945x2048.jpg 945w, https:\/\/dev-ozio.inwigo.fr\/ozio\/wp-content\/uploads\/2024\/04\/Maillot-velo-ALLROAD-vert-800x1734.jpg 800w, https:\/\/dev-ozio.inwigo.fr\/ozio\/wp-content\/uploads\/2024\/04\/Maillot-velo-ALLROAD-vert-1x1.jpg 1w, https:\/\/dev-ozio.inwigo.fr\/ozio\/wp-content\/uploads\/2024\/04\/Maillot-velo-ALLROAD-vert-5x10.jpg 5w\" sizes=\"(max-width: 1181px) 100vw, 1181px\" \/><\/a><\/div><div data-id=\"mpc_image-2869e38fcd6eefc\" onclick=\"\" class=\"mpc-image mpc-init mpc-fullwidth \" ><a href=\"https:\/\/www.ozio.eu\/look\/maillot-locman-vert-amande-cuissard-team-vert\/\" title=\"\"  class=\"mpc-item mpc-transition\"><img decoding=\"async\" width=\"555\" height=\"1203\" src=\"https:\/\/dev-ozio.inwigo.fr\/ozio\/wp-content\/uploads\/2023\/04\/Locman-vert-Team-vert-V3.jpg\" class=\"mpc-transition attachment-full\" alt=\"\" title=\"Locman vert Team vert V3\" srcset=\"https:\/\/dev-ozio.inwigo.fr\/ozio\/wp-content\/uploads\/2023\/04\/Locman-vert-Team-vert-V3.jpg 555w, https:\/\/dev-ozio.inwigo.fr\/ozio\/wp-content\/uploads\/2023\/04\/Locman-vert-Team-vert-V3-138x300.jpg 138w, https:\/\/dev-ozio.inwigo.fr\/ozio\/wp-content\/uploads\/2023\/04\/Locman-vert-Team-vert-V3-472x1024.jpg 472w, https:\/\/dev-ozio.inwigo.fr\/ozio\/wp-content\/uploads\/2023\/04\/Locman-vert-Team-vert-V3-1x1.jpg 1w, https:\/\/dev-ozio.inwigo.fr\/ozio\/wp-content\/uploads\/2023\/04\/Locman-vert-Team-vert-V3-5x10.jpg 5w\" sizes=\"(max-width: 555px) 100vw, 555px\" \/><\/a><\/div><\/div>[\/vc_column][vc_column][\/vc_column][\/vc_row]<\/p>\n","protected":false},"excerpt":{"rendered":"<p>[vc_row][vc_column][vc_empty_space][vc_column_text]Bon plan : si vous ajoutez un ou plusieurs accessoires \u00e0 votre ensemble maillot + cuissard, vous obtiendrez \u00e9galement -20% sur les accessoires (casquettes, mitaines,&#8230;<\/p>\n","protected":false},"author":17,"featured_media":0,"parent":0,"menu_order":0,"comment_status":"closed","ping_status":"closed","template":"","meta":{"_acf_changed":false,"footnotes":""},"class_list":["post-48552","page","type-page","status-publish","hentry"],"acf":[],"_links":{"self":[{"href":"https:\/\/dev-ozio.inwigo.fr\/ozio\/wp-json\/wp\/v2\/pages\/48552","targetHints":{"allow":["GET"]}}],"collection":[{"href":"https:\/\/dev-ozio.inwigo.fr\/ozio\/wp-json\/wp\/v2\/pages"}],"about":[{"href":"https:\/\/dev-ozio.inwigo.fr\/ozio\/wp-json\/wp\/v2\/types\/page"}],"author":[{"embeddable":true,"href":"https:\/\/dev-ozio.inwigo.fr\/ozio\/wp-json\/wp\/v2\/users\/17"}],"replies":[{"embeddable":true,"href":"https:\/\/dev-ozio.inwigo.fr\/ozio\/wp-json\/wp\/v2\/comments?post=48552"}],"version-history":[{"count":1,"href":"https:\/\/dev-ozio.inwigo.fr\/ozio\/wp-json\/wp\/v2\/pages\/48552\/revisions"}],"predecessor-version":[{"id":48553,"href":"https:\/\/dev-ozio.inwigo.fr\/ozio\/wp-json\/wp\/v2\/pages\/48552\/revisions\/48553"}],"wp:attachment":[{"href":"https:\/\/dev-ozio.inwigo.fr\/ozio\/wp-json\/wp\/v2\/media?parent=48552"}],"curies":[{"name":"wp","href":"https:\/\/api.w.org\/{rel}","templated":true}]}}