{"id":49271,"date":"2025-05-28T15:41:42","date_gmt":"2025-05-28T13:41:42","guid":{"rendered":"https:\/\/www.ozio.eu\/?page_id=49271"},"modified":"2025-06-19T17:30:47","modified_gmt":"2025-06-19T15:30:47","slug":"destockage-ete-2025","status":"publish","type":"page","link":"https:\/\/dev-ozio.inwigo.fr\/ozio\/destockage-ete-2025\/","title":{"rendered":"D\u00e9stockage \u00e9t\u00e9 2025"},"content":{"rendered":"<p>[vc_row css=\u00a0\u00bb.vc_custom_1748439310183{margin-top: 5px !important;margin-right: 2px !important;margin-left: 2px !important;padding-top: 100px !important;padding-bottom: 100px !important;background-image: url(https:\/\/www.ozio.eu\/wp-content\/uploads\/2025\/04\/Maillot-velo-ete-5.jpg?id=48932) !important;background-position: center !important;background-repeat: no-repeat !important;background-size: cover !important;}\u00a0\u00bb _et_uniqid=\u00a0\u00bbet_custom_uniqid_new_683710e4c5e15&Prime;][vc_column _et_uniqid=\u00a0\u00bbet_custom_uniqid_new_61d6c9a696db9&Prime;][vc_row_inner][vc_column_inner width=\u00a0\u00bb1\/3&Prime;][\/vc_column_inner][vc_column_inner width=\u00a0\u00bb1\/3&Prime;]\n\t\t<div class=\"title-soldes title-796 title \">\n\t\t\t<h1 style=\"color: #f9f8f7;text-align: center\" class=\"vc_custom_heading banner-title\" >D\u00e9stockage \u00e9t\u00e9 !<\/h1>\n\t\t<\/div>\n\n\t\t[\/vc_column_inner][vc_column_inner width=\u00a0\u00bb1\/3&Prime;][\/vc_column_inner][\/vc_row_inner][\/vc_column][\/vc_row][vc_row][vc_column align=\u00a0\u00bbcenter\u00a0\u00bb mob_align=\u00a0\u00bbcenter\u00a0\u00bb _et_uniqid=\u00a0\u00bbet_custom_uniqid_new_63a330f118b67&Prime;][vc_column_text css_animation=\u00a0\u00bbright-to-left\u00a0\u00bb]<\/p>\n<h1>Tout doit rouler, rien ne doit rester dans les cartons !<\/h1>\n<h3>3\u00e8me et derni\u00e8re d\u00e9marque !<\/h3>\n<p>[\/vc_column_text][\/vc_column][\/vc_row][vc_row][vc_column width=\u00a0\u00bb1\/2&Prime; css=\u00a0\u00bb.vc_custom_1748444444424{padding-top: 12vw !important;padding-right: 4vw !important;padding-bottom: 12vw !important;padding-left: 4vw !important;background-image: url(https:\/\/www.ozio.eu\/wp-content\/uploads\/2025\/04\/Maillot-velo-femme.jpg?id=49036) !important;background-position: center !important;background-repeat: no-repeat !important;background-size: cover !important;}\u00a0\u00bb _et_uniqid=\u00a0\u00bbet_custom_uniqid_new_683724fae22e6&Prime;][vc_column_text][\/vc_column_text][vc_custom_heading text=\u00a0\u00bbD\u00e9couvrez toutes nos offres pour les femmes\u00a0\u00bb font_container=\u00a0\u00bbtag:h3|font_size:30|text_align:center|color:%23ffffff|line_height:1&Prime; use_theme_fonts=\u00a0\u00bbyes\u00a0\u00bb el_class=\u00a0\u00bbno-uppercase\u00a0\u00bb css=\u00a0\u00bb.vc_custom_1748443862351{margin-bottom: 20px !important;}\u00a0\u00bb][vc_btn title=\u00a0\u00bbD\u00e9stockage femme\u00a0\u00bb style=\u00a0\u00bbcustom\u00a0\u00bb custom_background=\u00a0\u00bb#ff5a00&Prime; custom_text=\u00a0\u00bb#ffffff\u00a0\u00bb size=\u00a0\u00bblg\u00a0\u00bb align=\u00a0\u00bbcenter\u00a0\u00bb link=\u00a0\u00bburl:https%3A%2F%2Fwww.ozio.eu%2Fdestockage-ete-femme%2F\u00a0\u00bb][vc_empty_space height=\u00a0\u00bb100px\u00a0\u00bb][\/vc_column][vc_column width=\u00a0\u00bb1\/2&Prime; css=\u00a0\u00bb.vc_custom_1748443668208{padding-top: 12vw !important;padding-right: 4vw !important;padding-bottom: 12vw !important;padding-left: 4vw !important;background-image: url(https:\/\/www.ozio.eu\/wp-content\/uploads\/2025\/04\/Maillot-velo-ete-bleu-3.jpg?id=48936) !important;background-position: center !important;background-repeat: no-repeat !important;background-size: cover !important;}\u00a0\u00bb _et_uniqid=\u00a0\u00bbet_custom_uniqid_new_683721fd7bf4a\u00a0\u00bb][vc_column_text][\/vc_column_text][vc_custom_heading text=\u00a0\u00bbD\u00e9couvrez toutes nos offres pour les hommes\u00a0\u00bb font_container=\u00a0\u00bbtag:h3|font_size:30|text_align:center|color:%23ffffff|line_height:1&Prime; use_theme_fonts=\u00a0\u00bbyes\u00a0\u00bb el_class=\u00a0\u00bbno-uppercase\u00a0\u00bb css=\u00a0\u00bb.vc_custom_1748443940776{border-bottom-width: 20px !important;}\u00a0\u00bb][vc_btn title=\u00a0\u00bbD\u00e9stockage homme\u00a0\u00bb style=\u00a0\u00bbcustom\u00a0\u00bb custom_background=\u00a0\u00bb#ff5a00&Prime; custom_text=\u00a0\u00bb#ffffff\u00a0\u00bb size=\u00a0\u00bblg\u00a0\u00bb align=\u00a0\u00bbcenter\u00a0\u00bb link=\u00a0\u00bburl:https%3A%2F%2Fwww.ozio.eu%2Fdestockage-ete-homme%2F\u00a0\u00bb][vc_empty_space height=\u00a0\u00bb100px\u00a0\u00bb][\/vc_column][\/vc_row]<\/p>\n","protected":false},"excerpt":{"rendered":"<p>[vc_row css=\u00a0\u00bb.vc_custom_1748439310183{margin-top: 5px !important;margin-right: 2px !important;margin-left: 2px !important;padding-top: 100px !important;padding-bottom: 100px !important;background-image: url(https:\/\/www.ozio.eu\/wp-content\/uploads\/2025\/04\/Maillot-velo-ete-5.jpg?id=48932) !important;background-position: center !important;background-repeat: no-repeat !important;background-size: cover !important;}\u00a0\u00bb _et_uniqid=\u00a0\u00bbet_custom_uniqid_new_683710e4c5e15&Prime;][vc_column _et_uniqid=\u00a0\u00bbet_custom_uniqid_new_61d6c9a696db9&Prime;][vc_row_inner][vc_column_inner width=\u00a0\u00bb1\/3&Prime;][\/vc_column_inner][vc_column_inner width=\u00a0\u00bb1\/3&Prime;][\/vc_column_inner][vc_column_inner width=\u00a0\u00bb1\/3&Prime;][\/vc_column_inner][\/vc_row_inner][\/vc_column][\/vc_row][vc_row][vc_column&#8230;<\/p>\n","protected":false},"author":17,"featured_media":47578,"parent":0,"menu_order":0,"comment_status":"closed","ping_status":"closed","template":"","meta":{"_acf_changed":false,"footnotes":""},"class_list":["post-49271","page","type-page","status-publish","has-post-thumbnail","hentry"],"acf":[],"_links":{"self":[{"href":"https:\/\/dev-ozio.inwigo.fr\/ozio\/wp-json\/wp\/v2\/pages\/49271","targetHints":{"allow":["GET"]}}],"collection":[{"href":"https:\/\/dev-ozio.inwigo.fr\/ozio\/wp-json\/wp\/v2\/pages"}],"about":[{"href":"https:\/\/dev-ozio.inwigo.fr\/ozio\/wp-json\/wp\/v2\/types\/page"}],"author":[{"embeddable":true,"href":"https:\/\/dev-ozio.inwigo.fr\/ozio\/wp-json\/wp\/v2\/users\/17"}],"replies":[{"embeddable":true,"href":"https:\/\/dev-ozio.inwigo.fr\/ozio\/wp-json\/wp\/v2\/comments?post=49271"}],"version-history":[{"count":14,"href":"https:\/\/dev-ozio.inwigo.fr\/ozio\/wp-json\/wp\/v2\/pages\/49271\/revisions"}],"predecessor-version":[{"id":49460,"href":"https:\/\/dev-ozio.inwigo.fr\/ozio\/wp-json\/wp\/v2\/pages\/49271\/revisions\/49460"}],"wp:featuredmedia":[{"embeddable":true,"href":"https:\/\/dev-ozio.inwigo.fr\/ozio\/wp-json\/wp\/v2\/media\/47578"}],"wp:attachment":[{"href":"https:\/\/dev-ozio.inwigo.fr\/ozio\/wp-json\/wp\/v2\/media?parent=49271"}],"curies":[{"name":"wp","href":"https:\/\/api.w.org\/{rel}","templated":true}]}}