{"id":12427,"date":"2018-10-12T13:49:45","date_gmt":"2018-10-12T11:49:45","guid":{"rendered":"https:\/\/www.ozio.eu\/?post_type=product&#038;p=12427"},"modified":"2025-06-23T17:21:05","modified_gmt":"2025-06-23T15:21:05","slug":"manchettes-de-velo","status":"publish","type":"product","link":"https:\/\/dev-ozio.inwigo.fr\/ozio\/produit\/manchettes-de-velo\/","title":{"rendered":"Manchettes"},"content":{"rendered":"<p>[vc_row][vc_column][vc_column_text]Ces manchettes v\u00e9lo seront parfaites \u00e0 porter avec votre maillot manches courtes lors des sorties fra\u00eeches ou en montagne.<\/p>\n<p>Elles sont fabriqu\u00e9es avec des <strong>coutures plates<\/strong> et un tissu lycra<strong> d\u00e9perlant<\/strong>, avec <strong>int\u00e9rieur bross\u00e9<\/strong>.\u00a0Sa coupe anatomique les rendent plus confortables encore. Elles proposent une sensation agr\u00e9able sur la peau en conservant la chaleur corporelle.<\/p>\n<p>Une <strong>bande \u00e9lastique<\/strong> sur le biceps permet de maintenir ces manchettes v\u00e9lo en place tout au long de la sortie sans compression excessive. Un tissu plus fin, d\u00e9coup\u00e9 au laser, est positionn\u00e9 aux poignets pour un <strong>meilleur ajustement<\/strong> et <strong>encore plus de confort.<\/strong><\/p>\n<p>+ tissu d\u00e9perlant, int\u00e9rieur bross\u00e9<\/p>\n<p>+ coutures plates<\/p>\n<p>Vous pouvez associer ces manchettes cycliste avec nos <a href=\"https:\/\/www.ozio.eu\/produit\/genouilleres-velo\/\" target=\"_blank\" rel=\"noopener\">genouill\u00e8res<\/a>. Cet ensemble vous permettra de rouler au chaud lorsque les temp\u00e9ratures commenceront \u00e0 descendre.[\/vc_column_text][\/vc_column][\/vc_row]<\/p>\n","protected":false},"excerpt":{"rendered":"<p>Id\u00e9ales pour rester au chaud et au sec avec des m\u00e9t\u00e9os fra\u00eeches et incertaines.<\/p>\n","protected":false},"featured_media":31447,"comment_status":"open","ping_status":"closed","template":"","meta":{"_acf_changed":false},"etheme_brands":[],"product_brand":[],"product_cat":[447,474,475,737,739,738,483,480,454,453,461,560,567,485,486,484],"product_tag":[],"class_list":{"0":"post-12427","1":"product","2":"type-product","3":"status-publish","4":"has-post-thumbnail","6":"product_cat-accessoires-cycliste","7":"product_cat-destockage-homme","8":"product_cat-destockage-femme","9":"product_cat-destockage-ete-2025","10":"product_cat-destockage-ete-femme-2025","11":"product_cat-destockage-ete-homme-2025","12":"product_cat-ete-homme","13":"product_cat-ete-femme","14":"product_cat-vetements-velo-femme","15":"product_cat-genouilleres-jambieres-manchettes","16":"product_cat-vetements-velo-homme","17":"product_cat-mi-saison-homme","18":"product_cat-mi-saison-femme","19":"product_cat-gravel-homme","20":"product_cat-route-homme","21":"product_cat-vtt-homme","23":"first","24":"outofstock","25":"featured","26":"taxable","27":"shipping-taxable","28":"product-type-variable"},"acf":[],"_links":{"self":[{"href":"https:\/\/dev-ozio.inwigo.fr\/ozio\/wp-json\/wp\/v2\/product\/12427","targetHints":{"allow":["GET"]}}],"collection":[{"href":"https:\/\/dev-ozio.inwigo.fr\/ozio\/wp-json\/wp\/v2\/product"}],"about":[{"href":"https:\/\/dev-ozio.inwigo.fr\/ozio\/wp-json\/wp\/v2\/types\/product"}],"replies":[{"embeddable":true,"href":"https:\/\/dev-ozio.inwigo.fr\/ozio\/wp-json\/wp\/v2\/comments?post=12427"}],"wp:featuredmedia":[{"embeddable":true,"href":"https:\/\/dev-ozio.inwigo.fr\/ozio\/wp-json\/wp\/v2\/media\/31447"}],"wp:attachment":[{"href":"https:\/\/dev-ozio.inwigo.fr\/ozio\/wp-json\/wp\/v2\/media?parent=12427"}],"wp:term":[{"taxonomy":"brand","embeddable":true,"href":"https:\/\/dev-ozio.inwigo.fr\/ozio\/wp-json\/wp\/v2\/etheme_brands?post=12427"},{"taxonomy":"product_brand","embeddable":true,"href":"https:\/\/dev-ozio.inwigo.fr\/ozio\/wp-json\/wp\/v2\/product_brand?post=12427"},{"taxonomy":"product_cat","embeddable":true,"href":"https:\/\/dev-ozio.inwigo.fr\/ozio\/wp-json\/wp\/v2\/product_cat?post=12427"},{"taxonomy":"product_tag","embeddable":true,"href":"https:\/\/dev-ozio.inwigo.fr\/ozio\/wp-json\/wp\/v2\/product_tag?post=12427"}],"curies":[{"name":"wp","href":"https:\/\/api.w.org\/{rel}","templated":true}]}}