{"id":12735,"date":"2018-10-26T09:28:29","date_gmt":"2018-10-26T07:28:29","guid":{"rendered":"https:\/\/www.ozio.eu\/produit\/carte-cadeau\/"},"modified":"2023-06-02T10:20:02","modified_gmt":"2023-06-02T08:20:02","slug":"carte-cadeau","status":"publish","type":"product","link":"https:\/\/dev-ozio.inwigo.fr\/ozio\/produit\/carte-cadeau\/","title":{"rendered":"Carte cadeau"},"content":{"rendered":"<p>[vc_row][vc_column][vc_column_text]Vous souhaitez<strong> faire plaisir \u00e0 un proche<\/strong> ?<\/p>\n<p>Mais vous ne connaissez pas ses besoins, et vous ne connaissez pas sa taille !<\/p>\n<p>Alors <strong>utilisez notre e-carte cadeau<\/strong> et <strong>laissez le faire son choix<\/strong> !<\/p>\n<p><strong>Choisissez un montant<\/strong> parmi ceux propos\u00e9s et ajoutez le dans votre panier. Mentionnez l&rsquo;adresse mail de la personne \u00e0 qui vous souhaitez offrir cette e-carte cadeau. Elle recevra l&rsquo;information de votre cadeau en m\u00eame temps que son code.<\/p>\n<p>La carte cadeau est envoy\u00e9e au destinataire <strong>d\u00e8s que la commande est pass\u00e9e<\/strong>. Si vous souhaitez garder la surprise, pensez \u00e0 renseigner votre adresse e-mail dans le champs \u00ab\u00a0Destinataire\u00a0\u00bb. Vous pourrez ensuite transf\u00e9rer l&rsquo;e-mail \u00e0 son destinataire.<\/p>\n<p>Elle devra ensuite <strong>mentionner ce code au moment de la validation de sa commande<\/strong> dans la case \u00ab\u00a0carte cadeau\u00a0\u00bb. Le montant sera alors d\u00e9duit de sa commande finale.<\/p>\n<p>La possibilit\u00e9 est donn\u00e9e d&rsquo;<strong>utiliser le montant offert en plusieurs commandes<\/strong>.<\/p>\n<p>Le code est utilisable pendant un an.[\/vc_column_text][\/vc_column][\/vc_row][vc_row][vc_column][vc_custom_heading text=\u00a0\u00bbT\u00e9l\u00e9charger un visuel pour offrir une carte\u00a0\u00bb use_theme_fonts=\u00a0\u00bbyes\u00a0\u00bb][vc_column_text]Vous avez achet\u00e9 une carte cadeau et souhaitez l&rsquo;offrir sous format papier ?<\/p>\n<ol>\n<li>T\u00e9l\u00e9chargez ci-dessous le carte cadeau selon le montant achet\u00e9 ;<\/li>\n<li>ouvrez le fichier PDF avec Adobe Reader (logiciel gratuit que vous pouvez t\u00e9l\u00e9charger <a href=\"https:\/\/get.adobe.com\/fr\/reader\/\" target=\"_blank\" rel=\"noopener\">ici<\/a> s&rsquo;il n&rsquo;est pas install\u00e9) ;<\/li>\n<li>remplissez les champs ;<\/li>\n<li>imprimez, glissez dans une enveloppe et offrez \ud83d\ude42<\/li>\n<\/ol>\n<p>[\/vc_column_text][\/vc_column][vc_column width=\u00a0\u00bb1\/5&Prime;][vc_single_image image=\u00a0\u00bb36822&Prime; img_size=\u00a0\u00bbfull\u00a0\u00bb alignment=\u00a0\u00bbcenter\u00a0\u00bb onclick=\u00a0\u00bbcustom_link\u00a0\u00bb img_link_target=\u00a0\u00bb_blank\u00a0\u00bb link=\u00a0\u00bbhttps:\/\/bit.ly\/32wsMSU\u00a0\u00bb]\n\t\t<div class=\"et-fancy-button center et-fancy-button-9704\">\n\n\t\t\t<div class=\"button-wrap inline-block\"><a href=\"https:\/\/bit.ly\/32wsMSU\" class=\"btn flex flex-nowrap justify-content-center align-items-center medium\" title=\"T\u00e9l\u00e9charger le visuel\" target=\"_blank\"><i class=\"fas fa-download\"><\/i> <span>T\u00e9l\u00e9charger le visuel<\/span> <\/a><\/div>\n\t\t<\/div>\n\t\n\t\t[\/vc_column][vc_column width=\u00a0\u00bb1\/5&Prime;][vc_single_image image=\u00a0\u00bb36823&Prime; img_size=\u00a0\u00bbfull\u00a0\u00bb alignment=\u00a0\u00bbcenter\u00a0\u00bb onclick=\u00a0\u00bbcustom_link\u00a0\u00bb img_link_target=\u00a0\u00bb_blank\u00a0\u00bb link=\u00a0\u00bbhttps:\/\/bit.ly\/3HMvp34&Prime;]\n\t\t<div class=\"et-fancy-button center et-fancy-button-8078\">\n\n\t\t\t<div class=\"button-wrap inline-block\"><a href=\"https:\/\/bit.ly\/3HMvp34\" class=\"btn flex flex-nowrap justify-content-center align-items-center medium\" title=\"T\u00e9l\u00e9charger le visuel\" target=\"_blank\"><i class=\"fas fa-download\"><\/i> <span>T\u00e9l\u00e9charger le visuel<\/span> <\/a><\/div>\n\t\t<\/div>\n\t\n\t\t[\/vc_column][vc_column width=\u00a0\u00bb1\/5&Prime;][vc_single_image image=\u00a0\u00bb36824&Prime; img_size=\u00a0\u00bbfull\u00a0\u00bb alignment=\u00a0\u00bbcenter\u00a0\u00bb onclick=\u00a0\u00bbcustom_link\u00a0\u00bb img_link_target=\u00a0\u00bb_blank\u00a0\u00bb link=\u00a0\u00bbhttps:\/\/bit.ly\/3l85Z6f\u00a0\u00bb]\n\t\t<div class=\"et-fancy-button center et-fancy-button-1049\">\n\n\t\t\t<div class=\"button-wrap inline-block\"><a href=\"https:\/\/bit.ly\/3l85Z6f\" class=\"btn flex flex-nowrap justify-content-center align-items-center medium\" title=\"T\u00e9l\u00e9charger le visuel\" target=\"_blank\"><i class=\"fas fa-download\"><\/i> <span>T\u00e9l\u00e9charger le visuel<\/span> <\/a><\/div>\n\t\t<\/div>\n\t\n\t\t[\/vc_column][vc_column width=\u00a0\u00bb1\/5&Prime;][vc_single_image image=\u00a0\u00bb36825&Prime; img_size=\u00a0\u00bbfull\u00a0\u00bb alignment=\u00a0\u00bbcenter\u00a0\u00bb onclick=\u00a0\u00bbcustom_link\u00a0\u00bb img_link_target=\u00a0\u00bb_blank\u00a0\u00bb link=\u00a0\u00bbhttps:\/\/bit.ly\/3nPPRZ3&Prime;]\n\t\t<div class=\"et-fancy-button center et-fancy-button-1120\">\n\n\t\t\t<div class=\"button-wrap inline-block\"><a href=\"https:\/\/bit.ly\/3nPPRZ3\" class=\"btn flex flex-nowrap justify-content-center align-items-center medium\" title=\"T\u00e9l\u00e9charger le visuel\" target=\"_blank\"><i class=\"fas fa-download\"><\/i> <span>T\u00e9l\u00e9charger le visuel<\/span> <\/a><\/div>\n\t\t<\/div>\n\t\n\t\t[\/vc_column][vc_column width=\u00a0\u00bb1\/5&Prime;][vc_single_image image=\u00a0\u00bb36826&Prime; img_size=\u00a0\u00bbfull\u00a0\u00bb alignment=\u00a0\u00bbcenter\u00a0\u00bb onclick=\u00a0\u00bbcustom_link\u00a0\u00bb img_link_target=\u00a0\u00bb_blank\u00a0\u00bb link=\u00a0\u00bbhttps:\/\/bit.ly\/3xllMUn\u00a0\u00bb]\n\t\t<div class=\"et-fancy-button center et-fancy-button-7527\">\n\n\t\t\t<div class=\"button-wrap inline-block\"><a href=\"https:\/\/bit.ly\/3xllMUn\" class=\"btn flex flex-nowrap justify-content-center align-items-center medium\" title=\"T\u00e9l\u00e9charger le visuel\" target=\"_blank\"><i class=\"fas fa-download\"><\/i> <span>T\u00e9l\u00e9charger le visuel<\/span> <\/a><\/div>\n\t\t<\/div>\n\t\n\t\t[\/vc_column][\/vc_row]<\/p>\n","protected":false},"excerpt":{"rendered":"<p>Faites plaisir en offrant une carte cadeau OZIO !<\/p>\n<p>Dans la partie \u00ab\u00a0Description\u00a0\u00bb, plus bas dans la page, t\u00e9l\u00e9chargez et imprimez le visuel de la carte cadeau achet\u00e9e.<\/p>\n<p>Information : la carte cadeau est envoy\u00e9e au destinataire d\u00e8s que la commande est pass\u00e9e. Si vous souhaitez garder la surprise, pensez \u00e0 renseigner votre adresse e-mail dans le champs \u00ab\u00a0Destinataire\u00a0\u00bb. Vous pourrez ensuite transf\u00e9rer l&rsquo;e-mail \u00e0 son destinataire.<\/p>\n<p>&nbsp;<\/p>\n","protected":false},"featured_media":36809,"comment_status":"closed","ping_status":"closed","template":"","meta":{"_acf_changed":false},"etheme_brands":[],"product_brand":[],"product_cat":[454,461],"product_tag":[],"class_list":{"0":"post-12735","1":"product","2":"type-product","3":"status-publish","4":"has-post-thumbnail","6":"product_cat-vetements-velo-femme","7":"product_cat-vetements-velo-homme","9":"first","10":"instock","11":"purchasable","12":"product-type-pw-gift-card"},"acf":[],"_links":{"self":[{"href":"https:\/\/dev-ozio.inwigo.fr\/ozio\/wp-json\/wp\/v2\/product\/12735","targetHints":{"allow":["GET"]}}],"collection":[{"href":"https:\/\/dev-ozio.inwigo.fr\/ozio\/wp-json\/wp\/v2\/product"}],"about":[{"href":"https:\/\/dev-ozio.inwigo.fr\/ozio\/wp-json\/wp\/v2\/types\/product"}],"replies":[{"embeddable":true,"href":"https:\/\/dev-ozio.inwigo.fr\/ozio\/wp-json\/wp\/v2\/comments?post=12735"}],"wp:featuredmedia":[{"embeddable":true,"href":"https:\/\/dev-ozio.inwigo.fr\/ozio\/wp-json\/wp\/v2\/media\/36809"}],"wp:attachment":[{"href":"https:\/\/dev-ozio.inwigo.fr\/ozio\/wp-json\/wp\/v2\/media?parent=12735"}],"wp:term":[{"taxonomy":"brand","embeddable":true,"href":"https:\/\/dev-ozio.inwigo.fr\/ozio\/wp-json\/wp\/v2\/etheme_brands?post=12735"},{"taxonomy":"product_brand","embeddable":true,"href":"https:\/\/dev-ozio.inwigo.fr\/ozio\/wp-json\/wp\/v2\/product_brand?post=12735"},{"taxonomy":"product_cat","embeddable":true,"href":"https:\/\/dev-ozio.inwigo.fr\/ozio\/wp-json\/wp\/v2\/product_cat?post=12735"},{"taxonomy":"product_tag","embeddable":true,"href":"https:\/\/dev-ozio.inwigo.fr\/ozio\/wp-json\/wp\/v2\/product_tag?post=12735"}],"curies":[{"name":"wp","href":"https:\/\/api.w.org\/{rel}","templated":true}]}}