{"id":16399,"date":"2019-10-04T16:45:40","date_gmt":"2019-10-04T14:45:40","guid":{"rendered":"https:\/\/www.ozio.eu\/?post_type=product&#038;p=16399"},"modified":"2022-02-25T13:29:54","modified_gmt":"2022-02-25T12:29:54","slug":"maillot-manches-longues-gradation-2-hommes","status":"publish","type":"product","link":"https:\/\/dev-ozio.inwigo.fr\/ozio\/produit\/maillot-manches-longues-gradation-2-hommes\/","title":{"rendered":"Maillots manches longues GRADATION 2"},"content":{"rendered":"<p>Ce maillot \u00e0 manches longues est con\u00e7u pour les sorties de <strong>mi-saison<\/strong> par <strong>temps frais<\/strong>.<\/p>\n<p>Le <strong>tissu molletonn\u00e9<\/strong> \u00e0 l&rsquo;int\u00e9rieur, le rend tr\u00e8s <strong>agr\u00e9able au contact de la peau<\/strong>, et apporte<strong> la chaleur n\u00e9cessaire<\/strong> au cycliste.<\/p>\n<p>Les propri\u00e9t\u00e9s de<strong> s\u00e9chage rapide<\/strong> et de <strong>transfert d&rsquo;humidit\u00e9<\/strong> se combinent pour vous garder <strong>au sec pendant l&rsquo;effort.<\/strong><\/p>\n<p><strong>Trois grandes poches \u00e0 l&rsquo;arri\u00e8re<\/strong> permettent d&#8217;embarquer le ravitaillement et le n\u00e9cessaire de r\u00e9paration. Vous pourrez \u00e9galement y glisser un coupe-vent ou un imperm\u00e9able.<\/p>\n<p>Une quatri\u00e8me <strong>poche zipp\u00e9e<\/strong> permet de ranger les objets de valeur sans crainte de les perdre.<\/p>\n<p>Pour am\u00e9liorer votre <strong>visibilit\u00e9<\/strong> par faible luminosit\u00e9, des <strong>inserts r\u00e9fl\u00e9chissants<\/strong> sont positionn\u00e9s sur le haut des poches.<\/p>\n<p>Ce maillot \u00e0 manches longues pourra \u00eatre port\u00e9 seul, ou associ\u00e9 \u00e0 nos maillots de corps et gilets coupe-vent, voir sous une veste d&rsquo;hiver, en fonction des conditions m\u00e9t\u00e9orologique.<\/p>\n<p>+ Tissu respirant, chaud et confortable<\/p>\n<p>+ 4 poches, dont une zipp\u00e9e<\/p>\n<p>+ Utilisation seul 10\u00b0\/18\u00b0C<\/p>\n<p>+ A coupler avec nos <a title=\"\" href=\"https:\/\/www.ozio.eu\/hiver\/gilets-et-impermeables-hiver\/\" target=\"_blank\" rel=\"noopener noreferrer\">gilets coupe-vent<\/a> 7\u00b0\/18\u00b0C<\/p>\n<p>&nbsp;<\/p>\n","protected":false},"excerpt":{"rendered":"<p><span style=\"font-family: georgia, palatino;\">Maillot id\u00e9al pour la mi-saison ! Chaud et confortable.<\/span><\/p>\n","protected":false},"featured_media":32012,"comment_status":"open","ping_status":"closed","template":"","meta":{"_acf_changed":false},"etheme_brands":[],"product_brand":[],"product_cat":[316],"product_tag":[],"class_list":{"0":"post-16399","1":"product","2":"type-product","3":"status-publish","4":"has-post-thumbnail","6":"product_cat-non-classe","8":"first","9":"outofstock","10":"taxable","11":"shipping-taxable","12":"product-type-variable"},"acf":[],"_links":{"self":[{"href":"https:\/\/dev-ozio.inwigo.fr\/ozio\/wp-json\/wp\/v2\/product\/16399","targetHints":{"allow":["GET"]}}],"collection":[{"href":"https:\/\/dev-ozio.inwigo.fr\/ozio\/wp-json\/wp\/v2\/product"}],"about":[{"href":"https:\/\/dev-ozio.inwigo.fr\/ozio\/wp-json\/wp\/v2\/types\/product"}],"replies":[{"embeddable":true,"href":"https:\/\/dev-ozio.inwigo.fr\/ozio\/wp-json\/wp\/v2\/comments?post=16399"}],"wp:featuredmedia":[{"embeddable":true,"href":"https:\/\/dev-ozio.inwigo.fr\/ozio\/wp-json\/wp\/v2\/media\/32012"}],"wp:attachment":[{"href":"https:\/\/dev-ozio.inwigo.fr\/ozio\/wp-json\/wp\/v2\/media?parent=16399"}],"wp:term":[{"taxonomy":"brand","embeddable":true,"href":"https:\/\/dev-ozio.inwigo.fr\/ozio\/wp-json\/wp\/v2\/etheme_brands?post=16399"},{"taxonomy":"product_brand","embeddable":true,"href":"https:\/\/dev-ozio.inwigo.fr\/ozio\/wp-json\/wp\/v2\/product_brand?post=16399"},{"taxonomy":"product_cat","embeddable":true,"href":"https:\/\/dev-ozio.inwigo.fr\/ozio\/wp-json\/wp\/v2\/product_cat?post=16399"},{"taxonomy":"product_tag","embeddable":true,"href":"https:\/\/dev-ozio.inwigo.fr\/ozio\/wp-json\/wp\/v2\/product_tag?post=16399"}],"curies":[{"name":"wp","href":"https:\/\/api.w.org\/{rel}","templated":true}]}}