{"id":16946,"date":"2019-10-02T16:48:12","date_gmt":"2019-10-02T14:48:12","guid":{"rendered":"https:\/\/www.ozio.eu\/?post_type=product&#038;p=16946"},"modified":"2025-07-09T15:50:08","modified_gmt":"2025-07-09T13:50:08","slug":"couvre-chaussures-hiver-velo","status":"publish","type":"product","link":"https:\/\/dev-ozio.inwigo.fr\/ozio\/produit\/couvre-chaussures-hiver-velo\/","title":{"rendered":"Couvre-chaussures HIVER"},"content":{"rendered":"<p>[vc_row _et_uniqid=\u00a0\u00bbet_custom_uniqid_new_61309d0fb960d\u00a0\u00bb][vc_column][vc_column_text]<\/p>\n<h2>Les couvre-chaussures hiver AVEL, contre vents et mar\u00e9es<\/h2>\n<p>Finies les sorties \u00e9court\u00e9es en raison de\u00a0<strong>pieds gel\u00e9s<\/strong>. Les couvre-chaussures hiver AVEL combinent\u00a0<strong>facilit\u00e9 d\u2019utilisation, confort, et s\u00e9curit\u00e9<\/strong>. L\u2019id\u00e9al pour pouvoir rouler dans le vent et sous la pluie, en toute s\u00e9r\u00e9nit\u00e9. Un indispensable des\u00a0<strong>accessoires hiver du cycliste<\/strong>.[\/vc_column_text][vc_tta_accordion section_title_tag=\u00a0\u00bbh2&Prime; style=\u00a0\u00bbflat\u00a0\u00bb shape=\u00a0\u00bbsquare\u00a0\u00bb color=\u00a0\u00bbwhite\u00a0\u00bb active_section=\u00a0\u00bb56&Prime; no_fill=\u00a0\u00bbtrue\u00a0\u00bb collapsible_all=\u00a0\u00bbtrue\u00a0\u00bb][vc_tta_section tab_id=\u00a0\u00bbdescription1d852-5e2c\u00a0\u00bb title=\u00a0\u00bbDes couvre-chaussures hiver vraiment pratiques\u00a0\u00bb][vc_column_text]Bien souvent, les cyclistes ne prennent pas le temps d\u2019en mettre pour une raison tr\u00e8s simple : \u201cce n\u2019est pas facile \u00e0 enfiler\u201d. Mais \u00e7a, c\u2019\u00e9tait avant les AVEL : les couvre-chaussures v\u00e9lo hiver qui\u00a0<strong>s\u2019enfilent et se retirent en un clin d\u2019oeil<\/strong>. La fermeture \u00e9clair, plac\u00e9e \u00e0 l\u2019arri\u00e8re, ne pr\u00e9sente aucune r\u00e9sistance. Vous pouvez facilement y passer vos cales et vos talons, avant d\u2019enfourcher votre v\u00e9lo.[\/vc_column_text][\/vc_tta_section][vc_tta_section tab_id=\u00a0\u00bbdescription2d852-5e2c\u00a0\u00bb title=\u00a0\u00bbUn accessoire v\u00e9lo pens\u00e9 pour le confort\u00a0\u00bb][vc_column_text]Les couvre-chaussures hiver doivent vous prot\u00e9ger des conditions m\u00e9t\u00e9o parfois difficiles en fin d\u2019ann\u00e9e. C\u2019est pour cela que nous avons choisi d\u2019utiliser le\u00a0<a title=\"\" href=\"https:\/\/www.vagotex.it\/en\/\" target=\"_blank\" rel=\"noopener noreferrer\"><strong>tissu Windtex<\/strong><\/a>. Il est \u00e0 la fois lisse,\u00a0<strong>d\u00e9perlant et coupe-vent<\/strong>. Pour vous tenir chaud pendant vos longues sorties d\u2019hiver, l\u2019int\u00e9rieur de nos couvre-chaussures est\u00a0<strong>molletonn\u00e9<\/strong>. Nous avons \u00e9galement plac\u00e9 une\u00a0<strong>semelle antid\u00e9rapante<\/strong>\u00a0afin de limiter les risques en cas de contact avec le sol.<\/p>\n<p>A coupler avec nos chaussettes en m\u00e9rinos, <a href=\"https:\/\/www.ozio.eu\/produit\/chaussettes-velo-hiver-merinos\/\" target=\"_blank\" rel=\"noopener\">MARINA<\/a>[\/vc_column_text][\/vc_tta_section][vc_tta_section tab_id=\u00a0\u00bbdescription3d852-5e2c\u00a0\u00bb title=\u00a0\u00bbDes couvre-chaussures thermiques et s\u00e9curisants\u00a0\u00bb][vc_column_text]Qui dit hiver dit\u00a0<strong>luminosit\u00e9 r\u00e9duite<\/strong>. Il faut donc \u00eatre visible aux yeux des automobilistes ou autres usagers de la route. Pour cela, la semelle de nos couvre-chaussures hiver AVEL est\u00a0<strong>r\u00e9fl\u00e9chissante<\/strong>. Tout comme l\u2019ourlet de la fermeture \u00e9clair. Vous pouvez rouler en toute s\u00e9curit\u00e9.[\/vc_column_text][\/vc_tta_section][vc_tta_section tab_id=\u00a0\u00bbdescription4d852-5e2c\u00a0\u00bb title=\u00a0\u00bbDes couvre-chaussures made in Italy\u00a0\u00bb][vc_column_text]Nos couvre-chaussures v\u00e9lo hiver sont\u00a0<strong>produits en Italie<\/strong>\u00a0\u2013 avec soin et sans compromis. C\u2019est un imp\u00e9ratif chez Ozio. Nous ne travaillons qu\u2019avec des\u00a0<strong>fournisseurs s\u00fbrs et sp\u00e9cialis\u00e9s<\/strong>, de\u00a0<strong>proximit\u00e9<\/strong>, pour vous offrir le meilleur de la conception textile v\u00e9lo.[\/vc_column_text][\/vc_tta_section][vc_tta_section i_position=\u00a0\u00bbright\u00a0\u00bb i_icon_fontawesome=\u00a0\u00bbfas fa-comment\u00a0\u00bb add_icon=\u00a0\u00bbtrue\u00a0\u00bb title=\u00a0\u00bbEntre vous et moi\u00a0\u00bb tab_id=\u00a0\u00bbentrevsetmoid852-5e2c\u00a0\u00bb][vc_column_text]Pourquoi \u201cAVEL\u201d ? Parce qu\u2019<strong>en breton, ce mot signifie \u201cvent\u201d<\/strong>. La Bretagne est une\u00a0<strong>terre de cyclisme<\/strong>, qui a produit de nombreux champions et qui accueille encore de nombreuses courses. Le v\u00e9lo l\u00e0-bas est le sport le plus populaire, avant m\u00eame le football. F\u00e9ru d\u2019histoire du cyclisme, quoi de mieux qu\u2019un petit clin d\u2019\u0153il \u00e0 cette belle r\u00e9gion ?[\/vc_column_text][\/vc_tta_section][\/vc_tta_accordion][vc_raw_html]JTVCYmxvY2slMjBpZCUzRCUyMjMyMzQ1JTIyJTVE[\/vc_raw_html][\/vc_column][\/vc_row]<\/p>\n","protected":false},"excerpt":{"rendered":"<p>Nos couvre-chaussures hiver ont tout pour plaire : d\u00e9perlants, coupe-vent, antid\u00e9rapants, r\u00e9fl\u00e9chissants et&#8230; super faciles \u00e0 enfiler.<\/p>\n","protected":false},"featured_media":32029,"comment_status":"open","ping_status":"closed","template":"","meta":{"_acf_changed":false},"etheme_brands":[],"product_brand":[],"product_cat":[447,448,474,475,737,739,738,454,481,482,461,486],"product_tag":[],"class_list":{"0":"post-16946","1":"product","2":"type-product","3":"status-publish","4":"has-post-thumbnail","6":"product_cat-accessoires-cycliste","7":"product_cat-chaussettes-couvre-chaussures","8":"product_cat-destockage-homme","9":"product_cat-destockage-femme","10":"product_cat-destockage-ete-2025","11":"product_cat-destockage-ete-femme-2025","12":"product_cat-destockage-ete-homme-2025","13":"product_cat-vetements-velo-femme","14":"product_cat-hiver-femme","15":"product_cat-hiver-homme","16":"product_cat-vetements-velo-homme","17":"product_cat-route-homme","19":"first","20":"instock","21":"sale","22":"taxable","23":"shipping-taxable","24":"purchasable","25":"product-type-variable"},"acf":[],"_links":{"self":[{"href":"https:\/\/dev-ozio.inwigo.fr\/ozio\/wp-json\/wp\/v2\/product\/16946","targetHints":{"allow":["GET"]}}],"collection":[{"href":"https:\/\/dev-ozio.inwigo.fr\/ozio\/wp-json\/wp\/v2\/product"}],"about":[{"href":"https:\/\/dev-ozio.inwigo.fr\/ozio\/wp-json\/wp\/v2\/types\/product"}],"replies":[{"embeddable":true,"href":"https:\/\/dev-ozio.inwigo.fr\/ozio\/wp-json\/wp\/v2\/comments?post=16946"}],"wp:featuredmedia":[{"embeddable":true,"href":"https:\/\/dev-ozio.inwigo.fr\/ozio\/wp-json\/wp\/v2\/media\/32029"}],"wp:attachment":[{"href":"https:\/\/dev-ozio.inwigo.fr\/ozio\/wp-json\/wp\/v2\/media?parent=16946"}],"wp:term":[{"taxonomy":"brand","embeddable":true,"href":"https:\/\/dev-ozio.inwigo.fr\/ozio\/wp-json\/wp\/v2\/etheme_brands?post=16946"},{"taxonomy":"product_brand","embeddable":true,"href":"https:\/\/dev-ozio.inwigo.fr\/ozio\/wp-json\/wp\/v2\/product_brand?post=16946"},{"taxonomy":"product_cat","embeddable":true,"href":"https:\/\/dev-ozio.inwigo.fr\/ozio\/wp-json\/wp\/v2\/product_cat?post=16946"},{"taxonomy":"product_tag","embeddable":true,"href":"https:\/\/dev-ozio.inwigo.fr\/ozio\/wp-json\/wp\/v2\/product_tag?post=16946"}],"curies":[{"name":"wp","href":"https:\/\/api.w.org\/{rel}","templated":true}]}}