{"id":16951,"date":"2019-10-07T16:21:42","date_gmt":"2019-10-07T14:21:42","guid":{"rendered":"https:\/\/www.ozio.eu\/?post_type=product&#038;p=16951"},"modified":"2025-07-26T13:48:44","modified_gmt":"2025-07-26T11:48:44","slug":"couvre-chaussures-pluie-velo","status":"publish","type":"product","link":"https:\/\/dev-ozio.inwigo.fr\/ozio\/produit\/couvre-chaussures-pluie-velo\/","title":{"rendered":"Couvre-chaussures"},"content":{"rendered":"<p>[vc_row][vc_column][vc_video link=\u00a0\u00bbhttps:\/\/youtu.be\/Oeihj11n6ks\u00a0\u00bb][vc_column_text]Ces couvre chaussures sont parfaites pour les conditions <strong>automnales<\/strong>.<\/p>\n<p>Sa coupe coll\u00e9e \u00e0 la chaussure, et la surface tr\u00e8s lisse de la mati\u00e8re, permettent de<strong> r\u00e9duire la r\u00e9sistance de l&rsquo;air<\/strong> sur vos chaussures.<\/p>\n<p>La mati\u00e8re utilis\u00e9e, vous prot\u00e9gera <strong>contre les petites averses et les projections d&rsquo;eau<\/strong> venant de vos roues.<\/p>\n<p>La couleur argent vous permettra de vous diff\u00e9rencier et d&rsquo;\u00eatre beaucoup <strong>plus visible<\/strong> par les automobilistes.<\/p>\n<p><strong>Conseils d&rsquo;enfilage <\/strong>:<\/p>\n<p>Ces couvre-chaussures sont \u00e0 enfiler comme des chaussettes, en commen\u00e7ant par la pointe du pied et avec la couvre-chaussure pliss\u00e9e.<\/p>\n<p>Etant donn\u00e9 la hauteur de tige (sur le mollet), il est pr\u00e9f\u00e9rable de fermer le zip avec la tige pliss\u00e9e sous le mollet. Une fois le zip mont\u00e9, monter la tige de la couvre-chaussure sur le mollet.[\/vc_column_text][\/vc_column][\/vc_row]<\/p>\n","protected":false},"excerpt":{"rendered":"<p>Couvre-chaussures a\u00e9rodynamique et d\u00e9perlante \u00e9t\u00e9\/automne<\/p>\n","protected":false},"featured_media":32034,"comment_status":"open","ping_status":"closed","template":"","meta":{"_acf_changed":false},"etheme_brands":[],"product_brand":[],"product_cat":[447,448,737,739,738,483,480,454,481,482,461,567,560,486],"product_tag":[],"class_list":{"0":"post-16951","1":"product","2":"type-product","3":"status-publish","4":"has-post-thumbnail","6":"product_cat-accessoires-cycliste","7":"product_cat-chaussettes-couvre-chaussures","8":"product_cat-destockage-ete-2025","9":"product_cat-destockage-ete-femme-2025","10":"product_cat-destockage-ete-homme-2025","11":"product_cat-ete-homme","12":"product_cat-ete-femme","13":"product_cat-vetements-velo-femme","14":"product_cat-hiver-femme","15":"product_cat-hiver-homme","16":"product_cat-vetements-velo-homme","17":"product_cat-mi-saison-femme","18":"product_cat-mi-saison-homme","19":"product_cat-route-homme","21":"first","22":"instock","23":"sale","24":"taxable","25":"shipping-taxable","26":"purchasable","27":"product-type-variable"},"acf":[],"_links":{"self":[{"href":"https:\/\/dev-ozio.inwigo.fr\/ozio\/wp-json\/wp\/v2\/product\/16951","targetHints":{"allow":["GET"]}}],"collection":[{"href":"https:\/\/dev-ozio.inwigo.fr\/ozio\/wp-json\/wp\/v2\/product"}],"about":[{"href":"https:\/\/dev-ozio.inwigo.fr\/ozio\/wp-json\/wp\/v2\/types\/product"}],"replies":[{"embeddable":true,"href":"https:\/\/dev-ozio.inwigo.fr\/ozio\/wp-json\/wp\/v2\/comments?post=16951"}],"wp:featuredmedia":[{"embeddable":true,"href":"https:\/\/dev-ozio.inwigo.fr\/ozio\/wp-json\/wp\/v2\/media\/32034"}],"wp:attachment":[{"href":"https:\/\/dev-ozio.inwigo.fr\/ozio\/wp-json\/wp\/v2\/media?parent=16951"}],"wp:term":[{"taxonomy":"brand","embeddable":true,"href":"https:\/\/dev-ozio.inwigo.fr\/ozio\/wp-json\/wp\/v2\/etheme_brands?post=16951"},{"taxonomy":"product_brand","embeddable":true,"href":"https:\/\/dev-ozio.inwigo.fr\/ozio\/wp-json\/wp\/v2\/product_brand?post=16951"},{"taxonomy":"product_cat","embeddable":true,"href":"https:\/\/dev-ozio.inwigo.fr\/ozio\/wp-json\/wp\/v2\/product_cat?post=16951"},{"taxonomy":"product_tag","embeddable":true,"href":"https:\/\/dev-ozio.inwigo.fr\/ozio\/wp-json\/wp\/v2\/product_tag?post=16951"}],"curies":[{"name":"wp","href":"https:\/\/api.w.org\/{rel}","templated":true}]}}