{"id":18472,"date":"2020-02-25T19:26:04","date_gmt":"2020-02-25T18:26:04","guid":{"rendered":"https:\/\/www.ozio.eu\/?post_type=product&#038;p=18472"},"modified":"2025-07-26T14:18:12","modified_gmt":"2025-07-26T12:18:12","slug":"chaussettes-velo-team","status":"publish","type":"product","link":"https:\/\/dev-ozio.inwigo.fr\/ozio\/produit\/chaussettes-velo-team\/","title":{"rendered":"Chaussettes TEAM"},"content":{"rendered":"<p>[vc_row _et_uniqid=\u00a0\u00bbet_custom_uniqid_new_61309d0fb960d\u00a0\u00bb][vc_column][vc_column_text]<\/p>\n<h2>TEAM, des chaussettes v\u00e9lo techniques et modernes<\/h2>\n<p>Des chaussettes v\u00e9lo doivent \u00eatre\u00a0<b>confortables<\/b>\u00a0et avant tout pour l\u2019\u00e9t\u00e9 : bien\u00a0<b>respirantes<\/b>. J\u2019ai choisi la\u00a0<b>fibre Meryl<\/b>, connue pour son confort, sa r\u00e9sistance, sa respirabilit\u00e9 et son s\u00e9chage rapide. Ces chaussettes v\u00e9lo s\u2019appellent TEAM, pour garder l\u2019esprit d\u2019\u00e9quipe.[\/vc_column_text][vc_tta_accordion section_title_tag=\u00a0\u00bbh2&Prime; style=\u00a0\u00bbflat\u00a0\u00bb shape=\u00a0\u00bbsquare\u00a0\u00bb color=\u00a0\u00bbwhite\u00a0\u00bb active_section=\u00a0\u00bb56&Prime; no_fill=\u00a0\u00bbtrue\u00a0\u00bb collapsible_all=\u00a0\u00bbtrue\u00a0\u00bb][vc_tta_section tab_id=\u00a0\u00bbdescription1d8b5-c88b\u00a0\u00bb title=\u00a0\u00bbDes chaussettes de cyclisme performantes\u00a0\u00bb][vc_column_text]La premi\u00e8re mission des chaussettes v\u00e9lo : assurer la\u00a0<b>thermor\u00e9gulation<\/b>\u00a0du pied et l\u2019<b>\u00e9vacuation\u00a0<\/b>de l\u2019humidit\u00e9. Avec le mod\u00e8le TEAM, vous pouvez compter sur une performance de haut niveau :<\/p>\n<ul>\n<li><b>De la fibre Meryl<\/b>, pour garder le pied au frais et \u00e9viter les \u00e9chauffements<\/li>\n<li><b>Des renforts aux talons et aux orteils<\/b>, pour une plus grande durabilit\u00e9<\/li>\n<li><b>Des \u00e9lastiques plac\u00e9s judicieusement<\/b>, pour un bon maintien<\/li>\n<\/ul>\n<p>[\/vc_column_text][\/vc_tta_section][vc_tta_section tab_id=\u00a0\u00bbdescription2d8b5-c88b\u00a0\u00bb title=\u00a0\u00bbUne esth\u00e9tique moderne et efficace\u00a0\u00bb][vc_column_text]Qui a dit que l\u2019esth\u00e9tique \u00e9tait accessoire pour des chaussettes de cyclisme ? Certainement pas Ozio. Au contraire, pour ce mod\u00e8le TEAM, j\u2019ai mis\u00e9 sur un\u00a0<strong>style actuel et affirm\u00e9<\/strong>\u00a0:<\/p>\n<ul>\n<li><b>Diff\u00e9rents\u00a0gaufrages<\/b>\u00a0sur l\u2019ensemble de la chaussette pour l\u2019esth\u00e9tique<\/li>\n<li><b>Trois propositions de hauteur de tige: <\/b>19, 22 et 25 cm pour apporter une touche moderne et tendance<\/li>\n<li><b>Quatre couleurs unies <\/b>pour s\u2019associer \u00e0 toutes nos tenues<\/li>\n<\/ul>\n<p>[\/vc_column_text][\/vc_tta_section][vc_tta_section tab_id=\u00a0\u00bbdescription3d8b5-c88b\u00a0\u00bb title=\u00a0\u00bbDes chaussettes v\u00e9lo \u00e9t\u00e9 au top\u00a0\u00bb][vc_column_text]Gr\u00e2ce \u00e0 sa fibre ultra\u00a0<strong>performante<\/strong>\u00a0et\u00a0<strong>respirante<\/strong>, les chaussettes de cyclisme TEAM sont vos alli\u00e9es sur vos\u00a0<strong>escapades les plus dures et les plus chaudes<\/strong>. Douces au contact de la peau, elles\u00a0<strong>absorbent<\/strong>\u00a0rapidement la transpiration et\u00a0<strong>s\u00e8chent<\/strong>\u00a0en un temps record.[\/vc_column_text][\/vc_tta_section][vc_tta_section tab_id=\u00a0\u00bbdescription4d8b5-c88b\u00a0\u00bb title=\u00a0\u00bbVous avez l\u2019esprit d\u2019\u00e9quipe ? Rejoignez la #TeamOzio\u00a0\u00bb][vc_column_text]Arborez fi\u00e8rement\u00a0<strong>vos couleurs Ozio<\/strong>\u00a0! Ma vision de l\u2019esprit sportif, c\u2019est avant tout un\u00a0<strong>esprit d\u2019\u00e9quipe<\/strong>\u00a0et de\u00a0<strong>communaut\u00e9<\/strong>. Avec vos chaussettes v\u00e9lo TEAM, faites de cet esprit un\u00a0<strong>moteur de motivation<\/strong>\u00a0et de\u00a0<strong>partage<\/strong>. Postez vos plus beaux moments avec le\u00a0<strong>hashtag #TEAMOZIO<\/strong>\u00a0et rejoignez Ozio sur\u00a0<a title=\"\" href=\"https:\/\/www.facebook.com\/oziobike\" target=\"_blank\" rel=\"noopener noreferrer\">Facebook<\/a>,\u00a0<a title=\"\" href=\"https:\/\/www.instagram.com\/oziobike\/\" target=\"_blank\" rel=\"noopener noreferrer\">Instagram<\/a>\u00a0et\u00a0<a title=\"\" href=\"https:\/\/fr.pinterest.com\/oziobike\" target=\"_blank\" rel=\"noopener noreferrer\">Pinterest<\/a>.[\/vc_column_text][\/vc_tta_section][vc_tta_section i_position=\u00a0\u00bbright\u00a0\u00bb i_icon_fontawesome=\u00a0\u00bbfas fa-comment\u00a0\u00bb add_icon=\u00a0\u00bbtrue\u00a0\u00bb title=\u00a0\u00bbEntre vous et moi\u00a0\u00bb tab_id=\u00a0\u00bbentrevsetmoid8b5-c88b\u00a0\u00bb][vc_column_text]La\u00a0<strong>question de l\u2019entretien est<\/strong>\u00a0toujours centrale quand je con\u00e7ois un v\u00eatement ou un accessoire de cyclisme comme ces chaussettes v\u00e9lo. Il doit \u00eatre le plus simple possible. Pour cette fibre Meryl, par exemple, on peut tout \u00e0 fait la\u00a0<strong>passer en machine<\/strong>. Seule contrainte :\u00a0<strong>un cycle court de 30\u00b0 maximum<\/strong>. Vos chaussettes s\u00e8chent ensuite\u00a0<strong>\u00e0 l\u2019air libre<\/strong>. Et le tour est jou\u00e9.[\/vc_column_text][\/vc_tta_section][\/vc_tta_accordion][vc_raw_html]JTVCYmxvY2slMjBpZCUzRCUyMjMyMzQ1JTIyJTVE[\/vc_raw_html][\/vc_column][\/vc_row]<\/p>\n","protected":false},"excerpt":{"rendered":"<p>Des chaussettes v\u00e9lo tige haute, de 17, 22 et 25 cm. Sobres, techniques, hyper respirantes pour l\u2019\u00e9t\u00e9, faciles \u00e0 associer \u00e0 toutes vos tenues.<\/p>\n","protected":false},"featured_media":41854,"comment_status":"open","ping_status":"closed","template":"","meta":{"_acf_changed":false},"etheme_brands":[],"product_brand":[],"product_cat":[447,605,448,737,739,738,480,483,454,461,485,486,484],"product_tag":[],"class_list":{"0":"post-18472","1":"product","2":"type-product","3":"status-publish","4":"has-post-thumbnail","6":"product_cat-accessoires-cycliste","7":"product_cat-chaussettes-de-velo","8":"product_cat-chaussettes-couvre-chaussures","9":"product_cat-destockage-ete-2025","10":"product_cat-destockage-ete-femme-2025","11":"product_cat-destockage-ete-homme-2025","12":"product_cat-ete-femme","13":"product_cat-ete-homme","14":"product_cat-vetements-velo-femme","15":"product_cat-vetements-velo-homme","16":"product_cat-gravel-homme","17":"product_cat-route-homme","18":"product_cat-vtt-homme","20":"first","21":"instock","22":"sale","23":"taxable","24":"shipping-taxable","25":"purchasable","26":"product-type-variable"},"acf":[],"_links":{"self":[{"href":"https:\/\/dev-ozio.inwigo.fr\/ozio\/wp-json\/wp\/v2\/product\/18472","targetHints":{"allow":["GET"]}}],"collection":[{"href":"https:\/\/dev-ozio.inwigo.fr\/ozio\/wp-json\/wp\/v2\/product"}],"about":[{"href":"https:\/\/dev-ozio.inwigo.fr\/ozio\/wp-json\/wp\/v2\/types\/product"}],"replies":[{"embeddable":true,"href":"https:\/\/dev-ozio.inwigo.fr\/ozio\/wp-json\/wp\/v2\/comments?post=18472"}],"wp:featuredmedia":[{"embeddable":true,"href":"https:\/\/dev-ozio.inwigo.fr\/ozio\/wp-json\/wp\/v2\/media\/41854"}],"wp:attachment":[{"href":"https:\/\/dev-ozio.inwigo.fr\/ozio\/wp-json\/wp\/v2\/media?parent=18472"}],"wp:term":[{"taxonomy":"brand","embeddable":true,"href":"https:\/\/dev-ozio.inwigo.fr\/ozio\/wp-json\/wp\/v2\/etheme_brands?post=18472"},{"taxonomy":"product_brand","embeddable":true,"href":"https:\/\/dev-ozio.inwigo.fr\/ozio\/wp-json\/wp\/v2\/product_brand?post=18472"},{"taxonomy":"product_cat","embeddable":true,"href":"https:\/\/dev-ozio.inwigo.fr\/ozio\/wp-json\/wp\/v2\/product_cat?post=18472"},{"taxonomy":"product_tag","embeddable":true,"href":"https:\/\/dev-ozio.inwigo.fr\/ozio\/wp-json\/wp\/v2\/product_tag?post=18472"}],"curies":[{"name":"wp","href":"https:\/\/api.w.org\/{rel}","templated":true}]}}