{"id":19818,"date":"2020-05-05T13:41:40","date_gmt":"2020-05-05T11:41:40","guid":{"rendered":"https:\/\/www.ozio.eu\/?post_type=product&#038;p=19818"},"modified":"2025-07-07T17:07:40","modified_gmt":"2025-07-07T15:07:40","slug":"cuissard-velo-femme-diva-2025","status":"publish","type":"product","link":"https:\/\/dev-ozio.inwigo.fr\/ozio\/produit\/cuissard-velo-femme-diva-2025\/","title":{"rendered":"Cuissard DIVA Femme <br\/> Jusqu\u2019\u00e0 7h de v\u00e9lo, bande silicone sur les cuisses"},"content":{"rendered":"<p>[vc_row _et_uniqid=\u00a0\u00bbet_custom_uniqid_new_612f8c2960d6e\u00a0\u00bb][vc_column][vc_column_text]<\/p>\n<h2>Un cuissard v\u00e9lo femme pour la cycliste exigeante<\/h2>\n<div>\n<p>Un\u00a0<strong>cuissard cycliste femme sans bretelles<\/strong> r\u00e9alis\u00e9 dans des tissus de qualit\u00e9. Le cyclisme avec \u00e9l\u00e9gance et confort, c\u2019est possible. De nombreux d\u00e9tails font de ce cuissard v\u00e9lo femme le v\u00eatement <strong>parfait pour vos longues routes<\/strong>. On vous les pr\u00e9sente.<\/p>\n<\/div>\n<p>[\/vc_column_text][vc_tta_accordion section_title_tag=\u00a0\u00bbh2&Prime; style=\u00a0\u00bbflat\u00a0\u00bb shape=\u00a0\u00bbsquare\u00a0\u00bb color=\u00a0\u00bbwhite\u00a0\u00bb active_section=\u00a0\u00bb56&Prime; no_fill=\u00a0\u00bbtrue\u00a0\u00bb collapsible_all=\u00a0\u00bbtrue\u00a0\u00bb][vc_tta_section tab_id=\u00a0\u00bbdescription116b4-9dfb\u00a0\u00bb title=\u00a0\u00bbUne tenue parfaite\u00a0\u00bb][vc_column_text]Le cuissard v\u00e9lo femme DIVA se caract\u00e9rise par une <strong>tenue 100% fiable<\/strong>. Son \u00e9lastique d\u2019ajustement \u00e0 la taille vous permet de le fixer fermement. Sa large bande silicone en bas de cuisse maintient votre cuissard bien en place. La largeur de la bande \u00e9lastique offre l\u2019avantage de\u00a0<strong>maintenir sans compresser<\/strong>. Vous pourrez p\u00e9daler, assur\u00e9e d\u2019un v\u00eatement qui ne glisse pas. Vous vous sentez \u00e0 l\u2019aise sur votre v\u00e9lo. Vous avez la certitude que votre cuissard tiendra du d\u00e9but \u00e0 la fin de votre sortie sportive.[\/vc_column_text][\/vc_tta_section][vc_tta_section tab_id=\u00a0\u00bbdescription216b4-9dfb\u00a0\u00bb title=\u00a0\u00bbUne technique \u00e0 la pointe\u00a0\u00bb][vc_column_text]Ce cuissard cycliste femme a \u00e9t\u00e9 con\u00e7u dans les meilleures mati\u00e8res pour \u00e9quipements sportifs. Pour offrir du confort sur des longues distances, nous utilisons des tissus italiens,\u00a0<strong>respirants et r\u00e9sistants \u00e0 l\u2019abrasion<\/strong>. Le tissu assure un rendu seconde peau. L\u2019assise a \u00e9t\u00e9 con\u00e7u pour vous suivre durant vos longues heures de p\u00e9dalage gr\u00e2ce \u00e0 la peau anatomie femme \u201c<a title=\"\" href=\"https:\/\/www.elasticinterface.com\/cycling-pads\/combi-women\/\" target=\"_blank\" rel=\"noopener noreferrer\">Combi women<\/a>\u201d de chez Elastic Interface. Solide et respirant,\u00a0<strong>sa l\u00e9g\u00e8ret\u00e9 et sa douceur<\/strong> vous surprendront. Le cuissard v\u00e9lo femme DIVA sait se faire oublier, comme une seconde peau.<\/p>\n<p>Vous pouvez associer ce cuissard \u00e0 l&rsquo;un de nos <a href=\"https:\/\/www.ozio.eu\/c\/vetements-velo-femme\/hauts-femme\/maillots-velo-femme\/\" target=\"_blank\" rel=\"noopener\">maillots<\/a>. Vous obtiendrez ainsi 20% de r\u00e9duction ![\/vc_column_text][\/vc_tta_section][vc_tta_section i_position=\u00a0\u00bbright\u00a0\u00bb i_icon_fontawesome=\u00a0\u00bbfas fa-comment\u00a0\u00bb add_icon=\u00a0\u00bbtrue\u00a0\u00bb title=\u00a0\u00bbEntre vous et moi\u00a0\u00bb tab_id=\u00a0\u00bbentrevsetmoi16b4-9dfb\u00a0\u00bb][vc_column_text]Si j\u2019ai appel\u00e9 ce cuissard DIVA, c\u2019est tout d\u2019abord parce qu\u2019il est\u00a0<strong>fabriqu\u00e9 en Italie<\/strong>. Mais aussi parce que ce cuissard refl\u00e8te bien ma vision qu\u2019un \u00e9quipement sportif peut \u00eatre \u00e9l\u00e9gant. Je ne pr\u00e9tends pas que vous pourrez le porter pour un cocktail, mais si son esth\u00e9tique vous incite \u00e0 vous mettre en selle, j\u2019aurai d\u00e9j\u00e0 gagn\u00e9 un point. Parfois la motivation \u00e0 sortir faire du sport tient \u00e0 ce genre de d\u00e9tail.[\/vc_column_text][\/vc_tta_section][\/vc_tta_accordion][vc_raw_html]JTVCYmxvY2slMjBpZCUzRCUyMjMyMzM1JTIyJTVE[\/vc_raw_html][\/vc_column][\/vc_row]<\/p>\n","protected":false},"excerpt":{"rendered":"<p>Cuissard v\u00e9lo femme au design unique et d&rsquo;une solidit\u00e9 \u00e0 toute \u00e9preuve. Votre alli\u00e9 des longues sorties v\u00e9lo en confort et \u00e9l\u00e9gance.<\/p>\n","protected":false},"featured_media":48697,"comment_status":"open","ping_status":"closed","template":"","meta":{"_acf_changed":false},"etheme_brands":[],"product_brand":[],"product_cat":[606,455,737,739,480,454,670,477,675],"product_tag":[],"class_list":{"0":"post-19818","1":"product","2":"type-product","3":"status-publish","4":"has-post-thumbnail","6":"product_cat-cuissards-femmes","7":"product_cat-cuissards-femme","8":"product_cat-destockage-ete-2025","9":"product_cat-destockage-ete-femme-2025","10":"product_cat-ete-femme","11":"product_cat-vetements-velo-femme","12":"product_cat-ensemble-maillot-cuissard-femme","13":"product_cat-nouveautes-femme","14":"product_cat-soldes-femme","16":"first","17":"outofstock","18":"taxable","19":"shipping-taxable","20":"product-type-variable"},"acf":[],"_links":{"self":[{"href":"https:\/\/dev-ozio.inwigo.fr\/ozio\/wp-json\/wp\/v2\/product\/19818","targetHints":{"allow":["GET"]}}],"collection":[{"href":"https:\/\/dev-ozio.inwigo.fr\/ozio\/wp-json\/wp\/v2\/product"}],"about":[{"href":"https:\/\/dev-ozio.inwigo.fr\/ozio\/wp-json\/wp\/v2\/types\/product"}],"replies":[{"embeddable":true,"href":"https:\/\/dev-ozio.inwigo.fr\/ozio\/wp-json\/wp\/v2\/comments?post=19818"}],"wp:featuredmedia":[{"embeddable":true,"href":"https:\/\/dev-ozio.inwigo.fr\/ozio\/wp-json\/wp\/v2\/media\/48697"}],"wp:attachment":[{"href":"https:\/\/dev-ozio.inwigo.fr\/ozio\/wp-json\/wp\/v2\/media?parent=19818"}],"wp:term":[{"taxonomy":"brand","embeddable":true,"href":"https:\/\/dev-ozio.inwigo.fr\/ozio\/wp-json\/wp\/v2\/etheme_brands?post=19818"},{"taxonomy":"product_brand","embeddable":true,"href":"https:\/\/dev-ozio.inwigo.fr\/ozio\/wp-json\/wp\/v2\/product_brand?post=19818"},{"taxonomy":"product_cat","embeddable":true,"href":"https:\/\/dev-ozio.inwigo.fr\/ozio\/wp-json\/wp\/v2\/product_cat?post=19818"},{"taxonomy":"product_tag","embeddable":true,"href":"https:\/\/dev-ozio.inwigo.fr\/ozio\/wp-json\/wp\/v2\/product_tag?post=19818"}],"curies":[{"name":"wp","href":"https:\/\/api.w.org\/{rel}","templated":true}]}}