{"id":2166,"date":"2016-02-19T11:53:41","date_gmt":"2016-02-19T10:53:41","guid":{"rendered":"https:\/\/www.ozio.eu\/?post_type=product&#038;p=2166"},"modified":"2025-07-21T19:08:57","modified_gmt":"2025-07-21T17:08:57","slug":"chaussettes-malia","status":"publish","type":"product","link":"https:\/\/dev-ozio.inwigo.fr\/ozio\/produit\/chaussettes-malia\/","title":{"rendered":"Chaussettes MALIA"},"content":{"rendered":"<p>La chaussette Malia et sa <strong>fibre haute technologie<\/strong> permettent de garder votre pied au sec gr\u00e2ce \u00e0 sa tr\u00e8s <strong>grande respirabilit\u00e9<\/strong>. Vous aurez une v\u00e9ritable <strong>sensation de confort et de douceur<\/strong> d\u00e8s que vous l&rsquo;aurez enfil\u00e9e, et jusqu\u2019\u00e0 la fin de votre sortie. Un <strong>mesh respirant<\/strong> sur le dessus du pied, ainsi qu&rsquo;une bande de resserrement viennent compl\u00e9ter cette sensation de confort.<\/p>\n<p>La fibre Meryl Skinlife offre un <strong>traitement anti-bact\u00e9rien<\/strong> et garde toutes ses propri\u00e9t\u00e9s, m\u00eame apr\u00e8s de nombreux lavages.<\/p>\n<p>La chaussette Malia est d\u00e9clin\u00e9e en <strong>deux couleurs<\/strong>, ce qui vous permettra de l&rsquo;accorder avec le maillot et cuissard de la m\u00eame gamme, pour <strong>faire sensation<\/strong> sur votre v\u00e9lo.<\/p>\n","protected":false},"excerpt":{"rendered":"<p>Cette chaussette, douce au contact de la peau, \u00e9vacue parfaitement la transpiration.<\/p>\n","protected":false},"featured_media":32022,"comment_status":"open","ping_status":"closed","template":"","meta":{"_acf_changed":false},"etheme_brands":[],"product_brand":[],"product_cat":[447,605,448,474,475,737,739,738,480,664,454,662,521,675],"product_tag":[],"class_list":{"0":"post-2166","1":"product","2":"type-product","3":"status-publish","4":"has-post-thumbnail","6":"product_cat-accessoires-cycliste","7":"product_cat-chaussettes-de-velo","8":"product_cat-chaussettes-couvre-chaussures","9":"product_cat-destockage-homme","10":"product_cat-destockage-femme","11":"product_cat-destockage-ete-2025","12":"product_cat-destockage-ete-femme-2025","13":"product_cat-destockage-ete-homme-2025","14":"product_cat-ete-femme","15":"product_cat-ozio-days-femme","16":"product_cat-vetements-velo-femme","17":"product_cat-ozio-days","18":"product_cat-soldes","19":"product_cat-soldes-femme","21":"first","22":"instock","23":"sale","24":"taxable","25":"shipping-taxable","26":"purchasable","27":"product-type-variable","28":"has-default-attributes"},"acf":[],"_links":{"self":[{"href":"https:\/\/dev-ozio.inwigo.fr\/ozio\/wp-json\/wp\/v2\/product\/2166","targetHints":{"allow":["GET"]}}],"collection":[{"href":"https:\/\/dev-ozio.inwigo.fr\/ozio\/wp-json\/wp\/v2\/product"}],"about":[{"href":"https:\/\/dev-ozio.inwigo.fr\/ozio\/wp-json\/wp\/v2\/types\/product"}],"replies":[{"embeddable":true,"href":"https:\/\/dev-ozio.inwigo.fr\/ozio\/wp-json\/wp\/v2\/comments?post=2166"}],"wp:featuredmedia":[{"embeddable":true,"href":"https:\/\/dev-ozio.inwigo.fr\/ozio\/wp-json\/wp\/v2\/media\/32022"}],"wp:attachment":[{"href":"https:\/\/dev-ozio.inwigo.fr\/ozio\/wp-json\/wp\/v2\/media?parent=2166"}],"wp:term":[{"taxonomy":"brand","embeddable":true,"href":"https:\/\/dev-ozio.inwigo.fr\/ozio\/wp-json\/wp\/v2\/etheme_brands?post=2166"},{"taxonomy":"product_brand","embeddable":true,"href":"https:\/\/dev-ozio.inwigo.fr\/ozio\/wp-json\/wp\/v2\/product_brand?post=2166"},{"taxonomy":"product_cat","embeddable":true,"href":"https:\/\/dev-ozio.inwigo.fr\/ozio\/wp-json\/wp\/v2\/product_cat?post=2166"},{"taxonomy":"product_tag","embeddable":true,"href":"https:\/\/dev-ozio.inwigo.fr\/ozio\/wp-json\/wp\/v2\/product_tag?post=2166"}],"curies":[{"name":"wp","href":"https:\/\/api.w.org\/{rel}","templated":true}]}}