{"id":25656,"date":"2021-02-11T16:40:06","date_gmt":"2021-02-11T15:40:06","guid":{"rendered":"https:\/\/www.ozio.eu\/?post_type=product&#038;p=25656"},"modified":"2025-07-03T16:25:27","modified_gmt":"2025-07-03T14:25:27","slug":"maillot-femme-velo-locman","status":"publish","type":"product","link":"https:\/\/dev-ozio.inwigo.fr\/ozio\/produit\/maillot-femme-velo-locman\/","title":{"rendered":"Maillot LOCMAN Femme"},"content":{"rendered":"<p>[vc_row _et_uniqid=\u00a0\u00bbet_custom_uniqid_new_612f8c2960d6e\u00a0\u00bb][vc_column][vc_column_text]<\/p>\n<h2>LOCMAN, un maillot femme v\u00e9lo manches mi-longues durable et moderne<\/h2>\n<p>Nous sommes d\u2019accord, un maillot cycliste doit vous offrir la\u00a0<strong>meilleure exp\u00e9rience possible<\/strong>. C\u2019est pourquoi, j\u2019ai voulu combiner\u00a0<strong>durabilit\u00e9, esth\u00e9tisme et fonctionnalit\u00e9<\/strong>\u00a0pour vous offrir un maximum de confort et de performance. Le maillot qui rassemble toutes ces qualit\u00e9s a un nom : LOCMAN.[\/vc_column_text][vc_tta_accordion section_title_tag=\u00a0\u00bbh2&Prime; style=\u00a0\u00bbflat\u00a0\u00bb shape=\u00a0\u00bbsquare\u00a0\u00bb color=\u00a0\u00bbwhite\u00a0\u00bb active_section=\u00a0\u00bb56&Prime; no_fill=\u00a0\u00bbtrue\u00a0\u00bb collapsible_all=\u00a0\u00bbtrue\u00a0\u00bb][vc_tta_section tab_id=\u00a0\u00bbdescription1dade-4d2b\u00a0\u00bb title=\u00a0\u00bbUn maillot qui se porte comme une seconde peau\u00a0\u00bb][vc_column_text]Le maillot v\u00e9lo femme LOCMAN, compos\u00e9 d\u2019une combinaison \u00e9labor\u00e9e de <strong>trois tissus italiens l\u00e9gers et respirants<\/strong>, se porte comme une seconde peau. Il \u00e9pouse vos courbes pour une\u00a0<strong>adh\u00e9rence a\u00e9rodynamique parfaite<\/strong>.[\/vc_column_text][\/vc_tta_section][vc_tta_section tab_id=\u00a0\u00bbdescription2dade-4d2b\u00a0\u00bb title=\u00a0\u00bbUn maillot femme v\u00e9lo performant\u00a0\u00bb][vc_column_text]Le maillot cycliste LOCMAN cumule les caract\u00e9ristiques techniques qui optimisent sa performance :<\/p>\n<ul>\n<li aria-level=\"1\">pour la\u00a0<strong>respirabilit\u00e9 et le confort<\/strong>\u00a0: combinaisons de 3 tissus positionn\u00e9s strat\u00e9giquement ;<\/li>\n<li aria-level=\"1\">pour plus de flexibilit\u00e9 :\u00a0<strong>fermeture \u00e9clair \u201cYKK camlock\u201d<\/strong>\u00a0qui peut \u00eatre ouverte, ferm\u00e9e ou verrouill\u00e9e d\u2019une seule main ;<\/li>\n<li aria-level=\"1\">pour\u00a0<strong>prot\u00e9ger le cuissard de la fermeture \u00e9clair<\/strong>\u00a0: une contre-couture \u00e0 la base du maillot ;<\/li>\n<li aria-level=\"1\">pour un<strong>\u00a0maintien stable<\/strong>\u00a0: une bande \u00e9lastique en silicone ;<\/li>\n<li aria-level=\"1\">pour facilement transporter votre n\u00e9cessaire : une\u00a0<strong>poche zipp\u00e9e au milieu et trois poches cargo<\/strong>.<\/li>\n<\/ul>\n<p><iframe loading=\"lazy\" src=\"https:\/\/www.youtube.com\/embed\/KQg9ImHxuaU\" width=\"560\" height=\"315\" frameborder=\"0\" allowfullscreen=\"allowfullscreen\"><\/iframe>[\/vc_column_text][\/vc_tta_section][vc_tta_section tab_id=\u00a0\u00bbdescription3dade-4d2b\u00a0\u00bb title=\u00a0\u00bbLOCMAN, pour \u00eatre toujours au top\u00a0\u00bb][vc_column_text]Ses graphismes et ses motifs lui procurent un\u00a0<strong>style moderne<\/strong>. Tout comme son col en V. Les manches droites r\u00e9alis\u00e9es avec un tissu en mesh contribuent \u00e0 l\u2019\u00e9l\u00e9gance et au confort du mod\u00e8le.[\/vc_column_text][\/vc_tta_section][vc_tta_section tab_id=\u00a0\u00bbdescription4dade-4d2b\u00a0\u00bb title=\u00a0\u00bbAvec Ozio, laissez votre personnalit\u00e9 s\u2019exprimer\u00a0\u00bb][vc_column_text]Nos v\u00eatements servent \u00e0 refl\u00e9ter notre personnalit\u00e9. Et notre personnalit\u00e9 doit se ressentir dans nos v\u00eatements de cyclisme. Courage, d\u00e9termination, r\u00e9sistance, curiosit\u00e9\u2026 C\u2019est pourquoi mes mod\u00e8les\u00a0<strong>associent la technique \u00e0 l\u2019originalit\u00e9<\/strong>, la performance \u00e0 l\u2019audace. Preuve en est avec le maillot cycliste LOCMAN.<\/p>\n<p>N&rsquo;h\u00e9sitez pas \u00e0 associer ce maillot avec un de nos <a href=\"https:\/\/www.ozio.eu\/c\/vetements-velo-femme\/bas-femme\/cuissards-femme\/\" target=\"_blank\" rel=\"noopener\">cuissards techniques<\/a> pour femme. Vous obtiendrez 20% de r\u00e9duction sur l&rsquo;ensemble ![\/vc_column_text][\/vc_tta_section][vc_tta_section i_position=\u00a0\u00bbright\u00a0\u00bb i_icon_fontawesome=\u00a0\u00bbfas fa-comment\u00a0\u00bb add_icon=\u00a0\u00bbtrue\u00a0\u00bb title=\u00a0\u00bbEntre vous et moi\u00a0\u00bb tab_id=\u00a0\u00bbentrevsetmoi4ba8-e396dade-4d2b\u00a0\u00bb][vc_column_text]Le maillot LOCMAN, qui, \u00e0 l\u2019origine a vu le jour suite \u00e0 une erreur d\u2019interpr\u00e9tation de mon fabricant, a rencontr\u00e9 beaucoup de succ\u00e8s chez les hommes. C\u2019est pourquoi, \u00e0 la demande de nombreuses clientes, j\u2019ai d\u00e9cid\u00e9 de vous en proposer une version f\u00e9minine. Comme \u00e7a, plus de frustration, que des sourires ![\/vc_column_text][\/vc_tta_section][\/vc_tta_accordion][vc_raw_html]JTVCYmxvY2slMjBpZCUzRCUyMjMyMzM3JTIyJTVE[\/vc_raw_html][\/vc_column][\/vc_row]<\/p>\n","protected":false},"excerpt":{"rendered":"<p>LOCMAN est un maillot cycliste femme \u00e0 manches mi-longues. \u00c9l\u00e9gant, technique, original et performant, c\u2019est un maillot v\u00e9lo femme effet seconde peau id\u00e9al pour la saison estivale.<\/p>\n","protected":false},"featured_media":31446,"comment_status":"open","ping_status":"closed","template":"","meta":{"_acf_changed":false},"etheme_brands":[],"product_brand":[],"product_cat":[737,739,480,454,670,608,457,675],"product_tag":[],"class_list":{"0":"post-25656","1":"product","2":"type-product","3":"status-publish","4":"has-post-thumbnail","6":"product_cat-destockage-ete-2025","7":"product_cat-destockage-ete-femme-2025","8":"product_cat-ete-femme","9":"product_cat-vetements-velo-femme","10":"product_cat-ensemble-maillot-cuissard-femme","11":"product_cat-maillots-velo-manches-courtes-femme","12":"product_cat-maillots-velo-femme","13":"product_cat-soldes-femme","15":"first","16":"instock","17":"sale","18":"taxable","19":"shipping-taxable","20":"purchasable","21":"product-type-variable"},"acf":[],"_links":{"self":[{"href":"https:\/\/dev-ozio.inwigo.fr\/ozio\/wp-json\/wp\/v2\/product\/25656","targetHints":{"allow":["GET"]}}],"collection":[{"href":"https:\/\/dev-ozio.inwigo.fr\/ozio\/wp-json\/wp\/v2\/product"}],"about":[{"href":"https:\/\/dev-ozio.inwigo.fr\/ozio\/wp-json\/wp\/v2\/types\/product"}],"replies":[{"embeddable":true,"href":"https:\/\/dev-ozio.inwigo.fr\/ozio\/wp-json\/wp\/v2\/comments?post=25656"}],"wp:featuredmedia":[{"embeddable":true,"href":"https:\/\/dev-ozio.inwigo.fr\/ozio\/wp-json\/wp\/v2\/media\/31446"}],"wp:attachment":[{"href":"https:\/\/dev-ozio.inwigo.fr\/ozio\/wp-json\/wp\/v2\/media?parent=25656"}],"wp:term":[{"taxonomy":"brand","embeddable":true,"href":"https:\/\/dev-ozio.inwigo.fr\/ozio\/wp-json\/wp\/v2\/etheme_brands?post=25656"},{"taxonomy":"product_brand","embeddable":true,"href":"https:\/\/dev-ozio.inwigo.fr\/ozio\/wp-json\/wp\/v2\/product_brand?post=25656"},{"taxonomy":"product_cat","embeddable":true,"href":"https:\/\/dev-ozio.inwigo.fr\/ozio\/wp-json\/wp\/v2\/product_cat?post=25656"},{"taxonomy":"product_tag","embeddable":true,"href":"https:\/\/dev-ozio.inwigo.fr\/ozio\/wp-json\/wp\/v2\/product_tag?post=25656"}],"curies":[{"name":"wp","href":"https:\/\/api.w.org\/{rel}","templated":true}]}}