{"id":25708,"date":"2021-04-06T17:12:56","date_gmt":"2021-04-06T15:12:56","guid":{"rendered":"https:\/\/www.ozio.eu\/?post_type=product&#038;p=25708"},"modified":"2025-07-25T13:24:06","modified_gmt":"2025-07-25T11:24:06","slug":"cuissard-titan-femme","status":"publish","type":"product","link":"https:\/\/dev-ozio.inwigo.fr\/ozio\/produit\/cuissard-titan-femme\/","title":{"rendered":"Cuissard TITAN Femme <br\/>Au del\u00e0 de 7h, avec poches et bretelles d\u00e9tachables"},"content":{"rendered":"<p>[vc_row _et_uniqid=\u00a0\u00bbet_custom_uniqid_new_612f8c2960d6e\u00a0\u00bb][vc_column][vc_column_text]<\/p>\n<h2>TITAN, le cuissard femme longue distance \u00e0 bretelles d\u00e9tachables<\/h2>\n<p>Pour une pratique confortable et optimale du cyclisme longue distance, le\u00a0<strong>cuissard femme longue distance TITAN avec bretelles d\u00e9tachables<\/strong>\u00a0est celui qu\u2019il vous faut. C\u2019est un \u201cmust-have\u201d pour p\u00e9daler des jours entiers, avec un maximum de confort. La pr\u00e9sence de poches sur les cuisses finissent de compl\u00e9ter l\u2019\u00e9quipement du cuissard.<\/p>\n<p>https:\/\/youtu.be\/EWrVcOnmsMQ?feature=shared[\/vc_column_text][vc_tta_accordion section_title_tag=\u00a0\u00bbh2&Prime; style=\u00a0\u00bbflat\u00a0\u00bb shape=\u00a0\u00bbsquare\u00a0\u00bb color=\u00a0\u00bbwhite\u00a0\u00bb active_section=\u00a0\u00bb56&Prime; no_fill=\u00a0\u00bbtrue\u00a0\u00bb collapsible_all=\u00a0\u00bbtrue\u00a0\u00bb][vc_tta_section tab_id=\u00a0\u00bbdescription1fb5c-aec7&Prime; title=\u00a0\u00bbUn cuissard femme longue distance vraiment f\u00e9minin\u00a0\u00bb][vc_column_text]Si le cuissard TITAN a d\u2019abord \u00e9t\u00e9 propos\u00e9 aux hommes, la premi\u00e8re version femme a \u00e9t\u00e9 con\u00e7ue sans bretelles. Mais \u00e9tant convaincu de l&rsquo;int\u00e9r\u00eat des bretelles sur un cuissard, j&rsquo;ai voulu proposer ce cuissard Titan femme, avec des bretelles. Dilemme&#8230;Comment aller facilement aux toilettes lorsque l&rsquo;on est une femme avec un cuissard \u00e0 bretelles ? Nous avons donc r\u00e9fl\u00e9chi avec nos fabricants au meilleur syst\u00e8me de bretelles amovibles possible. Et apr\u00e8s de nombreux d\u00e9veloppement produits, nous avons finalement trouv\u00e9 ! Vous me direz&#8230;[\/vc_column_text][\/vc_tta_section][vc_tta_section title=\u00a0\u00bbQuels sont les avantages des bretelles sur un cuissard v\u00e9lo ?\u00a0\u00bb tab_id=\u00a0\u00bb1711036748843-3ea3944a-c1e1&Prime;][vc_column_text]<\/p>\n<ul>\n<li><strong><em>Maintien optimal<\/em><\/strong>: les bretelles permettent de maintenir le cuissard en place de mani\u00e8re plus efficace. Cela \u00e9vite que le cuissard ne glisse vers le bas pendant la pratique, assurant un ajustement constant et confortable.<\/li>\n<li><em><strong>Confort<\/strong><\/em>: les bretelles r\u00e9partissent le poids du cuissard de mani\u00e8re plus uniforme sur les \u00e9paules, r\u00e9duisant ainsi la pression exerc\u00e9e sur la taille. Cela contribue \u00e0 un meilleur confort.<\/li>\n<li><em><strong>Evite les points de pression<\/strong><\/em>: les cuissards sans bretelles peuvent parfois cr\u00e9er des points de pression inconfortables autour de la taille, surtout lorsqu&rsquo;ils sont port\u00e9s pendant de longues p\u00e9riodes. Les bretelles \u00e9liminent ce probl\u00e8me en offrant un support sans utiliser une bande \u00e9lastique \u00e0 la taille.<\/li>\n<li><em><strong>Evite le ventre et le dos d\u00e9couvert<\/strong><\/em>: les bretelles contribuent \u00e0 \u00e9viter l&rsquo;exposition du bas du dos et du ventre, offrant ainsi une protection suppl\u00e9mentaire contre le froid et le soleil.<\/li>\n<\/ul>\n<p>Il est important de noter que le choix entre un cuissard \u00e0 bretelles et un cuissard sans bretelles d\u00e9pend \u00e9galement des pr\u00e9f\u00e9rences personnelles. Certain(e)s cyclistes peuvent trouver les cuissards sans bretelles suffisamment confortables pour leur besoin, tandis que d&rsquo;autres pr\u00e9f\u00e9reront les avantages suppl\u00e9mentaires offerts par les bretelles. A vous de choisir&#8230;[\/vc_column_text][\/vc_tta_section][vc_tta_section tab_id=\u00a0\u00bbdescription2fb5c-aec7&Prime; title=\u00a0\u00bbUn champion de la performance\u00a0\u00bb][vc_column_text]Con\u00e7u pour vous fournir une exp\u00e9rience id\u00e9ale et dans n\u2019importe quelle condition, le cuissard TITAN combine les meilleures caract\u00e9ristiques protectrices, pratiques et confortables :<\/p>\n<ul>\n<li aria-level=\"1\">utilisation d\u2019un\u00a0<strong>mesh l\u00e9ger sur les deux poches situ\u00e9es sur les cuisses<\/strong>\u00a0;<\/li>\n<li aria-level=\"1\">peau \u201cPeloton women\u201d du fabricant Elastic Interface, con\u00e7ue pour les <strong>longues distances<\/strong>\u00a0et adapt\u00e9e \u00e0 la morphologie des femmes ;<\/li>\n<li aria-level=\"1\"><strong>bonne stabilit\u00e9<\/strong> gr\u00e2ce \u00e0 un grip en bas des cuisses ;<\/li>\n<li aria-level=\"1\">pour la v<strong>isibilit\u00e9 par faible luminosit\u00e9<\/strong>, pr\u00e9sence du logo r\u00e9fl\u00e9chissant OZIO sur l\u2019arri\u00e8re gauche du cuissard et sur la cuisse gauche.<\/li>\n<\/ul>\n<p>[\/vc_column_text][\/vc_tta_section][vc_tta_section title=\u00a0\u00bbDurable &amp; technique\u00a0\u00bb tab_id=\u00a0\u00bbdescription3fb5c-aec7&Prime;][vc_column_text]Ce cuissard n\u2019a pas \u00e9t\u00e9 seulement con\u00e7u pour vous \u00eatre utile sur des\u00a0<strong>courses de plusieurs heures, voir plusieurs jours<\/strong>. Non, j\u2019ai pouss\u00e9 sa confection bien plus loin. J\u2019ai choisi sa coupe, ses mat\u00e9riaux et sa structure afin de\u00a0<strong>maximiser sa dur\u00e9e de vie<\/strong>\u00a0et ainsi vous garantir confort, performance et technicit\u00e9 sur le long terme.<\/p>\n<p>Vous pouvez coupler ce cuissard avec un de nos <a href=\"https:\/\/www.ozio.eu\/c\/vetements-velo-femme\/hauts-femme\/maillots-velo-femme\/\" target=\"_blank\" rel=\"noopener\">maillots<\/a>. Vous obtiendrez ainsi 20% de remise sur l&rsquo;ensemble ![\/vc_column_text][\/vc_tta_section][vc_tta_section i_position=\u00a0\u00bbright\u00a0\u00bb i_icon_fontawesome=\u00a0\u00bbfas fa-comment\u00a0\u00bb add_icon=\u00a0\u00bbtrue\u00a0\u00bb title=\u00a0\u00bbEntre vous et moi\u00a0\u00bb tab_id=\u00a0\u00bbentrevsetmoifb5c-aec7&Prime;][vc_column_text]Apr\u00e8s le succ\u00e8s de la version sans bretelles, et devant les demandes r\u00e9guli\u00e8res de pratiquantes, je me devais de r\u00e9fl\u00e9chir \u00e0 la meilleure proposition possible pour un cuissard femme \u00e0 bretelles, et o\u00f9 les bretelles ne seraient pas un frein \u00e0 l&rsquo;achat, mais bien un apport de confort suppl\u00e9mentaire.<\/p>\n<p>Apr\u00e8s une ann\u00e9e de d\u00e9veloppement et de tests, je peux aujourd&rsquo;hui vous faire cette proposition ! Et j&rsquo;avoue \u00eatre tr\u00e8s fier du r\u00e9sultat. A vous Mesdames les longues distances&#8230;[\/vc_column_text][\/vc_tta_section][\/vc_tta_accordion][vc_raw_html]JTVCYmxvY2slMjBpZCUzRCUyMjMyMzM1JTIyJTVE[\/vc_raw_html][\/vc_column][\/vc_row]<\/p>\n","protected":false},"excerpt":{"rendered":"<p>Le cuissard femme TITAN est parfait pour les vir\u00e9es \u00e0 v\u00e9lo longues distances. Ses caract\u00e9ristiques vous promettent respirabilit\u00e9, performance et confort. Nouvelle peau en 2025 pour toujours plus de confort.<\/p>\n","protected":false},"featured_media":45300,"comment_status":"open","ping_status":"closed","template":"","meta":{"_acf_changed":false},"etheme_brands":[],"product_brand":[],"product_cat":[606,455,737,739,480,454,670,477],"product_tag":[],"class_list":{"0":"post-25708","1":"product","2":"type-product","3":"status-publish","4":"has-post-thumbnail","6":"product_cat-cuissards-femmes","7":"product_cat-cuissards-femme","8":"product_cat-destockage-ete-2025","9":"product_cat-destockage-ete-femme-2025","10":"product_cat-ete-femme","11":"product_cat-vetements-velo-femme","12":"product_cat-ensemble-maillot-cuissard-femme","13":"product_cat-nouveautes-femme","15":"first","16":"instock","17":"sale","18":"taxable","19":"shipping-taxable","20":"purchasable","21":"product-type-variable"},"acf":[],"_links":{"self":[{"href":"https:\/\/dev-ozio.inwigo.fr\/ozio\/wp-json\/wp\/v2\/product\/25708","targetHints":{"allow":["GET"]}}],"collection":[{"href":"https:\/\/dev-ozio.inwigo.fr\/ozio\/wp-json\/wp\/v2\/product"}],"about":[{"href":"https:\/\/dev-ozio.inwigo.fr\/ozio\/wp-json\/wp\/v2\/types\/product"}],"replies":[{"embeddable":true,"href":"https:\/\/dev-ozio.inwigo.fr\/ozio\/wp-json\/wp\/v2\/comments?post=25708"}],"wp:featuredmedia":[{"embeddable":true,"href":"https:\/\/dev-ozio.inwigo.fr\/ozio\/wp-json\/wp\/v2\/media\/45300"}],"wp:attachment":[{"href":"https:\/\/dev-ozio.inwigo.fr\/ozio\/wp-json\/wp\/v2\/media?parent=25708"}],"wp:term":[{"taxonomy":"brand","embeddable":true,"href":"https:\/\/dev-ozio.inwigo.fr\/ozio\/wp-json\/wp\/v2\/etheme_brands?post=25708"},{"taxonomy":"product_brand","embeddable":true,"href":"https:\/\/dev-ozio.inwigo.fr\/ozio\/wp-json\/wp\/v2\/product_brand?post=25708"},{"taxonomy":"product_cat","embeddable":true,"href":"https:\/\/dev-ozio.inwigo.fr\/ozio\/wp-json\/wp\/v2\/product_cat?post=25708"},{"taxonomy":"product_tag","embeddable":true,"href":"https:\/\/dev-ozio.inwigo.fr\/ozio\/wp-json\/wp\/v2\/product_tag?post=25708"}],"curies":[{"name":"wp","href":"https:\/\/api.w.org\/{rel}","templated":true}]}}