{"id":25801,"date":"2021-02-16T18:17:40","date_gmt":"2021-02-16T17:17:40","guid":{"rendered":"https:\/\/www.ozio.eu\/?post_type=product&#038;p=25801"},"modified":"2025-07-23T09:04:58","modified_gmt":"2025-07-23T07:04:58","slug":"maillot-manches-courtes-femme-thor","status":"publish","type":"product","link":"https:\/\/dev-ozio.inwigo.fr\/ozio\/produit\/maillot-manches-courtes-femme-thor\/","title":{"rendered":"Maillot THOR Femme"},"content":{"rendered":"<p>[vc_row _et_uniqid=\u00a0\u00bbet_custom_uniqid_new_612f8c2960d6e\u00a0\u00bb][vc_column][vc_column_text]<\/p>\n<h2>\u00c9l\u00e9gant et audacieux<\/h2>\n<p>M\u00eame si le zigzag est ind\u00e9sirable en cyclisme, cela ne signifie pas qu\u2019il doit \u00eatre exclu de votre garde-robe. Ce maillot v\u00e9lo femme renvoie une image dynamique et \u00e9nergique gr\u00e2ce au motif en \u00e9clair associ\u00e9 \u00e0 une couleur p\u00e9tillante. Affirmez votre personnalit\u00e9 gr\u00e2ce \u00e0 ce maillot au <strong>style audacieux et vibrant<\/strong>\u00a0!<\/p>\n<p>Notre maillot THOR est disponible en trois coloris.[\/vc_column_text][vc_tta_accordion section_title_tag=\u00a0\u00bbh2&Prime; style=\u00a0\u00bbflat\u00a0\u00bb shape=\u00a0\u00bbsquare\u00a0\u00bb color=\u00a0\u00bbwhite\u00a0\u00bb active_section=\u00a0\u00bb56&Prime; no_fill=\u00a0\u00bbtrue\u00a0\u00bb collapsible_all=\u00a0\u00bbtrue\u00a0\u00bb][vc_tta_section tab_id=\u00a0\u00bbdescription1614e-42b2&Prime; title=\u00a0\u00bbUn maillot v\u00e9lo femme respirant et l\u00e9ger\u00a0\u00bb][vc_column_text]Le maillot v\u00e9lo femme THOR a un <strong>effet seconde peau<\/strong>\u00a0gr\u00e2ce au m\u00e9lange expert de\u00a0<strong>trois tissus italiens haut de gamme<\/strong>. Pour optimiser votre confort, ces tissus sont \u00e9galement respirants et l\u00e9gers afin de ne pas perdre en performance m\u00eame lorsque les temp\u00e9ratures sont \u00e9lev\u00e9es.[\/vc_column_text][\/vc_tta_section][vc_tta_section tab_id=\u00a0\u00bbdescription2614e-42b2&Prime; title=\u00a0\u00bb\u00c9clatant de qualit\u00e9s\u00a0\u00bb][vc_column_text]Comme le design n\u2019est pas la seule composante d\u2019un maillot performant, le maillot v\u00e9lo femme THOR est \u00e9galement con\u00e7u pour \u00eatre pratique. D\u00e9couvrez quelques-uns de ses atouts :<\/p>\n<ul>\n<li aria-level=\"1\">des\u00a0<strong>poches ajust\u00e9es<\/strong>\u00a0mais au contenu id\u00e9al pour embarquer tout ce dont vous aurez besoin durant votre sortie ;<\/li>\n<li aria-level=\"1\">une\u00a0<strong>fermeture \u00e9clair de qualit\u00e9 sup\u00e9rieure<\/strong>\u00a0: dot\u00e9e de la technologie \u201cYKK camlock\u201d gr\u00e2ce \u00e0 laquelle vous pouvez interagir efficacement avec la fermeture ;<\/li>\n<li aria-level=\"1\">en bas du maillot, une\u00a0<strong>bande en silicone<\/strong>\u00a0qui permettra un\u00a0<strong>maintien optimal<\/strong>\u00a0une fois sur le v\u00e9lo.<\/li>\n<\/ul>\n<p><iframe loading=\"lazy\" src=\"https:\/\/www.youtube.com\/embed\/KQg9ImHxuaU\" width=\"560\" height=\"315\" frameborder=\"0\" allowfullscreen=\"allowfullscreen\"><\/iframe>[\/vc_column_text][\/vc_tta_section][vc_tta_section tab_id=\u00a0\u00bbdescription3614e-42b2&Prime; title=\u00a0\u00bbUn maillot v\u00e9lo femme performant et esth\u00e9tique\u00a0\u00bb][vc_column_text]Ce maillot de cyclisme pour femme est con\u00e7u pour vous offrir une\u00a0<strong>grande libert\u00e9 de mouvement<\/strong>, un tr\u00e8s bon confort mais \u00e9galement pour vous donner un look incroyable. De quoi\u00a0<strong>optimiser vos performances<\/strong>\u00a0et impressionner les membres de votre groupe !<\/p>\n<p>N&rsquo;h\u00e9sitez pas \u00e0 assortir ce maillot avec un de nos <a href=\"https:\/\/www.ozio.eu\/c\/vetements-velo-femme\/bas-femme\/cuissards-femme\/\" target=\"_blank\" rel=\"noopener\">cuissards<\/a> sp\u00e9cifiques pour vous Mesdames. Cerise sur le g\u00e2teau, vous aurez 20% de remise sur l&rsquo;ensemble ![\/vc_column_text][\/vc_tta_section][vc_tta_section i_position=\u00a0\u00bbright\u00a0\u00bb i_icon_fontawesome=\u00a0\u00bbfas fa-comment\u00a0\u00bb add_icon=\u00a0\u00bbtrue\u00a0\u00bb title=\u00a0\u00bbEntre vous et moi\u00a0\u00bb tab_id=\u00a0\u00bbentrevsetmoi4ba8-e396614e-42b2&Prime;][vc_column_text]L\u2019inspiration est partout autour de nous. Les escapades \u00e0 v\u00e9lo nous aident \u00e0 comprendre cela. La nature est une grande source d\u2019inspiration. Prenons l\u2019exemple de l\u2019\u00e9clair qui a inspir\u00e9 ce maillot\u2026 L\u2019une des propri\u00e9t\u00e9s de la foudre est d\u2019\u00eatre un chemin de lumi\u00e8re qui parcourt de longues distances. Et c\u2019est ce que je d\u00e9sire transmettre avec ce maillot : contribuer \u00e0 votre volont\u00e9 de\u00a0<strong>parcourir de longues distances \u00e0 v\u00e9lo<\/strong>.[\/vc_column_text][\/vc_tta_section][\/vc_tta_accordion][vc_raw_html]JTVCYmxvY2slMjBpZCUzRCUyMjMyMzM3JTIyJTVE[\/vc_raw_html][\/vc_column][\/vc_row]<\/p>\n","protected":false},"excerpt":{"rendered":"<p>Le maillot de cycliste femme THOR est un mod\u00e8le unique en son genre gr\u00e2ce \u00e0 son graphisme \u00ab\u00a0\u00e9clair\u00a0\u00bb et ses tissus italiens de qualit\u00e9 sup\u00e9rieure.<\/p>\n","protected":false},"featured_media":38310,"comment_status":"open","ping_status":"closed","template":"","meta":{"_acf_changed":false},"etheme_brands":[],"product_brand":[],"product_cat":[737,739,480,454,670,608,457,675],"product_tag":[],"class_list":{"0":"post-25801","1":"product","2":"type-product","3":"status-publish","4":"has-post-thumbnail","6":"product_cat-destockage-ete-2025","7":"product_cat-destockage-ete-femme-2025","8":"product_cat-ete-femme","9":"product_cat-vetements-velo-femme","10":"product_cat-ensemble-maillot-cuissard-femme","11":"product_cat-maillots-velo-manches-courtes-femme","12":"product_cat-maillots-velo-femme","13":"product_cat-soldes-femme","15":"first","16":"instock","17":"sale","18":"taxable","19":"shipping-taxable","20":"purchasable","21":"product-type-variable"},"acf":[],"_links":{"self":[{"href":"https:\/\/dev-ozio.inwigo.fr\/ozio\/wp-json\/wp\/v2\/product\/25801","targetHints":{"allow":["GET"]}}],"collection":[{"href":"https:\/\/dev-ozio.inwigo.fr\/ozio\/wp-json\/wp\/v2\/product"}],"about":[{"href":"https:\/\/dev-ozio.inwigo.fr\/ozio\/wp-json\/wp\/v2\/types\/product"}],"replies":[{"embeddable":true,"href":"https:\/\/dev-ozio.inwigo.fr\/ozio\/wp-json\/wp\/v2\/comments?post=25801"}],"wp:featuredmedia":[{"embeddable":true,"href":"https:\/\/dev-ozio.inwigo.fr\/ozio\/wp-json\/wp\/v2\/media\/38310"}],"wp:attachment":[{"href":"https:\/\/dev-ozio.inwigo.fr\/ozio\/wp-json\/wp\/v2\/media?parent=25801"}],"wp:term":[{"taxonomy":"brand","embeddable":true,"href":"https:\/\/dev-ozio.inwigo.fr\/ozio\/wp-json\/wp\/v2\/etheme_brands?post=25801"},{"taxonomy":"product_brand","embeddable":true,"href":"https:\/\/dev-ozio.inwigo.fr\/ozio\/wp-json\/wp\/v2\/product_brand?post=25801"},{"taxonomy":"product_cat","embeddable":true,"href":"https:\/\/dev-ozio.inwigo.fr\/ozio\/wp-json\/wp\/v2\/product_cat?post=25801"},{"taxonomy":"product_tag","embeddable":true,"href":"https:\/\/dev-ozio.inwigo.fr\/ozio\/wp-json\/wp\/v2\/product_tag?post=25801"}],"curies":[{"name":"wp","href":"https:\/\/api.w.org\/{rel}","templated":true}]}}