{"id":26278,"date":"2021-03-26T12:30:17","date_gmt":"2021-03-26T11:30:17","guid":{"rendered":"https:\/\/www.ozio.eu\/?post_type=product&#038;p=26278"},"modified":"2025-07-11T09:13:32","modified_gmt":"2025-07-11T07:13:32","slug":"gants-velo-ete-team","status":"publish","type":"product","link":"https:\/\/dev-ozio.inwigo.fr\/ozio\/produit\/gants-velo-ete-team\/","title":{"rendered":"Mitaines TEAM"},"content":{"rendered":"<p>Ces gants v\u00e9lo \u00e9t\u00e9\u00a0 \u00ab\u00a0TEAM\u00a0\u00bb sont id\u00e9als pour les sorties d\u2019\u00e9t\u00e9. Tr\u00e8s <strong>souples<\/strong>, pour une meilleure prise en main du cintre, ils sont <strong>renforc\u00e9s<\/strong> \u00e0 plusieurs endroits strat\u00e9giques de la paume pour <strong>am\u00e9liorer votre confort<\/strong>, mais \u00e9galement pour pr\u00e9server vos mains en cas de chute.<\/p>\n<p><strong>Une tirette<\/strong> pr\u00e9sente sous le majeur et l\u2019annulaire permet d\u2019<strong>enlever plus facilement<\/strong> ces gants v\u00e9lo \u00e9t\u00e9 avec l\u2019autre main.<\/p>\n","protected":false},"excerpt":{"rendered":"<p>Mitaines v\u00e9lo pour am\u00e9liorer votre confort des mains sur le cintre et pr\u00e9server votre s\u00e9curit\u00e9.<\/p>\n","protected":false},"featured_media":31451,"comment_status":"open","ping_status":"closed","template":"","meta":{"_acf_changed":false},"etheme_brands":[],"product_brand":[],"product_cat":[447,737,739,738,480,483,454,450,461,695,485,486,484],"product_tag":[],"class_list":{"0":"post-26278","1":"product","2":"type-product","3":"status-publish","4":"has-post-thumbnail","6":"product_cat-accessoires-cycliste","7":"product_cat-destockage-ete-2025","8":"product_cat-destockage-ete-femme-2025","9":"product_cat-destockage-ete-homme-2025","10":"product_cat-ete-femme","11":"product_cat-ete-homme","12":"product_cat-vetements-velo-femme","13":"product_cat-gants-mitaines","14":"product_cat-vetements-velo-homme","15":"product_cat-mitaines","16":"product_cat-gravel-homme","17":"product_cat-route-homme","18":"product_cat-vtt-homme","20":"first","21":"instock","22":"sale","23":"taxable","24":"shipping-taxable","25":"purchasable","26":"product-type-variable"},"acf":[],"_links":{"self":[{"href":"https:\/\/dev-ozio.inwigo.fr\/ozio\/wp-json\/wp\/v2\/product\/26278","targetHints":{"allow":["GET"]}}],"collection":[{"href":"https:\/\/dev-ozio.inwigo.fr\/ozio\/wp-json\/wp\/v2\/product"}],"about":[{"href":"https:\/\/dev-ozio.inwigo.fr\/ozio\/wp-json\/wp\/v2\/types\/product"}],"replies":[{"embeddable":true,"href":"https:\/\/dev-ozio.inwigo.fr\/ozio\/wp-json\/wp\/v2\/comments?post=26278"}],"wp:featuredmedia":[{"embeddable":true,"href":"https:\/\/dev-ozio.inwigo.fr\/ozio\/wp-json\/wp\/v2\/media\/31451"}],"wp:attachment":[{"href":"https:\/\/dev-ozio.inwigo.fr\/ozio\/wp-json\/wp\/v2\/media?parent=26278"}],"wp:term":[{"taxonomy":"brand","embeddable":true,"href":"https:\/\/dev-ozio.inwigo.fr\/ozio\/wp-json\/wp\/v2\/etheme_brands?post=26278"},{"taxonomy":"product_brand","embeddable":true,"href":"https:\/\/dev-ozio.inwigo.fr\/ozio\/wp-json\/wp\/v2\/product_brand?post=26278"},{"taxonomy":"product_cat","embeddable":true,"href":"https:\/\/dev-ozio.inwigo.fr\/ozio\/wp-json\/wp\/v2\/product_cat?post=26278"},{"taxonomy":"product_tag","embeddable":true,"href":"https:\/\/dev-ozio.inwigo.fr\/ozio\/wp-json\/wp\/v2\/product_tag?post=26278"}],"curies":[{"name":"wp","href":"https:\/\/api.w.org\/{rel}","templated":true}]}}