{"id":28172,"date":"2021-05-06T14:39:58","date_gmt":"2021-05-06T12:39:58","guid":{"rendered":"https:\/\/www.ozio.eu\/?post_type=product&#038;p=28172"},"modified":"2025-07-22T23:20:23","modified_gmt":"2025-07-22T21:20:23","slug":"casquette-velo-team","status":"publish","type":"product","link":"https:\/\/dev-ozio.inwigo.fr\/ozio\/produit\/casquette-velo-team\/","title":{"rendered":"Casquette TEAM"},"content":{"rendered":"<p>[vc_row][vc_column][vc_column_text]La casquette v\u00e9lo \u00ab\u00a0TEAM\u00a0\u00bb d&rsquo;Ozio a \u00e9t\u00e9 fabriqu\u00e9e en polyester pour aider \u00e0 l&rsquo;\u00e9limination de l&rsquo;humidit\u00e9 et ainsi prot\u00e9ger votre t\u00eate des rayons du soleil sans subir les effets des hautes temp\u00e9ratures. Confortable et l\u00e9g\u00e8re, elle est con\u00e7ue en huit empi\u00e8cements. Disponible en quatre coloris, elle saura compl\u00e9ter toutes vos tenues avec style et efficacit\u00e9.[\/vc_column_text][\/vc_column][\/vc_row]<\/p>\n","protected":false},"excerpt":{"rendered":"<p>Pour prot\u00e9ger votre t\u00eate des rayons du soleil et compl\u00e9ter votre look, optez pour la casquette \u00ab\u00a0TEAM\u00a0\u00bb !<\/p>\n","protected":false},"featured_media":42662,"comment_status":"open","ping_status":"closed","template":"","meta":{"_acf_changed":false},"etheme_brands":[],"product_brand":[],"product_cat":[447,452,737,739,738,480,483,454,461,675,674,485,486,484],"product_tag":[],"class_list":{"0":"post-28172","1":"product","2":"type-product","3":"status-publish","4":"has-post-thumbnail","6":"product_cat-accessoires-cycliste","7":"product_cat-casquettes","8":"product_cat-destockage-ete-2025","9":"product_cat-destockage-ete-femme-2025","10":"product_cat-destockage-ete-homme-2025","11":"product_cat-ete-femme","12":"product_cat-ete-homme","13":"product_cat-vetements-velo-femme","14":"product_cat-vetements-velo-homme","15":"product_cat-soldes-femme","16":"product_cat-soldes-homme","17":"product_cat-gravel-homme","18":"product_cat-route-homme","19":"product_cat-vtt-homme","21":"first","22":"instock","23":"sale","24":"taxable","25":"shipping-taxable","26":"purchasable","27":"product-type-variable"},"acf":[],"_links":{"self":[{"href":"https:\/\/dev-ozio.inwigo.fr\/ozio\/wp-json\/wp\/v2\/product\/28172","targetHints":{"allow":["GET"]}}],"collection":[{"href":"https:\/\/dev-ozio.inwigo.fr\/ozio\/wp-json\/wp\/v2\/product"}],"about":[{"href":"https:\/\/dev-ozio.inwigo.fr\/ozio\/wp-json\/wp\/v2\/types\/product"}],"replies":[{"embeddable":true,"href":"https:\/\/dev-ozio.inwigo.fr\/ozio\/wp-json\/wp\/v2\/comments?post=28172"}],"wp:featuredmedia":[{"embeddable":true,"href":"https:\/\/dev-ozio.inwigo.fr\/ozio\/wp-json\/wp\/v2\/media\/42662"}],"wp:attachment":[{"href":"https:\/\/dev-ozio.inwigo.fr\/ozio\/wp-json\/wp\/v2\/media?parent=28172"}],"wp:term":[{"taxonomy":"brand","embeddable":true,"href":"https:\/\/dev-ozio.inwigo.fr\/ozio\/wp-json\/wp\/v2\/etheme_brands?post=28172"},{"taxonomy":"product_brand","embeddable":true,"href":"https:\/\/dev-ozio.inwigo.fr\/ozio\/wp-json\/wp\/v2\/product_brand?post=28172"},{"taxonomy":"product_cat","embeddable":true,"href":"https:\/\/dev-ozio.inwigo.fr\/ozio\/wp-json\/wp\/v2\/product_cat?post=28172"},{"taxonomy":"product_tag","embeddable":true,"href":"https:\/\/dev-ozio.inwigo.fr\/ozio\/wp-json\/wp\/v2\/product_tag?post=28172"}],"curies":[{"name":"wp","href":"https:\/\/api.w.org\/{rel}","templated":true}]}}