{"id":38153,"date":"2022-04-05T10:24:54","date_gmt":"2022-04-05T08:24:54","guid":{"rendered":"https:\/\/www.ozio.eu\/?post_type=product&#038;p=38153"},"modified":"2025-07-03T17:24:53","modified_gmt":"2025-07-03T15:24:53","slug":"t-shirt-ozio","status":"publish","type":"product","link":"https:\/\/dev-ozio.inwigo.fr\/ozio\/produit\/t-shirt-ozio\/","title":{"rendered":"T-shirt Ozio"},"content":{"rendered":"<p>Affichez votre appartenance au Team Ozio en arborant notre T-shirt m\u00eame lorsque vous n&rsquo;\u00eates pas sur votre v\u00e9lo ! En 100% coton, ce maillot est tr\u00e8s agr\u00e9able \u00e0 porter. Si vous aimez que vos t-shirts soient tr\u00e8s pr\u00e8s du corps, vous pouvez choisir une taille en dessous. A titre informatif, notre mod\u00e8le Yota, qui porte habituellement ses maillots de v\u00e9lo en taille S, porte \u00e9galement une taille S sur les photos ci-dessus.<\/p>\n","protected":false},"excerpt":{"rendered":"<p>Faites partie du Team Ozio en arborant fi\u00e8rement notre T-shirt Ozio !<\/p>\n","protected":false},"featured_media":38155,"comment_status":"open","ping_status":"closed","template":"","meta":{"_acf_changed":false},"etheme_brands":[],"product_brand":[],"product_cat":[447,474,475,737,739,738,459,466,675,674],"product_tag":[],"class_list":{"0":"post-38153","1":"product","2":"type-product","3":"status-publish","4":"has-post-thumbnail","6":"product_cat-accessoires-cycliste","7":"product_cat-destockage-homme","8":"product_cat-destockage-femme","9":"product_cat-destockage-ete-2025","10":"product_cat-destockage-ete-femme-2025","11":"product_cat-destockage-ete-homme-2025","12":"product_cat-maillots-corps-femme","13":"product_cat-maillots-corps-homme","14":"product_cat-soldes-femme","15":"product_cat-soldes-homme","17":"first","18":"instock","19":"sale","20":"taxable","21":"shipping-taxable","22":"purchasable","23":"product-type-variable"},"acf":[],"_links":{"self":[{"href":"https:\/\/dev-ozio.inwigo.fr\/ozio\/wp-json\/wp\/v2\/product\/38153","targetHints":{"allow":["GET"]}}],"collection":[{"href":"https:\/\/dev-ozio.inwigo.fr\/ozio\/wp-json\/wp\/v2\/product"}],"about":[{"href":"https:\/\/dev-ozio.inwigo.fr\/ozio\/wp-json\/wp\/v2\/types\/product"}],"replies":[{"embeddable":true,"href":"https:\/\/dev-ozio.inwigo.fr\/ozio\/wp-json\/wp\/v2\/comments?post=38153"}],"wp:featuredmedia":[{"embeddable":true,"href":"https:\/\/dev-ozio.inwigo.fr\/ozio\/wp-json\/wp\/v2\/media\/38155"}],"wp:attachment":[{"href":"https:\/\/dev-ozio.inwigo.fr\/ozio\/wp-json\/wp\/v2\/media?parent=38153"}],"wp:term":[{"taxonomy":"brand","embeddable":true,"href":"https:\/\/dev-ozio.inwigo.fr\/ozio\/wp-json\/wp\/v2\/etheme_brands?post=38153"},{"taxonomy":"product_brand","embeddable":true,"href":"https:\/\/dev-ozio.inwigo.fr\/ozio\/wp-json\/wp\/v2\/product_brand?post=38153"},{"taxonomy":"product_cat","embeddable":true,"href":"https:\/\/dev-ozio.inwigo.fr\/ozio\/wp-json\/wp\/v2\/product_cat?post=38153"},{"taxonomy":"product_tag","embeddable":true,"href":"https:\/\/dev-ozio.inwigo.fr\/ozio\/wp-json\/wp\/v2\/product_tag?post=38153"}],"curies":[{"name":"wp","href":"https:\/\/api.w.org\/{rel}","templated":true}]}}