{"id":38587,"date":"2022-04-29T18:29:53","date_gmt":"2022-04-29T16:29:53","guid":{"rendered":"https:\/\/www.ozio.eu\/?post_type=product&#038;p=38587"},"modified":"2025-08-01T19:19:30","modified_gmt":"2025-08-01T17:19:30","slug":"chemisette-gravel-explore","status":"publish","type":"product","link":"https:\/\/dev-ozio.inwigo.fr\/ozio\/produit\/chemisette-gravel-explore\/","title":{"rendered":"Chemisette gravel EXPLORE"},"content":{"rendered":"<p>[vc_row][vc_column][vc_column_text]Vous aimez explorer les horizons sans vous soucier des contraintes ? Gr\u00e2ce \u00e0 ce maillot gravel sp\u00e9cialement con\u00e7u pour l&rsquo;exploration, vous pouvez partir en toute s\u00e9r\u00e9nit\u00e9 o\u00f9 vous voulez, \u00e9quip\u00e9 de la meilleure fa\u00e7on qui soit ! Mais que vous pratiquiez le gravel ou pas, ce maillot vous suivra partout ! Alors n&rsquo;h\u00e9sitez pas, choisissez une couleur et craquez pour notre chemisette EXPLORE.[\/vc_column_text][vc_tta_accordion section_title_tag=\u00a0\u00bbh2&Prime; style=\u00a0\u00bbflat\u00a0\u00bb shape=\u00a0\u00bbsquare\u00a0\u00bb color=\u00a0\u00bbwhite\u00a0\u00bb active_section=\u00a0\u00bb56&Prime; no_fill=\u00a0\u00bbtrue\u00a0\u00bb collapsible_all=\u00a0\u00bbtrue\u00a0\u00bb][vc_tta_section tab_id=\u00a0\u00bbdescription1470b-0b04&Prime; title=\u00a0\u00bbPourquoi craquer pour une chemisette EXPLORE ?\u00a0\u00bb][vc_column_text]Les codes du v\u00e9lo ont chang\u00e9 gr\u00e2ce \u00e0 la pratique du gravel. Alliez versatilit\u00e9 et confort en portant la chemisette gravel EXPLORE. Sa <strong>coupe ample et d\u00e9contract\u00e9e<\/strong> font que la chemisette \u00e0 manches courtes se porte aussi bien \u00e0 v\u00e9lo qu&rsquo;en ville.[\/vc_column_text][\/vc_tta_section][vc_tta_section tab_id=\u00a0\u00bbdescription2470b-0b04&Prime; title=\u00a0\u00bbUn v\u00eatement de gravel polyvalent\u00a0\u00bb][vc_column_text]La chemisette EXPLORE vous fait b\u00e9n\u00e9ficier d&rsquo;un confort optimal quelque soit votre niveau d&rsquo;attente et de performance\u00a0:<\/p>\n<ul>\n<li>une <strong>fermeture \u00e0 4 bouton<\/strong>s\u00a0;<\/li>\n<li><strong>trois poches dans le dos + une poche zipp\u00e9<\/strong>e\u00a0;<\/li>\n<li>en polyester, ce maillot r\u00e9sistera \u00e0 toutes vos escapades.<\/li>\n<\/ul>\n<p>[\/vc_column_text][\/vc_tta_section][vc_tta_section tab_id=\u00a0\u00bbdescription3470b-0b04&Prime; title=\u00a0\u00bbUn maillot en ad\u00e9quation avec l&rsquo;esprit du gravel\u00a0\u00bb][vc_column_text]Le sentiment de libert\u00e9 absolue que nous ressentons sur le v\u00e9lo est indescriptible. L&rsquo;esprit d&rsquo;aventure qui vous anime doit \u00eatre accompagn\u00e9 par des v\u00eatements qui sont \u00e0 sa hauteur. C&rsquo;est le d\u00e9fi que j&rsquo;ai voulu relever avec le maillot EXPLORE : conna\u00eetre vos contraintes et <strong>r\u00e9pondre \u00e0 vos exigences c\u00f4t\u00e9 confort et style<\/strong>. C&rsquo;est pourquoi il est d\u00e9clin\u00e9 en 5 couleurs rappelant la nature (bleu, beige, vert, bordeaux et orange) !<\/p>\n<p>A coupler avec notre cuissard sp\u00e9cial Gravel, le <a href=\"https:\/\/www.ozio.eu\/produit\/cuissard-bretelles-gravel-tetris\/\" target=\"_blank\" rel=\"noopener\">TETRIS<\/a>.[\/vc_column_text][\/vc_tta_section][vc_tta_section i_position=\u00a0\u00bbright\u00a0\u00bb i_icon_fontawesome=\u00a0\u00bbfas fa-comment\u00a0\u00bb add_icon=\u00a0\u00bbtrue\u00a0\u00bb title=\u00a0\u00bbEntre vous et moi\u00a0\u00bb tab_id=\u00a0\u00bbentrevsetmoi470b-0b04&Prime;][vc_column_text]C&rsquo;est aux amateurs de gravel que j&rsquo;ai pens\u00e9 en concevant cette chemisette. Loin des codes du v\u00e9lo traditionnel, vous peinez souvent \u00e0 trouver des v\u00eatements qui s&rsquo;adaptent \u00e0 votre envie de simplicit\u00e9. Le plus important pour moi est que chacun puisse trouver les v\u00eatements qui lui correspondent.[\/vc_column_text][\/vc_tta_section][\/vc_tta_accordion][vc_raw_html]JTVCYmxvY2slMjBpZCUzRCUyMjMyMjAzJTIyJTVE[\/vc_raw_html][\/vc_column][\/vc_row]<\/p>\n","protected":false},"excerpt":{"rendered":"<p>Exit l&rsquo;uniforme traditionnel du v\u00e9lo, bienvenue \u00e0 la libert\u00e9 de s&rsquo;habiller comme on veut avec la <strong>chemisette gravel EXPLORE<\/strong>.<\/p>\n","protected":false},"featured_media":45596,"comment_status":"open","ping_status":"closed","template":"","meta":{"_acf_changed":false},"etheme_brands":[],"product_brand":[],"product_cat":[737,738,483,461,494,678,674,667,485,486,484],"product_tag":[],"class_list":{"0":"post-38587","1":"product","2":"type-product","3":"status-publish","4":"has-post-thumbnail","6":"product_cat-destockage-ete-2025","7":"product_cat-destockage-ete-homme-2025","8":"product_cat-ete-homme","9":"product_cat-vetements-velo-homme","10":"product_cat-maillots-velo-manches-courtes-homme","11":"product_cat-maillots-manches-courtes-droit-homme","12":"product_cat-soldes-homme","13":"product_cat-ensemble-maillot-cuissard-homme","14":"product_cat-gravel-homme","15":"product_cat-route-homme","16":"product_cat-vtt-homme","18":"first","19":"instock","20":"sale","21":"taxable","22":"shipping-taxable","23":"purchasable","24":"product-type-variable"},"acf":[],"_links":{"self":[{"href":"https:\/\/dev-ozio.inwigo.fr\/ozio\/wp-json\/wp\/v2\/product\/38587","targetHints":{"allow":["GET"]}}],"collection":[{"href":"https:\/\/dev-ozio.inwigo.fr\/ozio\/wp-json\/wp\/v2\/product"}],"about":[{"href":"https:\/\/dev-ozio.inwigo.fr\/ozio\/wp-json\/wp\/v2\/types\/product"}],"replies":[{"embeddable":true,"href":"https:\/\/dev-ozio.inwigo.fr\/ozio\/wp-json\/wp\/v2\/comments?post=38587"}],"wp:featuredmedia":[{"embeddable":true,"href":"https:\/\/dev-ozio.inwigo.fr\/ozio\/wp-json\/wp\/v2\/media\/45596"}],"wp:attachment":[{"href":"https:\/\/dev-ozio.inwigo.fr\/ozio\/wp-json\/wp\/v2\/media?parent=38587"}],"wp:term":[{"taxonomy":"brand","embeddable":true,"href":"https:\/\/dev-ozio.inwigo.fr\/ozio\/wp-json\/wp\/v2\/etheme_brands?post=38587"},{"taxonomy":"product_brand","embeddable":true,"href":"https:\/\/dev-ozio.inwigo.fr\/ozio\/wp-json\/wp\/v2\/product_brand?post=38587"},{"taxonomy":"product_cat","embeddable":true,"href":"https:\/\/dev-ozio.inwigo.fr\/ozio\/wp-json\/wp\/v2\/product_cat?post=38587"},{"taxonomy":"product_tag","embeddable":true,"href":"https:\/\/dev-ozio.inwigo.fr\/ozio\/wp-json\/wp\/v2\/product_tag?post=38587"}],"curies":[{"name":"wp","href":"https:\/\/api.w.org\/{rel}","templated":true}]}}