{"id":40256,"date":"2022-10-18T10:58:07","date_gmt":"2022-10-18T08:58:07","guid":{"rendered":"https:\/\/www.ozio.eu\/?post_type=product&#038;p=40256"},"modified":"2025-07-29T12:27:44","modified_gmt":"2025-07-29T10:27:44","slug":"veste-velo-hiver-jaque","status":"publish","type":"product","link":"https:\/\/dev-ozio.inwigo.fr\/ozio\/produit\/veste-velo-hiver-jaque\/","title":{"rendered":"Veste v\u00e9lo hiver matelass\u00e9e JAQUE"},"content":{"rendered":"<p>[vc_row _et_uniqid=\u00a0\u00bbet_custom_uniqid_new_612f8c2960d6e\u00a0\u00bb][vc_column][vc_column_text]<\/p>\n<h2><b>Une veste v\u00e9lo hiver l\u00e9g\u00e8re qui s\u2019adapte \u00e0 tous vos d\u00e9placements.<\/b><\/h2>\n<p>La veste v\u00e9lo hiver JAQUE sera votre meilleure alli\u00e9e pour vos sorties v\u00e9lo ou pour toutes activit\u00e9s outdoor <strong>entre 0 et 15\u00b0C<\/strong>. Une veste chaude de cyclisme, con\u00e7ue pour vous <strong>prot\u00e9ger du froid<\/strong> : le <strong>tissu isolant<\/strong> (technologie brevet\u00e9e Primaloft Silver\u00ae) retient la chaleur corporelle pour vous garder au chaud tout en vous assurant une <strong>grande respirabilit\u00e9<\/strong>.<br \/>\nSes manches longues poss\u00e8dent un tissu souple aux poignets <strong>pour am\u00e9liorer la coupe<\/strong> et \u00e9viter \u00e0 l\u2019air de p\u00e9n\u00e9trer. <strong>L\u00e9g\u00e8re<\/strong>, elle vous offre une <strong>libert\u00e9 de mouvement incomparable<\/strong>, pour faciliter vos efforts \u00e0 v\u00e9lo.[\/vc_column_text][vc_tta_accordion style=\u00a0\u00bbflat\u00a0\u00bb shape=\u00a0\u00bbsquare\u00a0\u00bb color=\u00a0\u00bbwhite\u00a0\u00bb active_section=\u00a0\u00bb56&Prime; no_fill=\u00a0\u00bbtrue\u00a0\u00bb collapsible_all=\u00a0\u00bbtrue\u00a0\u00bb][vc_tta_section tab_id=\u00a0\u00bbdescription1148d-d6b7&Prime; title=\u00a0\u00bbLes points forts\u00a0\u00bb][vc_column_text]JAQUE est la veste v\u00e9lo hiver <strong>pour le VTT, le Gravel et la route<\/strong> que vous recherchez. La pratique du cyclisme en hiver requiert de porter des \u00e9quipements adapt\u00e9s. C\u2019est pourquoi Ozio a d\u00e9velopp\u00e9 cette veste de cyclisme d\u2019hiver. Elle a \u00e9t\u00e9 con\u00e7ue selon des crit\u00e8res de <strong>respirabilit\u00e9<\/strong> et de <strong>protection thermique.<\/strong><\/p>\n<ul>\n<li>un <strong>zip bi-directionne<\/strong>l pour une ouverture facile et un <strong>acc\u00e8s aux poches du maillot<\/strong> facilit\u00e9. Celui-ci est prot\u00e9g\u00e9 sur le haut de la veste pour \u00e9viter toute g\u00eane au niveau du cou et en bas pour ne pas frotter et ab\u00eemer le collant.<\/li>\n<li>pr\u00e9sence de <strong>plusieurs poches<\/strong>, dont <strong>une zipp\u00e9e<\/strong> \u00e0 l\u2019arri\u00e8re.<\/li>\n<li>une <strong>l\u00e9g\u00e8ret\u00e9<\/strong> exceptionnelle qui garantit un s\u00e9chage rapide.<\/li>\n<li>facilement <strong>compactable<\/strong> pour les cyclistes au long cours.<\/li>\n<\/ul>\n<p>[\/vc_column_text][\/vc_tta_section][vc_tta_section tab_id=\u00a0\u00bbdescription2148d-d6b7&Prime; title=\u00a0\u00bbPour aller plus loin\u00a0\u00bb][vc_column_text]Une veste de cyclisme <strong>unisexe<\/strong> pour vos sorties v\u00e9lo hivernales : son design intemporel conviendra aux cyclistes hommes comme femmes. La veste matelass\u00e9e JAQUE s\u2019associe parfaitement avec notre baselayer <a href=\"https:\/\/www.ozio.eu\/produit\/baselayer-velo-technique-merinos\/\" target=\"_blank\" rel=\"noopener\">FAHRENHEIT<\/a> en m\u00e9rinos ou avec nos <a href=\"https:\/\/www.ozio.eu\/c\/vetements-velo-homme\/hauts-hommes\/maillots-velo-manches-longues-homme\/\" target=\"_blank\" rel=\"noopener\">maillots manches longues<\/a> pour l\u2019hiver.[\/vc_column_text][\/vc_tta_section][vc_tta_section i_position=\u00a0\u00bbright\u00a0\u00bb i_icon_fontawesome=\u00a0\u00bbfas fa-comment\u00a0\u00bb add_icon=\u00a0\u00bbtrue\u00a0\u00bb title=\u00a0\u00bbEntre vous et moi\u00a0\u00bb tab_id=\u00a0\u00bbentrevsetmoi4148d-d6b7&Prime;][vc_column_text]Dans la continuit\u00e9 du <a href=\"https:\/\/www.ozio.eu\/produit\/gilet-matelasse-jaque\/\" target=\"_blank\" rel=\"noopener\">gilet JAQUE<\/a>, d\u00e9couvrez cette fois sa <strong>version manches longues<\/strong> qui s\u2019adaptera \u00e0 des <strong>temp\u00e9ratures plus fra\u00eeches<\/strong>. Avec sa coupe ajust\u00e9e adapt\u00e9e \u00e0 tous les cyclistes, elle sera la veste id\u00e9ale de cyclisme pour l\u2019hiver. Optez pour <strong>l\u2019\u00e9l\u00e9gance et la simplicit\u00e9 en noir<\/strong> ou pour notre coloris <strong>orange, plus d\u00e9tonant<\/strong> ! Une veste de v\u00e9lo chaude et pratique qui m\u2019accompagnera sur les routes d\u00e8s cet automne.[\/vc_column_text][\/vc_tta_section][\/vc_tta_accordion][vc_raw_html]JTVCYmxvY2slMjBpZCUzRCUyMjMzOTUyJTIyJTVE[\/vc_raw_html][\/vc_column][\/vc_row]<\/p>\n","protected":false},"excerpt":{"rendered":"<p>D\u00e9couvrez la veste matelass\u00e9e JAQUE. Cette veste v\u00e9lo hiver allie chaleur, l\u00e9g\u00e8ret\u00e9 et facilit\u00e9 de mouvement. Elle vous prot\u00e9gera avec style contre le froid et le vent.<\/p>\n","protected":false},"featured_media":47461,"comment_status":"open","ping_status":"closed","template":"","meta":{"_acf_changed":false},"etheme_brands":[],"product_brand":[],"product_cat":[732,733,734,454,568,555,481,482,461,521,675,674,669,703,702,465,485,486,484],"product_tag":[],"class_list":{"0":"post-40256","1":"product","2":"type-product","3":"status-publish","4":"has-post-thumbnail","6":"product_cat-destockage-hiver-2025","7":"product_cat-destockage-hiver-femme-2025","8":"product_cat-destockage-hiver-homme-2025","9":"product_cat-vetements-velo-femme","10":"product_cat-hauts-femme","11":"product_cat-hauts-homme","12":"product_cat-hiver-femme","13":"product_cat-hiver-homme","14":"product_cat-vetements-velo-homme","15":"product_cat-soldes","16":"product_cat-soldes-femme","17":"product_cat-soldes-homme","18":"product_cat-ensemble-veste-collant-homme","19":"product_cat-ensemble-veste-collant-femme","20":"product_cat-veste-hiver-femme","21":"product_cat-vestes-homme","22":"product_cat-gravel-homme","23":"product_cat-route-homme","24":"product_cat-vtt-homme","26":"first","27":"outofstock","28":"taxable","29":"shipping-taxable","30":"product-type-variable"},"acf":[],"_links":{"self":[{"href":"https:\/\/dev-ozio.inwigo.fr\/ozio\/wp-json\/wp\/v2\/product\/40256","targetHints":{"allow":["GET"]}}],"collection":[{"href":"https:\/\/dev-ozio.inwigo.fr\/ozio\/wp-json\/wp\/v2\/product"}],"about":[{"href":"https:\/\/dev-ozio.inwigo.fr\/ozio\/wp-json\/wp\/v2\/types\/product"}],"replies":[{"embeddable":true,"href":"https:\/\/dev-ozio.inwigo.fr\/ozio\/wp-json\/wp\/v2\/comments?post=40256"}],"wp:featuredmedia":[{"embeddable":true,"href":"https:\/\/dev-ozio.inwigo.fr\/ozio\/wp-json\/wp\/v2\/media\/47461"}],"wp:attachment":[{"href":"https:\/\/dev-ozio.inwigo.fr\/ozio\/wp-json\/wp\/v2\/media?parent=40256"}],"wp:term":[{"taxonomy":"brand","embeddable":true,"href":"https:\/\/dev-ozio.inwigo.fr\/ozio\/wp-json\/wp\/v2\/etheme_brands?post=40256"},{"taxonomy":"product_brand","embeddable":true,"href":"https:\/\/dev-ozio.inwigo.fr\/ozio\/wp-json\/wp\/v2\/product_brand?post=40256"},{"taxonomy":"product_cat","embeddable":true,"href":"https:\/\/dev-ozio.inwigo.fr\/ozio\/wp-json\/wp\/v2\/product_cat?post=40256"},{"taxonomy":"product_tag","embeddable":true,"href":"https:\/\/dev-ozio.inwigo.fr\/ozio\/wp-json\/wp\/v2\/product_tag?post=40256"}],"curies":[{"name":"wp","href":"https:\/\/api.w.org\/{rel}","templated":true}]}}