{"id":41882,"date":"2023-03-03T16:10:22","date_gmt":"2023-03-03T15:10:22","guid":{"rendered":"https:\/\/www.ozio.eu\/?post_type=product&#038;p=41882"},"modified":"2025-06-23T15:32:28","modified_gmt":"2025-06-23T13:32:28","slug":"gilet-coupe-vent-velo-leader","status":"publish","type":"product","link":"https:\/\/dev-ozio.inwigo.fr\/ozio\/produit\/gilet-coupe-vent-velo-leader\/","title":{"rendered":"Gilet coupe-vent v\u00e9lo LEADER"},"content":{"rendered":"<p>[vc_row _et_uniqid=\u00a0\u00bbet_custom_uniqid_new_612f8c2960d6e\u00a0\u00bb][vc_column][vc_column_text]Efficacit\u00e9, l\u00e9g\u00e8ret\u00e9 et technicit\u00e9 sont les atouts du gilet coupe-vent LEADER.[\/vc_column_text][vc_tta_accordion section_title_tag=\u00a0\u00bbh2&Prime; style=\u00a0\u00bbflat\u00a0\u00bb shape=\u00a0\u00bbsquare\u00a0\u00bb color=\u00a0\u00bbwhite\u00a0\u00bb active_section=\u00a0\u00bb56&Prime; no_fill=\u00a0\u00bbtrue\u00a0\u00bb collapsible_all=\u00a0\u00bbtrue\u00a0\u00bb][vc_tta_section tab_id=\u00a0\u00bbdescription2f589-6538&Prime; title=\u00a0\u00bbUne protection efficace contre le vent et le froid\u00a0\u00bb][vc_column_text]<\/p>\n<p data-pm-slice=\"1 1 []\">Notre gilet coupe-vent de v\u00e9lo LEADER a \u00e9t\u00e9 con\u00e7u avec <strong>trois tissus<\/strong> diff\u00e9rents pour<strong> vous prot\u00e9ger<\/strong> au mieux de la fra\u00eecheur et du vent . Le tissu positionn\u00e9 \u00e0 l&rsquo;avant poss\u00e8de une membrane coupe-vent qui <strong>emp\u00eache \u00e0 l&rsquo;air de passer<\/strong>, et celui positionn\u00e9 \u00e0 l&rsquo;arri\u00e8re est <strong>un tissu ajour\u00e9<\/strong>, en mesh, qui permet une <strong>excellente respirabilit\u00e9<\/strong>. Ensuite, pour s\u2019adapter \u00e0 toutes les morphologies et pour palier aux poches d&rsquo;un maillot bien remplies, le tissu positionn\u00e9 lat\u00e9ralement est <strong>\u00e9lastique<\/strong>. Le col remonte suffisamment haut pour <strong>prot\u00e9ger votre cou<\/strong> et \u00e9viter au vent de s\u2019engouffrer dans la veste.<\/p>\n<p>Pour une excellente ventilation, nous avons choisi un<strong> zip bi-directionnel<\/strong>. Vous pourrez ainsi ouvrir le gilet par le bas lorsque vous aurez besoin de fra\u00eecheur (mont\u00e9e de col par exemple). Il sera ensuite tr\u00e8s facile de redescendre le zip au moment de la bascule dans la descente.[\/vc_column_text][\/vc_tta_section][vc_tta_section tab_id=\u00a0\u00bbdescription1f589-6538&Prime; title=\u00a0\u00bbSuper l\u00e9ger\u00a0\u00bb][vc_column_text]<\/p>\n<p data-pm-slice=\"1 1 []\">Son tr\u00e8s <strong>faible poids<\/strong> (85 grammes en taille M) et son tr\u00e8s <strong>faible encombrement<\/strong> une fois pli\u00e9 (tient dans une poche de maillot manches courtes) vous permettront de l&#8217;emporter partout, sur toutes vos sorties.<\/p>\n<p>[\/vc_column_text][\/vc_tta_section][vc_tta_section tab_id=\u00a0\u00bbdescription3f589-6538&Prime; title=\u00a0\u00bbUn acc\u00e8s aux poches du maillot facilit\u00e9\u00a0\u00bb][vc_column_text]<\/p>\n<p data-pm-slice=\"1 1 []\">Notre gilet coupe-vent <strong>offre un avantage<\/strong> ind\u00e9niable par rapport \u00e0 ceux des autres marques ! Nous avons longuement r\u00e9fl\u00e9chi avec notre fabricant, et d\u00e9velopp\u00e9 plusieurs prototypes, afin de vous proposer une v\u00eatement qui permette d&rsquo;<strong>acc\u00e9der aux poches du maillot<\/strong> port\u00e9 en dessous. Comment est-ce possible ? Par ses <strong>deux ouvertures<\/strong> situ\u00e9es \u00e0 la hauteur des poches arri\u00e8res du maillot. Tr\u00e8s pratique pour chercher quelque chose dans une poche en roulant, il n&rsquo;y a <strong>plus besoin de soulever<\/strong> le coupe-vent.<\/p>\n<p>[\/vc_column_text][\/vc_tta_section][vc_tta_section tab_id=\u00a0\u00bbdescription4f589-6538&Prime; title=\u00a0\u00bbQuand mettre un gilet coupe-vent ?\u00a0\u00bb][vc_column_text]<\/p>\n<p data-pm-slice=\"1 1 []\">Cette veste coupe-vent vous sera utile lors des <strong>d\u00e9parts \u00e0 la fra\u00eeche<\/strong>, des <strong>descentes de cols<\/strong> ou lors des <strong>m\u00e9t\u00e9os changeantes<\/strong>, voir m\u00eame pour vous prot\u00e9ger d&rsquo;une fine pluie. Et gr\u00e2ce \u00e0 sa l\u00e9g\u00e8ret\u00e9 et son faible encombrement une fois pli\u00e9, vous pourrez <strong>l&rsquo;enlever en cours de sortie<\/strong> et le ranger dans une poche de votre maillot.<\/p>\n<p>[\/vc_column_text][\/vc_tta_section][vc_tta_section i_position=\u00a0\u00bbright\u00a0\u00bb i_icon_fontawesome=\u00a0\u00bbfas fa-comment\u00a0\u00bb add_icon=\u00a0\u00bbtrue\u00a0\u00bb title=\u00a0\u00bbEntre vous et moi\u00a0\u00bb tab_id=\u00a0\u00bbentrevsetmoi4ba8-e396f589-6538&Prime;][vc_column_text]<\/p>\n<p data-pm-slice=\"1 1 []\">Pour cette veste coupe-vent, j&rsquo;ai d\u00e9cid\u00e9 de vous proposer des couleurs qui <strong>se marieront tr\u00e8s facilement<\/strong> \u00e0 toutes vos tenues, le noir et le blanc. Bien s\u00fbr je n&rsquo;ai pas pu m&#8217;emp\u00eacher de vous proposer ma couleur f\u00e9tiche, <strong>le orange<\/strong> ! En pensant aussi \u00e0 la s\u00e9curit\u00e9.<\/p>\n<p>[\/vc_column_text][\/vc_tta_section][\/vc_tta_accordion][\/vc_column][\/vc_row]<\/p>\n","protected":false},"excerpt":{"rendered":"<p data-pm-slice=\"1 1 []\">L\u00e9ger et peu encombrant, notre gilet coupe-vent de v\u00e9lo LEADER sera votre alli\u00e9 tout au long de l&rsquo;ann\u00e9e<\/p>\n","protected":false},"featured_media":43030,"comment_status":"open","ping_status":"closed","template":"","meta":{"_acf_changed":false},"etheme_brands":[],"product_brand":[],"product_cat":[480,483,454,569,492,461,560,567,485,486,484],"product_tag":[],"class_list":{"0":"post-41882","1":"product","2":"type-product","3":"status-publish","4":"has-post-thumbnail","6":"product_cat-ete-femme","7":"product_cat-ete-homme","8":"product_cat-vetements-velo-femme","9":"product_cat-gilets-coupe-vent-femme","10":"product_cat-gilets-coupe-vent-homme","11":"product_cat-vetements-velo-homme","12":"product_cat-mi-saison-homme","13":"product_cat-mi-saison-femme","14":"product_cat-gravel-homme","15":"product_cat-route-homme","16":"product_cat-vtt-homme","18":"first","19":"outofstock","20":"taxable","21":"shipping-taxable","22":"product-type-variable"},"acf":[],"_links":{"self":[{"href":"https:\/\/dev-ozio.inwigo.fr\/ozio\/wp-json\/wp\/v2\/product\/41882","targetHints":{"allow":["GET"]}}],"collection":[{"href":"https:\/\/dev-ozio.inwigo.fr\/ozio\/wp-json\/wp\/v2\/product"}],"about":[{"href":"https:\/\/dev-ozio.inwigo.fr\/ozio\/wp-json\/wp\/v2\/types\/product"}],"replies":[{"embeddable":true,"href":"https:\/\/dev-ozio.inwigo.fr\/ozio\/wp-json\/wp\/v2\/comments?post=41882"}],"wp:featuredmedia":[{"embeddable":true,"href":"https:\/\/dev-ozio.inwigo.fr\/ozio\/wp-json\/wp\/v2\/media\/43030"}],"wp:attachment":[{"href":"https:\/\/dev-ozio.inwigo.fr\/ozio\/wp-json\/wp\/v2\/media?parent=41882"}],"wp:term":[{"taxonomy":"brand","embeddable":true,"href":"https:\/\/dev-ozio.inwigo.fr\/ozio\/wp-json\/wp\/v2\/etheme_brands?post=41882"},{"taxonomy":"product_brand","embeddable":true,"href":"https:\/\/dev-ozio.inwigo.fr\/ozio\/wp-json\/wp\/v2\/product_brand?post=41882"},{"taxonomy":"product_cat","embeddable":true,"href":"https:\/\/dev-ozio.inwigo.fr\/ozio\/wp-json\/wp\/v2\/product_cat?post=41882"},{"taxonomy":"product_tag","embeddable":true,"href":"https:\/\/dev-ozio.inwigo.fr\/ozio\/wp-json\/wp\/v2\/product_tag?post=41882"}],"curies":[{"name":"wp","href":"https:\/\/api.w.org\/{rel}","templated":true}]}}