{"id":43661,"date":"2023-08-11T15:29:28","date_gmt":"2023-08-11T13:29:28","guid":{"rendered":"https:\/\/www.ozio.eu\/?post_type=product&#038;p=43661"},"modified":"2025-07-15T15:28:28","modified_gmt":"2025-07-15T13:28:28","slug":"collant-velo-team-homme","status":"publish","type":"product","link":"https:\/\/dev-ozio.inwigo.fr\/ozio\/produit\/collant-velo-team-homme\/","title":{"rendered":"Collant TEAM Homme"},"content":{"rendered":"<p>[vc_row][vc_column][vc_column_text]<span style=\"font-weight: 400;\">Quel passionn\u00e9 de cyclisme n\u2019a pas, un jour, redout\u00e9 le retour du froid et des frimas\u2009? Heureusement, bien \u00e9quip\u00e9, l\u2019amateur de v\u00e9lo peut affronter les pires temp\u00e9ratures et parcourir les routes les plus difficiles. Le collant v\u00e9lo Team excelle tout simplement \u00e0 relever ce d\u00e9fi : <\/span><b>confortable et chaud<\/b><span style=\"font-weight: 400;\">, il rendra vos <\/span><b>randonn\u00e9es encore plus agr\u00e9ables<\/b><span style=\"font-weight: 400;\">.<\/span>[\/vc_column_text][vc_tta_accordion section_title_tag=\u00a0\u00bbh2&Prime; style=\u00a0\u00bbflat\u00a0\u00bb shape=\u00a0\u00bbsquare\u00a0\u00bb color=\u00a0\u00bbwhite\u00a0\u00bb active_section=\u00a0\u00bb56&Prime; no_fill=\u00a0\u00bbtrue\u00a0\u00bb collapsible_all=\u00a0\u00bbtrue\u00a0\u00bb][vc_tta_section tab_id=\u00a0\u00bbdescription160eb-e020&Prime; title=\u00a0\u00bbDes qualit\u00e9s techniques qui vous immunisent du froid\u00a0\u00bb][vc_column_text]<span style=\"font-weight: 400;\">Le collant hiver v\u00e9lo Team est taill\u00e9 dans un tissu <\/span><b>molletonn\u00e9 souple et chaud<\/b><span style=\"font-weight: 400;\">, sp\u00e9cialement \u00e9tudi\u00e9 pour offrir au bas de votre corps une agr\u00e9able sensation de bien-\u00eatre. Lorsque le thermom\u00e8tre avoisine le z\u00e9ro degr\u00e9, le port du collant Team associ\u00e9 \u00e0 un de nos <a href=\"https:\/\/www.ozio.eu\/c\/vetements-velo-homme\/hauts-hommes\/maillots-velo-manches-longues-homme\/\" target=\"_blank\" rel=\"noopener\">maillots manches longues<\/a> ou une de nos <a href=\"https:\/\/www.ozio.eu\/c\/vetements-velo-homme\/hauts-hommes\/vestes-homme\/\" target=\"_blank\" rel=\"noopener\">vestes<\/a> est votre meilleur alli\u00e9 : oubliez le froid et concentrez-vous sur <\/span><b>le plaisir de l\u2019effort physique<\/b><span style=\"font-weight: 400;\">\u2009!<\/span>[\/vc_column_text][\/vc_tta_section][vc_tta_section tab_id=\u00a0\u00bbdescription260eb-e020&Prime; title=\u00a0\u00bbLe confort du corps avant tout\u00a0\u00bb][vc_column_text]<span style=\"font-weight: 400;\">Tout est con\u00e7u dans ce cuissard v\u00e9lo d\u2019hiver pour garantir un confort maximal. Cela commence par une peau chamois <a href=\"https:\/\/www.elasticinterface.com\/cycling-pads\/combi-men\/\" target=\"_blank\" rel=\"noopener\">Combi Men<\/a> de chez Elastic Interface pens\u00e9e pour de longues sorties. <\/span><b>Finies les douleurs \u00e0 l\u2019entrejambe<\/b><span style=\"font-weight: 400;\">\u2009! L\u2019insert n\u2019a pas la m\u00eame densit\u00e9 selon les zones de pression, s\u2019adaptant \u00e0 vos positions sur la selle.<\/span><\/p>\n<p><span style=\"font-weight: 400;\">Les d\u00e9coupes du tissu au niveau de l\u2019entrejambe \u00e0 l\u2019avant comme \u00e0 l\u2019arri\u00e8re sont \u00e9tudi\u00e9es pour offrir un maintien parfait de cette partie du corps particuli\u00e8rement sensible. Vous pourrez vous permettre des heures d\u2019effort sur des chemins cahotant sans en ressentir d\u2019effet d\u00e9sagr\u00e9able\u2009!<\/span>[\/vc_column_text][\/vc_tta_section][vc_tta_section title=\u00a0\u00bbUn cuissard long v\u00e9lo prot\u00e9geant votre s\u00e9curit\u00e9\u00a0\u00bb tab_id=\u00a0\u00bbdescription360eb-e020&Prime;][vc_column_text]<span style=\"font-weight: 400;\">Le principal danger encouru par le cycliste, ce sont les voitures. L\u2019hiver, tout particuli\u00e8rement, augmente les risques de collision : la nuit y vient t\u00f4t, les journ\u00e9es sans soleil, tr\u00e8s nuageuses, d\u00e9gradent la visibilit\u00e9.<\/span><\/p>\n<p><span style=\"font-weight: 400;\">Ce collant v\u00e9lo hiver vient compl\u00e9ter les <\/span><b>indispensables \u00e9quipements de s\u00e9curit\u00e9<\/b><span style=\"font-weight: 400;\"> comme les feux de v\u00e9lo avant et arri\u00e8re et le casque : il comporte des logos r\u00e9fl\u00e9chissants sur la fesse et la cuisse gauche. Impossible \u00e0 un automobiliste de ne pas vous remarquer\u2009dans la lumi\u00e8re de ses phares !<\/span>[\/vc_column_text][\/vc_tta_section][vc_tta_section title=\u00a0\u00bbDes coloris discrets et \u00e9l\u00e9gants\u00a0\u00bb tab_id=\u00a0\u00bbdescription45ea-babb\u00a0\u00bb][vc_column_text]<span style=\"font-weight: 400;\">Le plaisir de p\u00e9daler, c\u2019est aussi celui de s\u2019habiller avec des v\u00eatements esth\u00e9tiquement agr\u00e9ables. Le cuissard long v\u00e9lo Team est ainsi propos\u00e9 en deux <\/span><b>coloris aussi sobres que distingu\u00e9s.<\/b><span style=\"font-weight: 400;\"> Un bleu clair et un vert fonc\u00e9, deux couleurs \u00e9vocatrices <\/span><b>de s\u00e9r\u00e9nit\u00e9 et de naturalit\u00e9 <\/b><span style=\"font-weight: 400;\">qui se marient id\u00e9alement avec les teintes plus vives des <a href=\"https:\/\/www.ozio.eu\/c\/vetements-velo-homme\/hauts-hommes\/maillots-velo-manches-longues-homme\/\" target=\"_blank\" rel=\"noopener\">maillots manches longues<\/a> propos\u00e9s par Ozio.<\/span>[\/vc_column_text][\/vc_tta_section][vc_tta_section i_position=\u00a0\u00bbright\u00a0\u00bb i_icon_fontawesome=\u00a0\u00bbfas fa-comment\u00a0\u00bb add_icon=\u00a0\u00bbtrue\u00a0\u00bb title=\u00a0\u00bbEntre vous et moi\u00a0\u00bb tab_id=\u00a0\u00bbentrevsetmoi60eb-e020&Prime;][vc_column_text]<span style=\"font-weight: 400;\">En travaillant sur les produits Ozio, j\u2019ai toujours en t\u00eate un objectif : am\u00e9liorer l\u2019exp\u00e9rience du cycliste pour l\u2019aider \u00e0 <\/span><b>prendre encore plus de plaisir, en toute s\u00e9curit\u00e9<\/b><span style=\"font-weight: 400;\">. Avec ces nouveaux collants Team, je crois avoir r\u00e9ussi \u00e0 vous proposer un produit encore plus confortable.\u00a0<\/span><\/p>\n<p><span style=\"font-weight: 400;\">Il fait oublier la haute technicit\u00e9 de ses caract\u00e9ristiques pour vous laisser profiter au maximum d\u2019une <\/span><b>sensation formidablement agr\u00e9able<\/b><span style=\"font-weight: 400;\">. Avec lui, plus question de rechigner \u00e0 enfourcher votre v\u00e9lo les jours de grisaille. Peut-\u00eatre m\u00eame attendrez-vous impatiemment que le thermom\u00e8tre d\u00e9gringole pour avoir la joie d\u2019enfiler ce cuissard long\u2009?<\/span>[\/vc_column_text][\/vc_tta_section][\/vc_tta_accordion][vc_raw_html]JTVCYmxvY2slMjBpZCUzRCUyMjMyNTYyJTIyJTVE[\/vc_raw_html][\/vc_column][\/vc_row]<\/p>\n","protected":false},"excerpt":{"rendered":"<p>Roulez sans craindre le froid. Le collant v\u00e9lo route TEAM vous prot\u00e8ge tout au long de l&rsquo;hiver.<\/p>\n","protected":false},"featured_media":47340,"comment_status":"open","ping_status":"closed","template":"","meta":{"_acf_changed":false},"etheme_brands":[],"product_brand":[],"product_cat":[497,561,474,737,738,482,461,668,669,486],"product_tag":[],"class_list":{"0":"post-43661","1":"product","2":"type-product","3":"status-publish","4":"has-post-thumbnail","6":"product_cat-collants-homme","7":"product_cat-collants-corsaires-homme","8":"product_cat-destockage-homme","9":"product_cat-destockage-ete-2025","10":"product_cat-destockage-ete-homme-2025","11":"product_cat-hiver-homme","12":"product_cat-vetements-velo-homme","13":"product_cat-ensemble-maillot-collant-corsaire-homme","14":"product_cat-ensemble-veste-collant-homme","15":"product_cat-route-homme","17":"first","18":"instock","19":"sale","20":"taxable","21":"shipping-taxable","22":"purchasable","23":"product-type-variable"},"acf":[],"_links":{"self":[{"href":"https:\/\/dev-ozio.inwigo.fr\/ozio\/wp-json\/wp\/v2\/product\/43661","targetHints":{"allow":["GET"]}}],"collection":[{"href":"https:\/\/dev-ozio.inwigo.fr\/ozio\/wp-json\/wp\/v2\/product"}],"about":[{"href":"https:\/\/dev-ozio.inwigo.fr\/ozio\/wp-json\/wp\/v2\/types\/product"}],"replies":[{"embeddable":true,"href":"https:\/\/dev-ozio.inwigo.fr\/ozio\/wp-json\/wp\/v2\/comments?post=43661"}],"wp:featuredmedia":[{"embeddable":true,"href":"https:\/\/dev-ozio.inwigo.fr\/ozio\/wp-json\/wp\/v2\/media\/47340"}],"wp:attachment":[{"href":"https:\/\/dev-ozio.inwigo.fr\/ozio\/wp-json\/wp\/v2\/media?parent=43661"}],"wp:term":[{"taxonomy":"brand","embeddable":true,"href":"https:\/\/dev-ozio.inwigo.fr\/ozio\/wp-json\/wp\/v2\/etheme_brands?post=43661"},{"taxonomy":"product_brand","embeddable":true,"href":"https:\/\/dev-ozio.inwigo.fr\/ozio\/wp-json\/wp\/v2\/product_brand?post=43661"},{"taxonomy":"product_cat","embeddable":true,"href":"https:\/\/dev-ozio.inwigo.fr\/ozio\/wp-json\/wp\/v2\/product_cat?post=43661"},{"taxonomy":"product_tag","embeddable":true,"href":"https:\/\/dev-ozio.inwigo.fr\/ozio\/wp-json\/wp\/v2\/product_tag?post=43661"}],"curies":[{"name":"wp","href":"https:\/\/api.w.org\/{rel}","templated":true}]}}