{"id":45518,"date":"2024-03-28T14:50:40","date_gmt":"2024-03-28T13:50:40","guid":{"rendered":"https:\/\/www.ozio.eu\/?post_type=product&#038;p=45518"},"modified":"2025-07-29T14:52:10","modified_gmt":"2025-07-29T12:52:10","slug":"cuissard-aero-jusqua-7h-de-velo-sans-bande-silicone-sur-les-cuisses","status":"publish","type":"product","link":"https:\/\/dev-ozio.inwigo.fr\/ozio\/produit\/cuissard-aero-jusqua-7h-de-velo-sans-bande-silicone-sur-les-cuisses\/","title":{"rendered":"Cuissard AERO <br\/>Jusqu&rsquo;\u00e0 7h de v\u00e9lo, sans bande silicone sur les cuisses"},"content":{"rendered":"<p>[vc_row][vc_column][vc_column_text]<\/p>\n<h2 align=\"justify\">Le cuissard v\u00e9lo longues distances AERO, le top du confort !<\/h2>\n<p align=\"justify\">Depuis que les cyclistes amateurs ont acc\u00e8s aux \u00e9quipements et v\u00eatements sportifs professionnels, leur pratique s\u2019est largement d\u00e9velopp\u00e9e et am\u00e9lior\u00e9e. Partir pour de longues routes, <b>rouler une journ\u00e9e enti\u00e8re n\u2019est plus un challenge compliqu\u00e9<\/b>. Le cuissard AERO de la gamme OZIO vient compl\u00e9ter <b>une panoplie d\u2019habits sportifs de haute technicit\u00e9<\/b>.<\/p>\n<p>[\/vc_column_text][vc_tta_accordion section_title_tag=\u00a0\u00bbh2&Prime; style=\u00a0\u00bbflat\u00a0\u00bb shape=\u00a0\u00bbsquare\u00a0\u00bb color=\u00a0\u00bbwhite\u00a0\u00bb active_section=\u00a0\u00bb56&Prime; no_fill=\u00a0\u00bbtrue\u00a0\u00bb collapsible_all=\u00a0\u00bbtrue\u00a0\u00bb][vc_tta_section tab_id=\u00a0\u00bbdescription120bb-bf0a\u00a0\u00bb title=\u00a0\u00bbNi g\u00eane ni glissement, le cuissard AERO est le roi du maintien\u00a0\u00bb][vc_column_text]<\/p>\n<p align=\"justify\">Le cuissard v\u00e9lo longues distances AERO r\u00e9invente le concept de confort avec ses d\u00e9coupes de tissu minimalistes et plac\u00e9es aux endroits strat\u00e9giques. I<b>d\u00e9al pour tenir sur la selle pendant 7 heures<\/b>. Il offre un maintien impeccable et un confort maximal <b>sans la moindre sensation de compression<\/b>. D\u2019ailleurs, il n\u2019a pas de bandes en silicone sur les cuisses. Elles sont devenues inutiles gr\u00e2ce \u00e0 une nouvelle technologie de d\u00e9coupe et d&rsquo;insertion dans le tissu du grip de maintien.<\/p>\n<p>[\/vc_column_text][\/vc_tta_section][vc_tta_section tab_id=\u00a0\u00bbdescription220bb-bf0a\u00a0\u00bb title=\u00a0\u00bbUn cuissard homme technique et confortable\u00a0\u00bb][vc_column_text]<\/p>\n<p align=\"justify\">La conception du cuissard homme AERO s\u2019est appuy\u00e9e sur <b>un tissu souple et confortable,<\/b> qui \u00e9pouse la peau comme une seconde peau. Sa l\u00e9g\u00e8ret\u00e9, sa respirabilit\u00e9 et l\u2019absence presque totale de coutures offrent au cycliste <b>une libert\u00e9 in\u00e9gal\u00e9e<\/b>. Les mat\u00e9riaux utilis\u00e9s assurent une <b>excellente r\u00e9sistance \u00e0 l\u2019abrasion, une gestion optimale de l\u2019humidit\u00e9, et une protection UV<\/b> significative, tout en restant faciles \u00e0 entretenir.<\/p>\n<p>[\/vc_column_text][\/vc_tta_section][vc_tta_section title=\u00a0\u00bbCalqu\u00e9 sur l\u2019anatomie du cycliste\u00a0\u00bb tab_id=\u00a0\u00bbdescription320bb-bf0a\u00a0\u00bb][vc_column_text]<\/p>\n<p align=\"justify\">Le design ergonomique du cuissard v\u00e9lo AERO <b>s\u2019adapte parfaitement \u00e0 l\u2019anatomie masculine <\/b>assurant \u00e0 la fois maintien optimal et confort maximal. La d\u00e9coupe du tissu autour des parties g\u00e9nitales assure une <b>protection et un soutien agr\u00e9ables<\/b>, permettant aux cyclistes de se concentrer pleinement sur leur performance.<\/p>\n<p>[\/vc_column_text][\/vc_tta_section][vc_tta_section title=\u00a0\u00bbLe cuissard v\u00e9lo homme AERO b\u00e9n\u00e9ficie d\u2019un design sobre et raffin\u00e9\u00a0\u00bb tab_id=\u00a0\u00bbdescription4385-4527&Prime;][vc_column_text]<\/p>\n<p align=\"justify\">Avec une esth\u00e9tique \u00e9pur\u00e9e, le cuissard homme AERO <b>allie \u00e9l\u00e9gance et fonctionnalit\u00e9<\/b>. Il est disponible en noir et bleu navy, deux couleurs qui se marient parfaitement avec nos maillots color\u00e9s. Deux logos r\u00e9fl\u00e9chissants, strat\u00e9giquement plac\u00e9s sur la cuisse gauche et \u00e0 l\u2019arri\u00e8re, <b>assurent votre s\u00e9curit\u00e9, vous rendant visible m\u00eame dans des conditions de faible luminosit\u00e9<\/b>.<\/p>\n<p>Vous pouvez associer ce cuissard \u00e0 un de nos <a href=\"https:\/\/www.ozio.eu\/c\/vetements-velo-homme\/hauts-homme\/maillots-velo-manches-courtes-homme\/\" target=\"_blank\" rel=\"noopener\">maillots<\/a>. Vous obtiendrez 20% de remise sur l&rsquo;ensemble ![\/vc_column_text][\/vc_tta_section][vc_tta_section i_position=\u00a0\u00bbright\u00a0\u00bb i_icon_fontawesome=\u00a0\u00bbfas fa-comment\u00a0\u00bb add_icon=\u00a0\u00bbtrue\u00a0\u00bb title=\u00a0\u00bbEntre vous et moi\u00a0\u00bb tab_id=\u00a0\u00bbentrevsetmoi20bb-bf0a\u00a0\u00bb][vc_column_text]<\/p>\n<p align=\"justify\">Nommer une cr\u00e9ation est un art en soi, et pas des plus faciles\u2009! Si j\u2019ai finalement choisi le nom AERO, c\u2019est pour la coupe de ce cuissard. Son <b>design n\u2019est pas seulement con\u00e7u pour le look, mais aussi pour la performance<\/b> : il dessine une <b>silhouette a\u00e9rodynamique <\/b>optimisant l\u2019efficacit\u00e9 du p\u00e9dalage. L\u2019AERO est plus qu\u2019un cuissard, c\u2019est une promesse de libert\u00e9 et de performance pour ceux qui cherchent \u00e0 d\u00e9passer leurs limites.<\/p>\n<p>[\/vc_column_text][\/vc_tta_section][\/vc_tta_accordion][vc_raw_html]JTVCYmxvY2slMjBpZCUzRCUyMjMyMTg3JTIyJTVE[\/vc_raw_html][\/vc_column][\/vc_row]<\/p>\n","protected":false},"excerpt":{"rendered":"<p>Le cuissard v\u00e9lo longues distances AERO est id\u00e9al pour un cyclisme r\u00e9gulier, en endurance. Gr\u00e2ce \u00e0 ses d\u00e9coupes de tissu minimalistes et positionn\u00e9es aux bons endroits, le confort est total !<\/p>\n","protected":false},"featured_media":45953,"comment_status":"open","ping_status":"closed","template":"","meta":{"_acf_changed":false},"etheme_brands":[],"product_brand":[],"product_cat":[495,737,738,483,461,674,667,486],"product_tag":[],"class_list":{"0":"post-45518","1":"product","2":"type-product","3":"status-publish","4":"has-post-thumbnail","6":"product_cat-cuissards-homme","7":"product_cat-destockage-ete-2025","8":"product_cat-destockage-ete-homme-2025","9":"product_cat-ete-homme","10":"product_cat-vetements-velo-homme","11":"product_cat-soldes-homme","12":"product_cat-ensemble-maillot-cuissard-homme","13":"product_cat-route-homme","15":"first","16":"instock","17":"sale","18":"taxable","19":"shipping-taxable","20":"purchasable","21":"product-type-variable"},"acf":[],"_links":{"self":[{"href":"https:\/\/dev-ozio.inwigo.fr\/ozio\/wp-json\/wp\/v2\/product\/45518","targetHints":{"allow":["GET"]}}],"collection":[{"href":"https:\/\/dev-ozio.inwigo.fr\/ozio\/wp-json\/wp\/v2\/product"}],"about":[{"href":"https:\/\/dev-ozio.inwigo.fr\/ozio\/wp-json\/wp\/v2\/types\/product"}],"replies":[{"embeddable":true,"href":"https:\/\/dev-ozio.inwigo.fr\/ozio\/wp-json\/wp\/v2\/comments?post=45518"}],"wp:featuredmedia":[{"embeddable":true,"href":"https:\/\/dev-ozio.inwigo.fr\/ozio\/wp-json\/wp\/v2\/media\/45953"}],"wp:attachment":[{"href":"https:\/\/dev-ozio.inwigo.fr\/ozio\/wp-json\/wp\/v2\/media?parent=45518"}],"wp:term":[{"taxonomy":"brand","embeddable":true,"href":"https:\/\/dev-ozio.inwigo.fr\/ozio\/wp-json\/wp\/v2\/etheme_brands?post=45518"},{"taxonomy":"product_brand","embeddable":true,"href":"https:\/\/dev-ozio.inwigo.fr\/ozio\/wp-json\/wp\/v2\/product_brand?post=45518"},{"taxonomy":"product_cat","embeddable":true,"href":"https:\/\/dev-ozio.inwigo.fr\/ozio\/wp-json\/wp\/v2\/product_cat?post=45518"},{"taxonomy":"product_tag","embeddable":true,"href":"https:\/\/dev-ozio.inwigo.fr\/ozio\/wp-json\/wp\/v2\/product_tag?post=45518"}],"curies":[{"name":"wp","href":"https:\/\/api.w.org\/{rel}","templated":true}]}}