{"id":45797,"date":"2024-04-15T17:10:31","date_gmt":"2024-04-15T15:10:31","guid":{"rendered":"https:\/\/www.ozio.eu\/?post_type=product&#038;p=45797"},"modified":"2025-07-29T12:27:44","modified_gmt":"2025-07-29T10:27:44","slug":"maillot-velo-allroad","status":"publish","type":"product","link":"https:\/\/dev-ozio.inwigo.fr\/ozio\/produit\/maillot-velo-allroad\/","title":{"rendered":"Maillot v\u00e9lo ALLROAD"},"content":{"rendered":"<p>[vc_row][vc_column][vc_column_text]<\/p>\n<h1 align=\"justify\">Le maillot ALLROAD, un maillot v\u00e9lo homme polyvalent<\/h1>\n<p align=\"justify\">Si deux Fran\u00e7ais sur trois pratiquent le v\u00e9lo, une majorit\u00e9 utilise leur v\u00e9lo en ville, et pour beaucoup, occasionnellement. Mais pr\u00e8s de 5 millions de Fran\u00e7ais pratiquent r\u00e9guli\u00e8rement un sport cycliste, v\u00e9lo de course, VTT ou encore randonn\u00e9e. C\u2019est \u00e0 celles et ceux qui p\u00e9dalent tant\u00f4t en Gravel, tant\u00f4t en tout terrain et tant\u00f4t sur route que j\u2019ai pens\u00e9 en <b>cr\u00e9ant Allroad, un maillot v\u00e9lo adapt\u00e9 \u00e0 toutes les pratiques cyclistes<\/b>.<\/p>\n<p>[\/vc_column_text][vc_tta_accordion section_title_tag=\u00a0\u00bbh2&Prime; style=\u00a0\u00bbflat\u00a0\u00bb shape=\u00a0\u00bbsquare\u00a0\u00bb color=\u00a0\u00bbwhite\u00a0\u00bb active_section=\u00a0\u00bb56&Prime; no_fill=\u00a0\u00bbtrue\u00a0\u00bb collapsible_all=\u00a0\u00bbtrue\u00a0\u00bb][vc_tta_section tab_id=\u00a0\u00bbdescription18e52-520f\u00a0\u00bb title=\u00a0\u00bbUn maillot homme ultra-respirant pour un maximum de confort\u00a0\u00bb][vc_column_text]<\/p>\n<p align=\"justify\">Au soleil ou dans la brume, le maillot v\u00e9lo homme manches courtes ALLROAD vous <b>\u00e9vite toute sensation d\u00e9sagr\u00e9able<\/b>. Le tissu technique et l\u00e9ger utilis\u00e9 dans sa confection permet de <b>r\u00e9guler les al\u00e9as climatiques tout comme l\u2019effet de vos efforts<\/b>. La chaleur, la transpiration ne viendront plus vous g\u00eaner dans vos courses.<\/p>\n<p>[\/vc_column_text][\/vc_tta_section][vc_tta_section tab_id=\u00a0\u00bbdescription28e52-520f\u00a0\u00bb title=\u00a0\u00bbDes performances am\u00e9lior\u00e9es avec le maillot v\u00e9lo ALLROAD\u00a0\u00bb][vc_column_text]<\/p>\n<p align=\"justify\">Avec sa <b>coupe ajust\u00e9e<\/b>, ce maillot homme manches courtes est comme <b>une seconde peau<\/b> avec laquelle vous affronterez vos plus beaux d\u00e9fis. Sa conception a\u00e9rodynamique alli\u00e9e \u00e0 un tissu n\u2019offrant <b>aucune r\u00e9sistance \u00e0 l\u2019air ext\u00e9rieur<\/b> vous conduira \u00e0 affronter avec succ\u00e8s de nouvelles aventures cyclistes.<\/p>\n<p>[\/vc_column_text][\/vc_tta_section][vc_tta_section tab_id=\u00a0\u00bb1680015170152-7841205e-0411&Prime; title=\u00a0\u00bbUn maillot v\u00e9lo hommes pratique et fonctionnel\u00a0\u00bb][vc_column_text]<\/p>\n<p align=\"justify\">Un cycliste bien rod\u00e9 ne peut envisager une course ou une randonn\u00e9e de plusieurs heures sans <b>emporter quelques biens indispensables<\/b> : carte bancaire, document d\u2019identit\u00e9, barres \u00e9nerg\u00e9tiques, cl\u00e9s\u2026 Le maillot v\u00e9lo manches courtes ALLROAD est g\u00e9n\u00e9reusement pourvu \u00e0 cet effet, avec <b>ses 3 poches cargo, facilement accessibles pendant l\u2019effort<\/b>.<\/p>\n<p align=\"justify\">Pour vous faciliter la vie, le maillot <b>s\u2019ouvre enti\u00e8rement par le jeu d\u2019un zip<\/b> que vous pouvez actionner d\u2019une seule main. Id\u00e9al lorsqu\u2019une c\u00f4te vous fait beaucoup transpirer par exemple.<\/p>\n<p>Le maillot ALLROAD pourra \u00eatre assorti avec tous nos cuissards, comme le cuissard <a href=\"https:\/\/www.ozio.eu\/produit\/cuissard-bretelles-gravel-tetris\/\" target=\"_blank\" rel=\"noopener\">TETRIS<\/a>.[\/vc_column_text][\/vc_tta_section][vc_tta_section tab_id=\u00a0\u00bb1713196094723-4d834ca0-c335&Prime; title=\u00a0\u00bbSon design motivant est une invitation \u00e0 l\u2019effort\u00a0\u00bb][vc_column_text]<\/p>\n<p align=\"justify\">Chez Ozio, nous soignons toujours l\u2019apparence de nos v\u00eatements. Pourquoi\u2009? Dans le cyclisme, comme dans tout autre sport, <b>le mental importe beaucoup<\/b>. Rev\u00eatir un maillot cycliste homme esth\u00e9tiquement agr\u00e9able donne l\u2019\u00e9lan n\u00e9cessaire pour se lancer sur la route. Le maillot ALLROAD est propos\u00e9 en trois coloris, orange, gris ou vert. Le <b>contraste entre deux tonalit\u00e9s<\/b>, claire et profonde, donne \u00e0 l\u2019ensemble une touche <b>moderne et dynamique<\/b>.<\/p>\n<p>[\/vc_column_text][\/vc_tta_section][vc_tta_section i_position=\u00a0\u00bbright\u00a0\u00bb i_icon_fontawesome=\u00a0\u00bbfas fa-comment\u00a0\u00bb add_icon=\u00a0\u00bbtrue\u00a0\u00bb title=\u00a0\u00bbEntre vous et moi\u00a0\u00bb tab_id=\u00a0\u00bbentrevsetmoi8e52-520f\u00a0\u00bb][vc_column_text]<\/p>\n<p align=\"justify\">Mon travail sur ce maillot v\u00e9lo homme manches courtes a \u00e9t\u00e9 de prendre le meilleur des maillots adapt\u00e9s au Gravel, au VTT, \u00e0 la route. Une fois les \u00e9l\u00e9ments retenus, a\u00e9rodynamisme, r\u00e9gulation thermique, coupe ajust\u00e9e, etc., il s\u2019agissait de les <b>harmoniser dans un maillot utilisable en toutes circonstances<\/b>. J\u2019esp\u00e8re avoir r\u00e9ussi \u00e0 vous offrir un nouveau v\u00eatement sportif confortable et adapt\u00e9 \u00e0 vos pratiques.<\/p>\n<p>[\/vc_column_text][\/vc_tta_section][\/vc_tta_accordion][vc_raw_html]JTVCYmxvY2slMjBpZCUzRCUyMjMyMjAzJTIyJTVE[\/vc_raw_html][\/vc_column][\/vc_row]<\/p>\n","protected":false},"excerpt":{"rendered":"<p>Ce maillot est fait pour vous\u202f! Il vous accompagnera partout, quelque soit votre pratique cycliste.<\/p>\n","protected":false},"featured_media":45900,"comment_status":"open","ping_status":"closed","template":"","meta":{"_acf_changed":false},"etheme_brands":[],"product_brand":[],"product_cat":[737,738,483,555,461,494,679,674,667,485,486,484],"product_tag":[],"class_list":{"0":"post-45797","1":"product","2":"type-product","3":"status-publish","4":"has-post-thumbnail","6":"product_cat-destockage-ete-2025","7":"product_cat-destockage-ete-homme-2025","8":"product_cat-ete-homme","9":"product_cat-hauts-homme","10":"product_cat-vetements-velo-homme","11":"product_cat-maillots-velo-manches-courtes-homme","12":"product_cat-maillots-manches-courtes-ajuste-homme","13":"product_cat-soldes-homme","14":"product_cat-ensemble-maillot-cuissard-homme","15":"product_cat-gravel-homme","16":"product_cat-route-homme","17":"product_cat-vtt-homme","19":"first","20":"instock","21":"sale","22":"taxable","23":"shipping-taxable","24":"purchasable","25":"product-type-variable"},"acf":[],"_links":{"self":[{"href":"https:\/\/dev-ozio.inwigo.fr\/ozio\/wp-json\/wp\/v2\/product\/45797","targetHints":{"allow":["GET"]}}],"collection":[{"href":"https:\/\/dev-ozio.inwigo.fr\/ozio\/wp-json\/wp\/v2\/product"}],"about":[{"href":"https:\/\/dev-ozio.inwigo.fr\/ozio\/wp-json\/wp\/v2\/types\/product"}],"replies":[{"embeddable":true,"href":"https:\/\/dev-ozio.inwigo.fr\/ozio\/wp-json\/wp\/v2\/comments?post=45797"}],"wp:featuredmedia":[{"embeddable":true,"href":"https:\/\/dev-ozio.inwigo.fr\/ozio\/wp-json\/wp\/v2\/media\/45900"}],"wp:attachment":[{"href":"https:\/\/dev-ozio.inwigo.fr\/ozio\/wp-json\/wp\/v2\/media?parent=45797"}],"wp:term":[{"taxonomy":"brand","embeddable":true,"href":"https:\/\/dev-ozio.inwigo.fr\/ozio\/wp-json\/wp\/v2\/etheme_brands?post=45797"},{"taxonomy":"product_brand","embeddable":true,"href":"https:\/\/dev-ozio.inwigo.fr\/ozio\/wp-json\/wp\/v2\/product_brand?post=45797"},{"taxonomy":"product_cat","embeddable":true,"href":"https:\/\/dev-ozio.inwigo.fr\/ozio\/wp-json\/wp\/v2\/product_cat?post=45797"},{"taxonomy":"product_tag","embeddable":true,"href":"https:\/\/dev-ozio.inwigo.fr\/ozio\/wp-json\/wp\/v2\/product_tag?post=45797"}],"curies":[{"name":"wp","href":"https:\/\/api.w.org\/{rel}","templated":true}]}}