{"id":45879,"date":"2024-04-16T16:46:39","date_gmt":"2024-04-16T14:46:39","guid":{"rendered":"https:\/\/www.ozio.eu\/?post_type=product&#038;p=45879"},"modified":"2025-07-30T09:29:40","modified_gmt":"2025-07-30T07:29:40","slug":"combinaison-velo-racer","status":"publish","type":"product","link":"https:\/\/dev-ozio.inwigo.fr\/ozio\/produit\/combinaison-velo-racer\/","title":{"rendered":"Combinaison de v\u00e9lo RACER"},"content":{"rendered":"<p>[vc_row][vc_column][vc_tta_accordion section_title_tag=\u00a0\u00bbh2&Prime; style=\u00a0\u00bbflat\u00a0\u00bb shape=\u00a0\u00bbsquare\u00a0\u00bb color=\u00a0\u00bbwhite\u00a0\u00bb active_section=\u00a0\u00bb1&Prime; no_fill=\u00a0\u00bbtrue\u00a0\u00bb collapsible_all=\u00a0\u00bbtrue\u00a0\u00bb][vc_tta_section tab_id=\u00a0\u00bb1713279136893-3da2edea-4335&Prime; title=\u00a0\u00bbPartez plus l\u00e9ger sur les routes estivales avec la nouvelle combinaison RACER pour cyclistes\u00a0\u00bb][vc_column_text]<span style=\"font-weight: 400;\">\u00c0 mesure que s\u2019\u00e9l\u00e8ve le thermom\u00e8tre et que les beaux jours approchent, la tentation de reprendre le chemin des longues journ\u00e9es \u00e0 v\u00e9lo est grande. <\/span><b>Quitter les v\u00eatements d\u2019hiver pour p\u00e9daler l\u00e9ger, c\u2019est un plaisir augment\u00e9<\/b><span style=\"font-weight: 400;\">. Peut-\u00eatre n\u2019avez-vous encore jamais essay\u00e9 de porter une combinaison pour cycliste. C\u2019est l\u2019occasion d\u2019en d\u00e9couvrir toutes les qualit\u00e9s\u2009!<\/span><\/p>\n<p><span style=\"font-weight: 400;\">\u00a0<\/span><span style=\"font-weight: 400;\">Cette combinaison RACER pour cycliste est la <\/span><b>synergie parfaite entre un maillot pour cyclistes et un cuissard.<\/b><span style=\"font-weight: 400;\"> Id\u00e9ale pour les sorties sur route, elle associe la technicit\u00e9 et l\u2019\u00e9l\u00e9gance, vous permettant de rouler confortablement avec style et efficacit\u00e9.<\/span>[\/vc_column_text][\/vc_tta_section][vc_tta_section title=\u00a0\u00bbUne combinaison v\u00e9lo au confort in\u00e9gal\u00e9\u00a0\u00bb tab_id=\u00a0\u00bb1713279182879-6f5de15a-2c9f\u00a0\u00bb][vc_column_text]<span style=\"font-weight: 400;\">La premi\u00e8re impression qui vous frappera en mettant cette combinaison cycliste est <\/span><b>la l\u00e9g\u00e8ret\u00e9<\/b><span style=\"font-weight: 400;\">. Les trois tissus \u00e9lastiques qui la composent ont \u00e9t\u00e9 \u00e9labor\u00e9s pour donner ce ressenti d\u2019une seconde peau qui se fait imm\u00e9diatement oublier. Mais comme une vraie peau, elle <\/span><b>vous prot\u00e8ge avec une incroyable efficacit\u00e9 <\/b><span style=\"font-weight: 400;\">des al\u00e9as du cyclisme.<\/span><\/p>\n<p><span style=\"font-weight: 400;\">V\u00eatement d\u2019un seul tenant, sans s\u00e9paration entre parties, maillot et cuissard, la combinaison pour cyclistes RACER vous promet <\/span><b>une grande libert\u00e9 de mouvement<\/b><span style=\"font-weight: 400;\"> : pas de coutures g\u00eanantes ni d\u2019entr\u00e9e d\u2019air mal plac\u00e9e\u2009! Une d\u00e9coupe du tissu au laser sur les cuisses, coupl\u00e9e \u00e0 des inserts silicone \u00e0 l&rsquo;int\u00e9rieur du tissu en assure le <\/span><b>maintien parfait<\/b><span style=\"font-weight: 400;\">.<\/span><\/p>\n<p><span style=\"font-weight: 400;\">Les textiles utilis\u00e9s ont \u00e9t\u00e9 particuli\u00e8rement \u00e9tudi\u00e9s pour <\/span><b>r\u00e9guler la temp\u00e9rature de votre corps<\/b><span style=\"font-weight: 400;\">. Destin\u00e9e \u00e0 une utilisation entre 18 et 35 degr\u00e9s, la combinaison vous fait profiter d\u2019une a\u00e9ration maximale. Pendant les fortes chaleurs, la sueur est imm\u00e9diatement \u00e9vacu\u00e9e, vous laissant une sensation agr\u00e9able : <\/span><b>vous pouvez vous consacrer enti\u00e8rement \u00e0 votre exploit sportif\u2009<\/b><span style=\"font-weight: 400;\">!<\/span>[\/vc_column_text][\/vc_tta_section][vc_tta_section title=\u00a0\u00bbAm\u00e9liorez vos performances sur route avec la combinaison RACER\u00a0\u00bb tab_id=\u00a0\u00bb1713279514317-23507ac2-b5cf\u00a0\u00bb][vc_column_text]<span style=\"font-weight: 400;\">La conception de la combinaison RACER pour cyclistes lui conf\u00e8re <\/span><b>un a\u00e9rodynamisme sup\u00e9rieur \u00e0 ce que vous avez toujours connu<\/b><span style=\"font-weight: 400;\">. D\u2019un seul tenant, elle permet \u00e0 l\u2019air de glisser sur votre corps en \u00e9vitant une r\u00e9sistance qui, bien souvent, est l\u2019ennemie du sportif. Avec sa coupe et sa structure ne laissant aucune prise, vous verrez <\/span><b>vos performances s\u2019am\u00e9liorer<\/b><span style=\"font-weight: 400;\">, et ce m\u00eame \u00e0 des temp\u00e9ratures d\u00e9passant les 30 degr\u00e9s.<\/span>[\/vc_column_text][\/vc_tta_section][vc_tta_section title=\u00a0\u00bbUne combinaison cycliste \u00e9pur\u00e9e et pourtant tr\u00e8s pratique\u00a0\u00bb tab_id=\u00a0\u00bb1713279565914-bb3784a6-17ad\u00a0\u00bb][vc_column_text]<span style=\"font-weight: 400;\">Chaque aspect de cette combinaison RACER pour cyclistes a \u00e9t\u00e9 pens\u00e9 pour sa praticit\u00e9. Malgr\u00e9 son aspect a\u00e9rodynamique prononc\u00e9, vous y trouverez pas moins de <\/span><b>trois poches. Elles sont situ\u00e9es dans le dos du v\u00eatement et positionn\u00e9es de fa\u00e7on ergonomique<\/b><span style=\"font-weight: 400;\">, assurant ainsi :<\/span><\/p>\n<ul>\n<li style=\"font-weight: 400;\" aria-level=\"1\"><span style=\"font-weight: 400;\">Une aisance \u00e0 y prendre et remettre leur contenu sans rel\u00e2cher vos efforts,<\/span><\/li>\n<li style=\"font-weight: 400;\" aria-level=\"1\"><span style=\"font-weight: 400;\">Une absence de r\u00e9sistance au vent,\u00a0<\/span><\/li>\n<li style=\"font-weight: 400;\" aria-level=\"1\"><span style=\"font-weight: 400;\">Une contenance vous permettant d\u2019emporter avec vous le n\u00e9cessaire du cycliste : cartes, cl\u00e9s, en-cas.<\/span><\/li>\n<\/ul>\n<p><span style=\"font-weight: 400;\">\u00a0<\/span><span style=\"font-weight: 400;\">Une <b>fermeture par zip plastique<\/b> YKK Camelock laisse la possibilit\u00e9 d\u2019ouvrir la combinaison cycliste d\u2019une seule main, sans forcer et sans vous d\u00e9tourner de vos efforts sur la route.<\/span>[\/vc_column_text][\/vc_tta_section][vc_tta_section title=\u00a0\u00bbUn design d\u2019artiste pour vous sentir fier sur les routes avec la combinaison pour cycliste RACER\u00a0\u00bb tab_id=\u00a0\u00bb1713279622896-fadb8679-ce13&Prime;][vc_column_text]<span style=\"font-weight: 400;\">Inspir\u00e9e par les \u0153uvres d\u2019artistes modernes, comme Vasarely, le p\u00e8re de l\u2019art optique, <\/span><b>le design de cette combinaison cycliste a de quoi attirer l\u2019attention sur les routes et vous faire remarquer<\/b><span style=\"font-weight: 400;\">. Vos performances n\u2019en seront que plus \u00e9panouissantes, combinant esth\u00e9tique et sport. <\/span>[\/vc_column_text][\/vc_tta_section][vc_tta_section i_position=\u00a0\u00bbright\u00a0\u00bb i_icon_fontawesome=\u00a0\u00bbfas fa-comment\u00a0\u00bb add_icon=\u00a0\u00bbtrue\u00a0\u00bb title=\u00a0\u00bbEntre vous et moi\u00a0\u00bb tab_id=\u00a0\u00bb1713279052802-e7105b42-14ee\u00a0\u00bb][vc_column_text]<span style=\"font-weight: 400;\">Voici longtemps que je fais fabriquer mes cr\u00e9ations par <\/span><b>un producteur italien qui est devenu comme un partenaire d\u2019Ozio.<\/b><span style=\"font-weight: 400;\"> Ses comp\u00e9tences en mati\u00e8re de v\u00eatements techniques, la pr\u00e9cision extr\u00eame de ses coupes, le soin apport\u00e9 \u00e0 chaque confection sont l\u2019une des raisons du succ\u00e8s d\u2019Ozio. Cette combinaison pour cyclistes est ainsi une nouvelle cr\u00e9ation franco-italienne, garantie de notre engagement envers la qualit\u00e9, la beaut\u00e9\u2026 et votre satisfaction\u2009! <\/span>[\/vc_column_text][\/vc_tta_section][\/vc_tta_accordion][\/vc_column][\/vc_row]<\/p>\n","protected":false},"excerpt":{"rendered":"<p>La combinaison de v\u00e9lo RACER est un v\u00eatement 2-en-1 qui regroupe un maillot et un cuissard pour un effet seconde peau ind\u00e9niable.<\/p>\n","protected":false},"featured_media":45892,"comment_status":"open","ping_status":"closed","template":"","meta":{"_acf_changed":false},"etheme_brands":[],"product_brand":[],"product_cat":[556,728,737,738,483,555,461,494,679,476,674,486],"product_tag":[],"class_list":{"0":"post-45879","1":"product","2":"type-product","3":"status-publish","4":"has-post-thumbnail","6":"product_cat-bas-homme","7":"product_cat-combinaisons-velo","8":"product_cat-destockage-ete-2025","9":"product_cat-destockage-ete-homme-2025","10":"product_cat-ete-homme","11":"product_cat-hauts-homme","12":"product_cat-vetements-velo-homme","13":"product_cat-maillots-velo-manches-courtes-homme","14":"product_cat-maillots-manches-courtes-ajuste-homme","15":"product_cat-nouveautes-homme","16":"product_cat-soldes-homme","17":"product_cat-route-homme","19":"first","20":"outofstock","21":"sale","22":"taxable","23":"shipping-taxable","24":"purchasable","25":"product-type-variable"},"acf":[],"_links":{"self":[{"href":"https:\/\/dev-ozio.inwigo.fr\/ozio\/wp-json\/wp\/v2\/product\/45879","targetHints":{"allow":["GET"]}}],"collection":[{"href":"https:\/\/dev-ozio.inwigo.fr\/ozio\/wp-json\/wp\/v2\/product"}],"about":[{"href":"https:\/\/dev-ozio.inwigo.fr\/ozio\/wp-json\/wp\/v2\/types\/product"}],"replies":[{"embeddable":true,"href":"https:\/\/dev-ozio.inwigo.fr\/ozio\/wp-json\/wp\/v2\/comments?post=45879"}],"wp:featuredmedia":[{"embeddable":true,"href":"https:\/\/dev-ozio.inwigo.fr\/ozio\/wp-json\/wp\/v2\/media\/45892"}],"wp:attachment":[{"href":"https:\/\/dev-ozio.inwigo.fr\/ozio\/wp-json\/wp\/v2\/media?parent=45879"}],"wp:term":[{"taxonomy":"brand","embeddable":true,"href":"https:\/\/dev-ozio.inwigo.fr\/ozio\/wp-json\/wp\/v2\/etheme_brands?post=45879"},{"taxonomy":"product_brand","embeddable":true,"href":"https:\/\/dev-ozio.inwigo.fr\/ozio\/wp-json\/wp\/v2\/product_brand?post=45879"},{"taxonomy":"product_cat","embeddable":true,"href":"https:\/\/dev-ozio.inwigo.fr\/ozio\/wp-json\/wp\/v2\/product_cat?post=45879"},{"taxonomy":"product_tag","embeddable":true,"href":"https:\/\/dev-ozio.inwigo.fr\/ozio\/wp-json\/wp\/v2\/product_tag?post=45879"}],"curies":[{"name":"wp","href":"https:\/\/api.w.org\/{rel}","templated":true}]}}