{"id":47149,"date":"2024-10-01T15:12:40","date_gmt":"2024-10-01T13:12:40","guid":{"rendered":"https:\/\/www.ozio.eu\/?post_type=product&#038;p=47149"},"modified":"2025-06-13T15:03:49","modified_gmt":"2025-06-13T13:03:49","slug":"maillot-velo-hiver-racer","status":"publish","type":"product","link":"https:\/\/dev-ozio.inwigo.fr\/ozio\/produit\/maillot-velo-hiver-racer\/","title":{"rendered":"Maillot v\u00e9lo hiver RACER"},"content":{"rendered":"<p>[vc_row _et_uniqid=\u00a0\u00bbet_custom_uniqid_new_612f8c2960d6e\u00a0\u00bb][vc_column][vc_column_text]<\/p>\n<h2 align=\"justify\">Le maillot v\u00e9lo hiver manches longues RACER : confort, s\u00e9curit\u00e9 et style en toutes saisons<\/h2>\n<p align=\"justify\"><span style=\"font-size: medium;\">Quand l\u2019\u00e9t\u00e9 s\u2019estompe au profit d\u2019un temps pluvieux et de plus en plus froid, c\u2019est l\u00e0 que se teste r\u00e9ellement la d\u00e9termination des cyclistes. Pour <\/span><span style=\"font-size: medium;\"><b>les passionn\u00e9s qui souhaitent pratiquer leur passion tout au long de l\u2019ann\u00e9e,<\/b><\/span><span style=\"font-size: medium;\"> l\u2019\u00e9quipement est un pr\u00e9cieux alli\u00e9. Notre nouveau maillot v\u00e9lo hiver manches longues RACER vient id\u00e9alement r\u00e9pondre \u00e0 vos attentes en la mati\u00e8re. Combinant confort, performance et s\u00e9curit\u00e9, il vous permet de profiter pleinement de vos sorties, quelles que soient les conditions m\u00e9t\u00e9orologiques. D\u00e9couvrez <\/span><span style=\"font-size: medium;\"><b>un \u00e9quipement con\u00e7u pour vous prot\u00e9ger du froid tout en offrant un style unique et des performances optimales<\/b><\/span><span style=\"font-size: medium;\">.<\/span><\/p>\n<p>[\/vc_column_text][vc_tta_accordion style=\u00a0\u00bbflat\u00a0\u00bb shape=\u00a0\u00bbsquare\u00a0\u00bb color=\u00a0\u00bbwhite\u00a0\u00bb active_section=\u00a0\u00bb56&Prime; no_fill=\u00a0\u00bbtrue\u00a0\u00bb collapsible_all=\u00a0\u00bbtrue\u00a0\u00bb][vc_tta_section tab_id=\u00a0\u00bbdescription1abdf-5798&Prime; title=\u00a0\u00bbLe tissu innovant du maillot RACER vous apporte un confort sup\u00e9rieur\u00a0\u00bb][vc_column_text]<\/p>\n<h3 class=\"western\" align=\"justify\">Un tissu technique pour une gestion optimale de la transpiration<\/h3>\n<p align=\"justify\"><span style=\"font-size: medium;\">Le maillot v\u00e9lo hiver manches longues RACER est fabriqu\u00e9 \u00e0 partir d\u2019<\/span><span style=\"font-size: medium;\"><b>un textile respirant et l\u00e9g\u00e8rement capitonn\u00e9, <\/b><\/span><span style=\"font-size: medium;\">sp\u00e9cialement con\u00e7u pour permettre une \u00e9vacuation efficace de la transpiration. Vous resterez au sec m\u00eame pendant vos efforts les plus intenses, ce qui garantit une sensation de confort tout au long de votre sortie. Ce mat\u00e9riau innovant <\/span><span style=\"font-size: medium;\"><b>permet \u00e0 votre peau de respirer tout en maintenant une temp\u00e9rature corporelle id\u00e9ale<\/b><\/span><span style=\"font-size: medium;\">.<\/span><\/p>\n<h3 class=\"western\" align=\"justify\"><a name=\"_v228vaxwz6ko\"><\/a> Une coupe adapt\u00e9e pour une position optimale sur le v\u00e9lo<\/h3>\n<p align=\"justify\"><span style=\"font-size: medium;\">Ce maillot de cycliste est con\u00e7u pour s\u2019<\/span><span style=\"font-size: medium;\"><b>adapter parfaitement \u00e0 votre morphologie et \u00e0 votre position sur le v\u00e9lo.<\/b><\/span><span style=\"font-size: medium;\"> Gr\u00e2ce \u00e0 sa bande de silicone au niveau de la taille, le maillot reste bien en place tout au long de la sortie, \u00e9vitant ainsi les remont\u00e9es intempestives. Quel que soit votre parcours, randonn\u00e9e, Gravel, VTT, etc. vous pouvez rouler sans vous soucier de votre tenue, <\/span><span style=\"font-size: medium;\"><b>enti\u00e8rement concentr\u00e9 sur votre performance<\/b><\/span><span style=\"font-size: medium;\">.<\/span><\/p>\n<p>[\/vc_column_text][\/vc_tta_section][vc_tta_section tab_id=\u00a0\u00bbdescription2abdf-5798&Prime; title=\u00a0\u00bbPerformance et praticit\u00e9 au rendez-vous de vos sorties\u00a0\u00bb][vc_column_text]<\/p>\n<h3 class=\"western\" align=\"justify\">Des poches pratiques pour vos essentiels<\/h3>\n<p align=\"justify\"><span style=\"font-size: medium;\">Lorsque vous partez pour une longue sortie, pouvoir emporter vos objets essentiels est un imp\u00e9ratif : cl\u00e9s, en-cas, papiers, etc. Ce maillot cycliste manches longues RACER est <\/span><span style=\"font-size: medium;\"><b>\u00e9quip\u00e9 de poches cargos pratiques, suffisamment grandes <\/b><\/span><span style=\"font-size: medium;\">pour accueillir tout ce dont vous avez besoin. Une poche zipp\u00e9e suppl\u00e9mentaire assure la s\u00e9curit\u00e9 de vos objets de valeur, tels que votre t\u00e9l\u00e9phone ou vos papiers d\u2019identit\u00e9, sans g\u00eaner votre confort pendant l\u2019effort.<\/span><\/p>\n<h3 class=\"western\" align=\"justify\"><a name=\"_xcanebcacd0v\"><\/a> Fermeture \u00e9clair ajustable pour contr\u00f4ler la ventilation<\/h3>\n<p align=\"justify\"><span style=\"font-size: medium;\">La fermeture \u00e0 glissi\u00e8re pleine longueur permet d\u2019<\/span><span style=\"font-size: medium;\"><b>ajuster la ventilation \u00e0 tout moment, offrant ainsi une grande souplesse dans la r\u00e9gulation de votre temp\u00e9rature corporelle.<\/b><\/span><span style=\"font-size: medium;\"> Que vous soyez en mont\u00e9e ou en descente, un simple geste suffit pour adapter votre maillot manches longues aux conditions ext\u00e9rieures. Vous serez toujours \u00e0 l\u2019aise, quelle que soit la m\u00e9t\u00e9o.<\/span><\/p>\n<p>[\/vc_column_text][\/vc_tta_section][vc_tta_section title=\u00a0\u00bbS\u00e9curit\u00e9 et visibilit\u00e9 accrues avec le maillot v\u00e9lo hiver manches longues RACER\u00a0\u00bb tab_id=\u00a0\u00bb1693841142470-c8cf2bf5-b58d\u00a0\u00bb][vc_column_text]<\/p>\n<p align=\"justify\"><span style=\"font-size: medium;\">Le maillot RACER pour cycliste est disponible dans <\/span><span style=\"font-size: medium;\"><b>un coloris vibrant, entre orange et rouge fluo<\/b><\/span><span style=\"font-size: medium;\">, sp\u00e9cialement pens\u00e9 pour augmenter votre visibilit\u00e9 sur la route. Une s\u00e9curit\u00e9 renforc\u00e9e est indispensable pour les cyclistes, surtout par temps couvert lorsque la luminosit\u00e9 est faible. <\/span><\/p>\n<p align=\"justify\"><span style=\"font-size: medium;\">De plus, des <\/span><span style=\"font-size: medium;\"><b>inserts r\u00e9fl\u00e9chissants<\/b><\/span><span style=\"font-size: medium;\"> sont int\u00e9gr\u00e9s dans le design du maillot, notamment <\/span><span style=\"font-size: medium;\"><b>au niveau des poches arri\u00e8re. <\/b><\/span><span style=\"font-size: medium;\">Un conducteur<\/span><b> <\/b><span style=\"font-size: medium;\">ne peut pas ne pas vous remarquer, m\u00eame dans l\u2019obscurit\u00e9, renfor\u00e7ant ainsi votre s\u00e9curit\u00e9 lors de vos sorties t\u00f4t le matin ou tard le soir.<\/span><\/p>\n<p align=\"justify\">Vous pourrez associer ce maillot \u00e0 <a href=\"https:\/\/www.ozio.eu\/c\/vetements-velo-homme\/bas-homme\/collants-corsaires-homme\/\" target=\"_blank\" rel=\"noopener\">un corsaire ou un collant<\/a> de notre gamme.<\/p>\n<p>[\/vc_column_text][\/vc_tta_section][vc_tta_section title=\u00a0\u00bbUn design pens\u00e9 pour le plaisir et la performance\u00a0\u00bb tab_id=\u00a0\u00bb1727788993756-8f644057-a569&Prime;][vc_column_text]<\/p>\n<p align=\"justify\"><span style=\"font-size: medium;\">Le maillot manches longues RACER pour cycliste n\u2019est pas seulement un \u00e9quipement protecteur, <\/span><span style=\"font-size: medium;\"><b>c\u2019est aussi un v\u00eatement que vous serez heureu<\/b><\/span><span style=\"font-size: medium;\">x de porter. Son design moderne et \u00e9l\u00e9gant, <\/span><span style=\"font-size: medium;\"><b>inspir\u00e9 de l\u2019art optique cher \u00e0 Vasarely,<\/b><\/span><span style=\"font-size: medium;\"> utilisant une couleur \u00e9nergisante, vous donnera envie de monter en selle par tous les temps. <\/span><\/p>\n<p align=\"justify\"><span style=\"font-size: medium;\">Ce maillot a \u00e9t\u00e9 con\u00e7u <\/span><span style=\"font-size: medium;\"><b>par un passionn\u00e9 de cyclisme pour r\u00e9pondre \u00e0 vos besoins sp\u00e9cifiques.<\/b><\/span><span style=\"font-size: medium;\"> Chaque d\u00e9tail a \u00e9t\u00e9 pens\u00e9 pour vous offrir une exp\u00e9rience premium : il \u00e9pouse r\u00e9ellement la forme de votre corps et se fait aussit\u00f4t oublier\u2009!<\/span><\/p>\n<p>[\/vc_column_text][\/vc_tta_section][vc_tta_section i_position=\u00a0\u00bbright\u00a0\u00bb i_icon_fontawesome=\u00a0\u00bbfas fa-comment\u00a0\u00bb add_icon=\u00a0\u00bbtrue\u00a0\u00bb title=\u00a0\u00bbEntre vous et moi\u00a0\u00bb tab_id=\u00a0\u00bbentrevsetmoi4abdf-5798&Prime;][vc_column_text]<\/p>\n<p align=\"justify\"><span style=\"font-size: medium;\">En \u00e9laborant ce maillot manches longues RACER, <\/span><span style=\"font-size: medium;\"><b>j\u2019ai pens\u00e9 le cyclisme comme une aventure<\/b><\/span><span style=\"font-size: medium;\">. Route, montagne, descente, for\u00eat\u2026 sur tous les terrains, c\u2019est une petite odyss\u00e9e que vous vivez \u00e0 chaque sortie, faite de d\u00e9fis, de rencontres, de paysages somptueux et du plaisir de l\u2019effort. Les dessins dynamiques, le confort rass\u00e9r\u00e9nant, les performances thermiques de ce maillot en font <\/span><span style=\"font-size: medium;\"><b>le compagnon fid\u00e8le de vos exp\u00e9ditions cyclistes<\/b><\/span><span style=\"font-size: medium;\">.<\/span><\/p>\n<p>[\/vc_column_text][\/vc_tta_section][\/vc_tta_accordion][vc_raw_html]JTVCYmxvY2slMjBpZCUzRCUyMjMzOTUyJTIyJTVE[\/vc_raw_html][\/vc_column][\/vc_row]<\/p>\n","protected":false},"excerpt":{"rendered":"<p>Le nouveau <strong>maillot v\u00e9lo hiver RACER<\/strong> vous permet de rouler avec un <strong>maillot confortable et au design unique<\/strong>.<\/p>\n","protected":false},"featured_media":47462,"comment_status":"open","ping_status":"closed","template":"","meta":{"_acf_changed":false},"etheme_brands":[],"product_brand":[],"product_cat":[474,737,738,555,482,461,668,493,560,485,486,484],"product_tag":[],"class_list":{"0":"post-47149","1":"product","2":"type-product","3":"status-publish","4":"has-post-thumbnail","6":"product_cat-destockage-homme","7":"product_cat-destockage-ete-2025","8":"product_cat-destockage-ete-homme-2025","9":"product_cat-hauts-homme","10":"product_cat-hiver-homme","11":"product_cat-vetements-velo-homme","12":"product_cat-ensemble-maillot-collant-corsaire-homme","13":"product_cat-maillots-velo-manches-longues-homme","14":"product_cat-mi-saison-homme","15":"product_cat-gravel-homme","16":"product_cat-route-homme","17":"product_cat-vtt-homme","19":"first","20":"outofstock","21":"taxable","22":"shipping-taxable","23":"product-type-variable"},"acf":[],"_links":{"self":[{"href":"https:\/\/dev-ozio.inwigo.fr\/ozio\/wp-json\/wp\/v2\/product\/47149","targetHints":{"allow":["GET"]}}],"collection":[{"href":"https:\/\/dev-ozio.inwigo.fr\/ozio\/wp-json\/wp\/v2\/product"}],"about":[{"href":"https:\/\/dev-ozio.inwigo.fr\/ozio\/wp-json\/wp\/v2\/types\/product"}],"replies":[{"embeddable":true,"href":"https:\/\/dev-ozio.inwigo.fr\/ozio\/wp-json\/wp\/v2\/comments?post=47149"}],"wp:featuredmedia":[{"embeddable":true,"href":"https:\/\/dev-ozio.inwigo.fr\/ozio\/wp-json\/wp\/v2\/media\/47462"}],"wp:attachment":[{"href":"https:\/\/dev-ozio.inwigo.fr\/ozio\/wp-json\/wp\/v2\/media?parent=47149"}],"wp:term":[{"taxonomy":"brand","embeddable":true,"href":"https:\/\/dev-ozio.inwigo.fr\/ozio\/wp-json\/wp\/v2\/etheme_brands?post=47149"},{"taxonomy":"product_brand","embeddable":true,"href":"https:\/\/dev-ozio.inwigo.fr\/ozio\/wp-json\/wp\/v2\/product_brand?post=47149"},{"taxonomy":"product_cat","embeddable":true,"href":"https:\/\/dev-ozio.inwigo.fr\/ozio\/wp-json\/wp\/v2\/product_cat?post=47149"},{"taxonomy":"product_tag","embeddable":true,"href":"https:\/\/dev-ozio.inwigo.fr\/ozio\/wp-json\/wp\/v2\/product_tag?post=47149"}],"curies":[{"name":"wp","href":"https:\/\/api.w.org\/{rel}","templated":true}]}}