{"id":48526,"date":"2025-03-13T16:45:09","date_gmt":"2025-03-13T15:45:09","guid":{"rendered":"https:\/\/www.ozio.eu\/?post_type=product&#038;p=48526"},"modified":"2025-07-30T09:26:25","modified_gmt":"2025-07-30T07:26:25","slug":"maillot-velo-manches-courtes-silk","status":"publish","type":"product","link":"https:\/\/dev-ozio.inwigo.fr\/ozio\/produit\/maillot-velo-manches-courtes-silk\/","title":{"rendered":"Maillot v\u00e9lo SILK"},"content":{"rendered":"<p>[vc_row _et_uniqid=\u00a0\u00bbet_custom_uniqid_new_612f8c2960d6e\u00a0\u00bb][vc_column][vc_column_text]<\/p>\n<p align=\"justify\"><span style=\"font-size: medium;\"><b>Maillot v\u00e9lo manches courtes SILK : l\u2019alliance parfaite de la l\u00e9g\u00e8ret\u00e9 et de l\u2019\u00e9l\u00e9gance<\/b><\/span><\/p>\n<p align=\"justify\"><span style=\"font-size: medium;\">Filer sur l\u2019asphalte, encha\u00eener les virages sur les sentiers bois\u00e9s, attaquer une belle mont\u00e9e\u2026 Chaque course, chaque d\u00e9fi, chaque moment de pur bonheur m\u00e9rite un maillot procurant \u00e0 la fois <\/span><span style=\"font-size: medium;\"><b>confort, technicit\u00e9 et fiert\u00e9<\/b><\/span><span style=\"font-size: medium;\">. C\u2019est dans cet esprit qu\u2019est n\u00e9 SILK, un maillot v\u00e9lo manches courtes au toucher soyeux, \u00e0 la coupe pr\u00e9cise et au design \u00e9pur\u00e9. Disponible en deux coloris vibrants, il a \u00e9t\u00e9 pens\u00e9 pour les <\/span><span style=\"font-size: medium;\"><b>cyclistes exigeants<\/b><\/span><span style=\"font-size: medium;\">, sensibles \u00e0 la qualit\u00e9 comme \u00e0 l\u2019esth\u00e9tique.<\/span><\/p>\n<p>[\/vc_column_text][vc_tta_accordion style=\u00a0\u00bbflat\u00a0\u00bb shape=\u00a0\u00bbsquare\u00a0\u00bb color=\u00a0\u00bbwhite\u00a0\u00bb active_section=\u00a0\u00bb56&Prime; no_fill=\u00a0\u00bbtrue\u00a0\u00bb collapsible_all=\u00a0\u00bbtrue\u00a0\u00bb][vc_tta_section tab_id=\u00a0\u00bbdescription1abdf-5798&Prime; title=\u00a0\u00bbUn maillot v\u00e9lo seconde peau au confort incomparable\u00a0\u00bb][vc_column_text]<\/p>\n<p align=\"justify\"><span style=\"font-size: medium;\">Le maillot v\u00e9lo SILK vous offre une sensation rare, celle d\u2019un <\/span><span style=\"font-size: medium;\"><b>tissu fluide, ultra l\u00e9ger<\/b><\/span><span style=\"font-size: medium;\">, qui \u00e9pouse parfaitement votre morphologie. Gr\u00e2ce \u00e0 sa composition en fibres techniques micro ajour\u00e9es, il assure une <\/span><span style=\"font-size: medium;\"><b>excellente respirabilit\u00e9<\/b><\/span><span style=\"font-size: medium;\">. Il r\u00e9gule efficacement votre temp\u00e9rature corporelle, m\u00eame lors des longues sorties estivales.<\/span><\/p>\n<p align=\"justify\"><span style=\"font-size: medium;\">Con\u00e7u pour ne faire qu\u2019un avec votre peau, il s\u2019oublie d\u00e8s les premiers tours de p\u00e9dale, tout en vous accompagnant dans tous vos efforts.<\/span><\/p>\n<p>[\/vc_column_text][\/vc_tta_section][vc_tta_section tab_id=\u00a0\u00bbdescription2abdf-5798&Prime; title=\u00a0\u00bbPerformance et technicit\u00e9 jusque dans les moindres d\u00e9tails\u00a0\u00bb][vc_column_text]<\/p>\n<p align=\"justify\"><span style=\"font-size: medium;\">La <\/span><span style=\"font-size: medium;\"><b>coupe ajust\u00e9e<\/b><\/span><span style=\"font-size: medium;\"> de ce maillot, combin\u00e9e \u00e0 des mati\u00e8res \u00e0 la fois extensibles et compressives, en fait votre alli\u00e9 pour gagner <\/span><span style=\"font-size: medium;\"><b>en fluidit\u00e9 et en vitesse<\/b><\/span><span style=\"font-size: medium;\">. Chaque couture, chaque finition ont \u00e9t\u00e9 pens\u00e9es pour r\u00e9duire la r\u00e9sistance au vent. R\u00e9sultat : un a\u00e9rodynamisme parfait et des performances qui s\u2019envolent\u2009!<\/span><\/p>\n<p align=\"justify\"><span style=\"font-size: medium;\">Ses manches \u00e0 bord franc assurent <\/span><span style=\"font-size: medium;\"><b>un maintien parfait<\/b><\/span><span style=\"font-size: medium;\"> sans que vous ne vous sentiez trop serr\u00e9. Le tissu principal, \u00e0 la fois doux et structur\u00e9, accompagne vos mouvements <\/span><span style=\"font-size: medium;\"><b>sans jamais vous g\u00eaner<\/b><\/span><span style=\"font-size: medium;\">.<\/span><\/p>\n<p>[\/vc_column_text][\/vc_tta_section][vc_tta_section title=\u00a0\u00bbLe design \u00e9pur\u00e9 du maillot cycliste SILK souligne votre style\u00a0\u00bb tab_id=\u00a0\u00bb1693841142470-c8cf2bf5-b58d\u00a0\u00bb][vc_column_text]<\/p>\n<p align=\"justify\"><span style=\"font-size: medium;\">Le maillot cycliste SILK ne laisse rien au hasard, surtout pas son apparence\u2009! Inspir\u00e9 par l\u2019univers du textile haut de gamme, il se d\u00e9cline en <\/span><span style=\"font-size: medium;\"><b>deux coloris \u00e9l\u00e9gants et profonds<\/b><\/span><span style=\"font-size: medium;\">, con\u00e7us pour se d\u00e9marquer sans ostentation. Bleu ou violet, \u00e0 vous de choisir celui qui vous ressemble.<\/span><\/p>\n<p align=\"justify\"><span style=\"font-size: medium;\">Le jeu de texture <\/span><span style=\"font-size: medium;\"><b>ton sur ton<\/b><\/span><span style=\"font-size: medium;\"> et la ligne sobre du col en font un maillot que vous serez fier de porter, sur la route comme sur les chemins. Un logo r\u00e9fl\u00e9chissant vous fera remarquer sur les routes lors de vos sorties matinales ou vesp\u00e9rales.<\/span><\/p>\n<p>[\/vc_column_text][\/vc_tta_section][vc_tta_section title=\u00a0\u00bbFonctionnalit\u00e9 et praticit\u00e9 toujours au rendez-vous dans ce maillot \u00e9t\u00e9 manches courtes\u00a0\u00bb tab_id=\u00a0\u00bb1727790899507-eff9bd2f-5422&Prime;][vc_column_text]<\/p>\n<p align=\"justify\"><span style=\"font-size: medium;\">Le maillot SILK int\u00e8gre <\/span><span style=\"font-size: medium;\"><b>trois poches dorsales<\/b><\/span><span style=\"font-size: medium;\"> \u00e0 la profondeur id\u00e9ale, renforc\u00e9es pour ne pas se d\u00e9former avec le poids. Vous y glisserez ais\u00e9ment vos barres \u00e9nerg\u00e9tiques, vos cl\u00e9s ou m\u00eame votre coupe-vent.<\/span><\/p>\n<p align=\"justify\"><span style=\"font-size: medium;\">Une <\/span><span style=\"font-size: medium;\"><b>quatri\u00e8me poche zipp\u00e9e <\/b><\/span><span style=\"font-size: medium;\">discr\u00e8tement int\u00e9gr\u00e9e vous permettra de garder en s\u00e9curit\u00e9 vos objets pr\u00e9cieux, m\u00eame sur terrain chaotique. Enfin, le <\/span><span style=\"font-size: medium;\"><b>zip int\u00e9gral<\/b><\/span><span style=\"font-size: medium;\">\u00a0est facile \u00e0 manipuler d\u2019une seule main, m\u00eame en pleine ascension : aucune excuse pour rel\u00e2cher vos efforts\u2009!<\/span><\/p>\n<p>[\/vc_column_text][\/vc_tta_section][vc_tta_section i_position=\u00a0\u00bbright\u00a0\u00bb i_icon_fontawesome=\u00a0\u00bbfas fa-comment\u00a0\u00bb add_icon=\u00a0\u00bbtrue\u00a0\u00bb title=\u00a0\u00bbEntre vous et moi\u00a0\u00bb tab_id=\u00a0\u00bbentrevsetmoi4abdf-5798&Prime;][vc_column_text]<\/p>\n<p align=\"justify\"><span style=\"font-size: medium;\">Cr\u00e9er SILK, c\u2019\u00e9tait relever un d\u00e9fi : conjuguer la <\/span><span style=\"font-size: medium;\"><b>l\u00e9g\u00e8ret\u00e9<\/b><\/span><span style=\"font-size: medium;\"> d\u2019un tissu <\/span><span style=\"font-size: medium;\"><b>hautement technique <\/b><\/span><span style=\"font-size: medium;\">avec l\u2019<\/span><span style=\"font-size: medium;\"><b>\u00e9l\u00e9gance<\/b><\/span><span style=\"font-size: medium;\"> d\u2019un v\u00eatement qu\u2019on aurait envie de porter en toute circonstance. Je voulais un maillot capable de vous accompagner dans <\/span><span style=\"font-size: medium;\"><b>vos longues journ\u00e9es d\u2019\u00e9t\u00e9<\/b><\/span><span style=\"font-size: medium;\">, sur la route, \u00e0 VTT ou en Gravel, sans faire de compromis entre performance, confort et style.<\/span><\/p>\n<p align=\"justify\"><span style=\"font-size: medium;\">Le nom \u00ab\u2009SILK\u2009\u00bb n\u2019est pas anodin : il \u00e9voque cette <\/span><span style=\"font-size: medium;\"><b>sensation unique de glisse, de douceur,<\/b><\/span><span style=\"font-size: medium;\"> presque de silence sur la peau. J\u2019ai travaill\u00e9 main dans la main avec notre fabricant italien pour obtenir cette coupe parfaite, ce tissu a\u00e9rien, ce rendu soign\u00e9. J\u2019esp\u00e8re que ce maillot deviendra pour vous <\/span><span style=\"font-size: medium;\"><b>un incontournable de vos sorties estivales<\/b><\/span><span style=\"font-size: medium;\">, et une vraie source de plaisir, \u00e0 chaque fois que vous le porterez.<\/span><\/p>\n<p>[\/vc_column_text][\/vc_tta_section][\/vc_tta_accordion][vc_raw_html]JTVCYmxvY2slMjBpZCUzRCUyMjMyMjAzJTIyJTVE[\/vc_raw_html][\/vc_column][\/vc_row]<\/p>\n","protected":false},"excerpt":{"rendered":"<p>Le nouveau <strong>maillot v\u00e9lo manches courtes SILK. <\/strong>Design \u00e9lectrisant, couleurs modernes.<\/p>\n","protected":false},"featured_media":48946,"comment_status":"open","ping_status":"closed","template":"","meta":{"_acf_changed":false},"etheme_brands":[],"product_brand":[],"product_cat":[737,738,483,555,461,494,679,476,667,485,486,484],"product_tag":[],"class_list":{"0":"post-48526","1":"product","2":"type-product","3":"status-publish","4":"has-post-thumbnail","6":"product_cat-destockage-ete-2025","7":"product_cat-destockage-ete-homme-2025","8":"product_cat-ete-homme","9":"product_cat-hauts-homme","10":"product_cat-vetements-velo-homme","11":"product_cat-maillots-velo-manches-courtes-homme","12":"product_cat-maillots-manches-courtes-ajuste-homme","13":"product_cat-nouveautes-homme","14":"product_cat-ensemble-maillot-cuissard-homme","15":"product_cat-gravel-homme","16":"product_cat-route-homme","17":"product_cat-vtt-homme","19":"first","20":"instock","21":"sale","22":"taxable","23":"shipping-taxable","24":"purchasable","25":"product-type-variable"},"acf":[],"_links":{"self":[{"href":"https:\/\/dev-ozio.inwigo.fr\/ozio\/wp-json\/wp\/v2\/product\/48526","targetHints":{"allow":["GET"]}}],"collection":[{"href":"https:\/\/dev-ozio.inwigo.fr\/ozio\/wp-json\/wp\/v2\/product"}],"about":[{"href":"https:\/\/dev-ozio.inwigo.fr\/ozio\/wp-json\/wp\/v2\/types\/product"}],"replies":[{"embeddable":true,"href":"https:\/\/dev-ozio.inwigo.fr\/ozio\/wp-json\/wp\/v2\/comments?post=48526"}],"wp:featuredmedia":[{"embeddable":true,"href":"https:\/\/dev-ozio.inwigo.fr\/ozio\/wp-json\/wp\/v2\/media\/48946"}],"wp:attachment":[{"href":"https:\/\/dev-ozio.inwigo.fr\/ozio\/wp-json\/wp\/v2\/media?parent=48526"}],"wp:term":[{"taxonomy":"brand","embeddable":true,"href":"https:\/\/dev-ozio.inwigo.fr\/ozio\/wp-json\/wp\/v2\/etheme_brands?post=48526"},{"taxonomy":"product_brand","embeddable":true,"href":"https:\/\/dev-ozio.inwigo.fr\/ozio\/wp-json\/wp\/v2\/product_brand?post=48526"},{"taxonomy":"product_cat","embeddable":true,"href":"https:\/\/dev-ozio.inwigo.fr\/ozio\/wp-json\/wp\/v2\/product_cat?post=48526"},{"taxonomy":"product_tag","embeddable":true,"href":"https:\/\/dev-ozio.inwigo.fr\/ozio\/wp-json\/wp\/v2\/product_tag?post=48526"}],"curies":[{"name":"wp","href":"https:\/\/api.w.org\/{rel}","templated":true}]}}